{"id":22944,"date":"2020-02-13T15:34:56","date_gmt":"2020-02-13T14:34:56","guid":{"rendered":"https:\/\/www.wilms-tks.de\/?page_id=22944"},"modified":"2020-02-13T15:34:56","modified_gmt":"2020-02-13T14:34:56","slug":"versandlogistik","status":"publish","type":"page","link":"https:\/\/www.wilms-tks.de\/en\/logistics\/versandlogistik\/","title":{"rendered":"Versandlogistik"},"content":{"rendered":"<div class=\"wpb-content-wrapper\"><p>[vc_row row_type=&#8221;row&#8221; use_row_as_full_screen_section=&#8221;no&#8221; type=&#8221;full_width&#8221; text_align=&#8221;left&#8221; background_animation=&#8221;none&#8221; padding_bottom=&#8221;45&#8243; css_animation=&#8221;&#8221; css=&#8221;.vc_custom_1576591986401{padding-top: 10px !important;}&#8221;][vc_column][vc_column_text]<\/p>\n<h1>Versandlogistik<\/h1>\n<ul>\n<li>Qualit\u00e4tskontrolle<\/li>\n<li>Lagerung und Umschlag<\/li>\n<li>Beleglose Kommissionierung<\/li>\n<li>Konfektionierung<\/li>\n<li>Verwiegung<\/li>\n<li>Chargenverfolgung<\/li>\n<li>MHD-FIFO<\/li>\n<li>Temperaturgef\u00fchrt von -25\u00b0C bis +18\u00b0C<\/li>\n<\/ul>\n<p><a href=\"https:\/\/www.wilms-tks.de\/wp-content\/uploads\/2019\/10\/wilms_tks_28.jpg\"><img loading=\"lazy\" decoding=\"async\" class=\"alignright size-medium wp-image-22475\" src=\"https:\/\/www.wilms-tks.de\/wp-content\/uploads\/2019\/10\/wilms_tks_28-300x200.jpg\" alt=\"Versandlogistik\" width=\"300\" height=\"200\" srcset=\"https:\/\/www.wilms-tks.de\/wp-content\/uploads\/2019\/10\/wilms_tks_28-300x200.jpg 300w, https:\/\/www.wilms-tks.de\/wp-content\/uploads\/2019\/10\/wilms_tks_28-768x512.jpg 768w, https:\/\/www.wilms-tks.de\/wp-content\/uploads\/2019\/10\/wilms_tks_28-1024x683.jpg 1024w, https:\/\/www.wilms-tks.de\/wp-content\/uploads\/2019\/10\/wilms_tks_28-550x367.jpg 550w, https:\/\/www.wilms-tks.de\/wp-content\/uploads\/2019\/10\/wilms_tks_28-700x467.jpg 700w, https:\/\/www.wilms-tks.de\/wp-content\/uploads\/2019\/10\/wilms_tks_28-1100x734.jpg 1100w, https:\/\/www.wilms-tks.de\/wp-content\/uploads\/2019\/10\/wilms_tks_28.jpg 1619w\" sizes=\"auto, (max-width: 300px) 100vw, 300px\" \/><\/a>Die Dienste der WILMS Tiefk\u00fchl-Service GmbH umfassen Leistungen wie die Lagerung und Kommissionierung einzelner Paletten, die vom Kunden selbst abgeholt werden, ebenso wie komplexe Logistikprojekte, bei denen das Unternehmen im Auftrag von Gro\u00dfkunden Beschaffung und Logistik vollst\u00e4ndig \u00fcbernimmt.<\/p>\n<p>Zum Angebot geh\u00f6ren aber auch &#8220;einfache&#8221; Lagerdienstleistungen. WILMS Tiefk\u00fchl-Service bietet Lager- und Umschlagskapazit\u00e4ten f\u00fcr temperierte Roh- oder Fertigwaren in den Temperaturbereichen:<\/p>\n<ul>\n<li>TIEFK\u00dcHL (-25 \u00b0C bis -18 \u00b0C)<\/li>\n<li>K\u00dcHL (+0 \u00b0C bis +6 \u00b0C)<\/li>\n<li>TEMPERIERT (+7 \u00b0C bis +11 \u00b0C)<\/li>\n<li>TROCKEN (+18 \u00b0C)<\/li>\n<\/ul>\n<p>Der Kommissionierung kommt in der Lieferkette hinsichtlich Lieferf\u00e4higkeit und Qualit\u00e4t eine bedeutende Rolle zu. Neben spezialisierten und erfahrenen, eigenen Mitarbeitern setzt WILMS Tiefk\u00fchl-Service moderne Technik im Bereich der Kommissionierung ein.<\/p>\n<p>Bereits 2004 f\u00fchrte das Unternehmen neben der Scannertechnologie auch die sprachgest\u00fctzte Kommissionierung (sog. Pick by Voice oder Voice Picking) ein und geh\u00f6rte damit zu den fr\u00fchen Anwendern im Tiefk\u00fchl-Bereich.<\/p>\n<p>Insbesondere bei der Gewichts-, St\u00fcck- oder Kartonkommissionierung beschleunigt Voice Picking die Arbeitsabl\u00e4ufe bei WILMS Tiefk\u00fchl-Service und sichert die hohe Kommissionierqualit\u00e4t.<\/p>\n<p><a href=\"https:\/\/www.wilms-tks.de\/wp-content\/uploads\/2019\/10\/wilms_tks_28.jpg\"><img loading=\"lazy\" decoding=\"async\" class=\"alignnone size-large wp-image-22475\" src=\"https:\/\/www.wilms-tks.de\/wp-content\/uploads\/2019\/10\/wilms_tks_28-1024x683.jpg\" alt=\"Versandlogistik\" width=\"1024\" height=\"683\" srcset=\"https:\/\/www.wilms-tks.de\/wp-content\/uploads\/2019\/10\/wilms_tks_28-1024x683.jpg 1024w, https:\/\/www.wilms-tks.de\/wp-content\/uploads\/2019\/10\/wilms_tks_28-300x200.jpg 300w, https:\/\/www.wilms-tks.de\/wp-content\/uploads\/2019\/10\/wilms_tks_28-768x512.jpg 768w, https:\/\/www.wilms-tks.de\/wp-content\/uploads\/2019\/10\/wilms_tks_28-550x367.jpg 550w, https:\/\/www.wilms-tks.de\/wp-content\/uploads\/2019\/10\/wilms_tks_28-700x467.jpg 700w, https:\/\/www.wilms-tks.de\/wp-content\/uploads\/2019\/10\/wilms_tks_28-1100x734.jpg 1100w, https:\/\/www.wilms-tks.de\/wp-content\/uploads\/2019\/10\/wilms_tks_28.jpg 1619w\" sizes=\"auto, (max-width: 1024px) 100vw, 1024px\" \/><\/a>[\/vc_column_text][\/vc_column][\/vc_row]<\/p>\n<\/div>","protected":false},"excerpt":{"rendered":"<p>[vc_row row_type=&#8221;row&#8221; use_row_as_full_screen_section=&#8221;no&#8221; type=&#8221;full_width&#8221; text_align=&#8221;left&#8221; background_animation=&#8221;none&#8221; padding_bottom=&#8221;45&#8243; css_animation=&#8221;&#8221; css=&#8221;.vc_custom_1576591986401{padding-top: 10px !important;}&#8221;][vc_column][vc_column_text] Versandlogistik Qualit\u00e4tskontrolle Lagerung und Umschlag Beleglose Kommissionierung Konfektionierung Verwiegung Chargenverfolgung MHD-FIFO Temperaturgef\u00fchrt von -25\u00b0C bis +18\u00b0C Die Dienste der WILMS Tiefk\u00fchl-Service GmbH umfassen Leistungen wie die Lagerung und Kommissionierung einzelner Paletten, die vom Kunden&#8230;<\/p>\n","protected":false},"author":1,"featured_media":0,"parent":22635,"menu_order":310,"comment_status":"closed","ping_status":"closed","template":"","meta":{"footnotes":""},"class_list":["post-22944","page","type-page","status-publish","hentry"],"yoast_head":"<!-- This site is optimized with the Yoast SEO plugin v27.0 - https:\/\/yoast.com\/product\/yoast-seo-wordpress\/ -->\n<title>Versandlogistik WILMS TKS temperaturgef\u00fchrte Lebensmittel Logistik Transport Lagerlogistik Kontraktlogistik Handel Grosshandel Speiseeis Nutzeis Eigenmarken<\/title>\n<meta name=\"description\" content=\"Versandlogistik WILMS Tiefk\u00fchl-Service TKS - von einfacher Lagerhaltung bis zu ausgefeilter Kontraktlogistik sind wir kompetent und zuverl\u00e4ssig an Ihrer Seite\" \/>\n<meta name=\"robots\" content=\"index, follow, max-snippet:-1, max-image-preview:large, max-video-preview:-1\" \/>\n<link rel=\"canonical\" href=\"https:\/\/www.wilms-tks.de\/en\/logistics\/versandlogistik\/\" \/>\n<meta property=\"og:locale\" content=\"en_US\" \/>\n<meta property=\"og:type\" content=\"article\" \/>\n<meta property=\"og:title\" content=\"Versandlogistik WILMS TKS temperaturgef\u00fchrte Lebensmittel Logistik Transport Lagerlogistik Kontraktlogistik Handel Grosshandel Speiseeis Nutzeis Eigenmarken\" \/>\n<meta property=\"og:description\" content=\"Versandlogistik WILMS Tiefk\u00fchl-Service TKS - von einfacher Lagerhaltung bis zu ausgefeilter Kontraktlogistik sind wir kompetent und zuverl\u00e4ssig an Ihrer Seite\" \/>\n<meta property=\"og:url\" content=\"https:\/\/www.wilms-tks.de\/en\/logistics\/versandlogistik\/\" \/>\n<meta property=\"og:site_name\" content=\"WILMS Tiefk\u00fchl-Service\" \/>\n<meta property=\"og:image\" content=\"https:\/\/www.wilms-tks.de\/wp-content\/uploads\/2019\/10\/wilms_tks_28-300x200.jpg\" \/>\n<meta name=\"twitter:card\" content=\"summary_large_image\" \/>\n<meta name=\"twitter:label1\" content=\"Est. reading time\" \/>\n\t<meta name=\"twitter:data1\" content=\"1 minute\" \/>\n<script type=\"application\/ld+json\" class=\"yoast-schema-graph\">{\"@context\":\"https:\/\/schema.org\",\"@graph\":[{\"@type\":\"WebPage\",\"@id\":\"https:\/\/www.wilms-tks.de\/en\/logistics\/versandlogistik\/\",\"url\":\"https:\/\/www.wilms-tks.de\/en\/logistics\/versandlogistik\/\",\"name\":\"Versandlogistik WILMS TKS temperaturgef\u00fchrte Lebensmittel Logistik Transport Lagerlogistik Kontraktlogistik Handel Grosshandel Speiseeis Nutzeis Eigenmarken\",\"isPartOf\":{\"@id\":\"https:\/\/www.wilms-tks.de\/en\/#website\"},\"primaryImageOfPage\":{\"@id\":\"https:\/\/www.wilms-tks.de\/en\/logistics\/versandlogistik\/#primaryimage\"},\"image\":{\"@id\":\"https:\/\/www.wilms-tks.de\/en\/logistics\/versandlogistik\/#primaryimage\"},\"thumbnailUrl\":\"https:\/\/www.wilms-tks.de\/wp-content\/uploads\/2019\/10\/wilms_tks_28-300x200.jpg\",\"datePublished\":\"2020-02-13T14:34:56+00:00\",\"description\":\"Versandlogistik WILMS Tiefk\u00fchl-Service TKS - von einfacher Lagerhaltung bis zu ausgefeilter Kontraktlogistik sind wir kompetent und zuverl\u00e4ssig an Ihrer Seite\",\"breadcrumb\":{\"@id\":\"https:\/\/www.wilms-tks.de\/en\/logistics\/versandlogistik\/#breadcrumb\"},\"inLanguage\":\"en-US\",\"potentialAction\":[{\"@type\":\"ReadAction\",\"target\":[\"https:\/\/www.wilms-tks.de\/en\/logistics\/versandlogistik\/\"]}]},{\"@type\":\"ImageObject\",\"inLanguage\":\"en-US\",\"@id\":\"https:\/\/www.wilms-tks.de\/en\/logistics\/versandlogistik\/#primaryimage\",\"url\":\"https:\/\/www.wilms-tks.de\/wp-content\/uploads\/2019\/10\/wilms_tks_28-300x200.jpg\",\"contentUrl\":\"https:\/\/www.wilms-tks.de\/wp-content\/uploads\/2019\/10\/wilms_tks_28-300x200.jpg\"},{\"@type\":\"BreadcrumbList\",\"@id\":\"https:\/\/www.wilms-tks.de\/en\/logistics\/versandlogistik\/#breadcrumb\",\"itemListElement\":[{\"@type\":\"ListItem\",\"position\":1,\"name\":\"Startseite\",\"item\":\"https:\/\/www.wilms-tks.de\/en\/\"},{\"@type\":\"ListItem\",\"position\":2,\"name\":\"Logistics\",\"item\":\"https:\/\/www.wilms-tks.de\/en\/logistics\/\"},{\"@type\":\"ListItem\",\"position\":3,\"name\":\"Versandlogistik\"}]},{\"@type\":\"WebSite\",\"@id\":\"https:\/\/www.wilms-tks.de\/en\/#website\",\"url\":\"https:\/\/www.wilms-tks.de\/en\/\",\"name\":\"WILMS Tiefk\u00fchl-Service\",\"description\":\"Tiefk\u00fchl, Tiefkuehl, kuehl, temperaturgef\u00fchrt, temperaturgefuehrt, TK-Gefl\u00fcgel, TK-Gefluegel, TK-Gem\u00fcse, TK-Gemuese, Kommissionierung, temperaturgef\u00fchrte Lebensmittel, Bioprodukte, Gro\u00dfhandel, Niederkr\u00fcchten, Viersen, Willich, WILMS Tiefk\u00fchl-Service, WILMS TKS\",\"publisher\":{\"@id\":\"https:\/\/www.wilms-tks.de\/en\/#organization\"},\"potentialAction\":[{\"@type\":\"SearchAction\",\"target\":{\"@type\":\"EntryPoint\",\"urlTemplate\":\"https:\/\/www.wilms-tks.de\/en\/?s={search_term_string}\"},\"query-input\":{\"@type\":\"PropertyValueSpecification\",\"valueRequired\":true,\"valueName\":\"search_term_string\"}}],\"inLanguage\":\"en-US\"},{\"@type\":\"Organization\",\"@id\":\"https:\/\/www.wilms-tks.de\/en\/#organization\",\"name\":\"WILMS Tiefk\u00fchl-Service GmbH\",\"url\":\"https:\/\/www.wilms-tks.de\/en\/\",\"logo\":{\"@type\":\"ImageObject\",\"inLanguage\":\"en-US\",\"@id\":\"https:\/\/www.wilms-tks.de\/en\/#\/schema\/logo\/image\/\",\"url\":\"https:\/\/www.wilms-tks.de\/wp-content\/uploads\/2019\/12\/Logo-RGB-ohne-Schrift_weiss.jpg\",\"contentUrl\":\"https:\/\/www.wilms-tks.de\/wp-content\/uploads\/2019\/12\/Logo-RGB-ohne-Schrift_weiss.jpg\",\"width\":334,\"height\":476,\"caption\":\"WILMS Tiefk\u00fchl-Service GmbH\"},\"image\":{\"@id\":\"https:\/\/www.wilms-tks.de\/en\/#\/schema\/logo\/image\/\"}}]}<\/script>\n<!-- \/ Yoast SEO plugin. -->","yoast_head_json":{"title":"Versandlogistik WILMS TKS temperaturgef\u00fchrte Lebensmittel Logistik Transport Lagerlogistik Kontraktlogistik Handel Grosshandel Speiseeis Nutzeis Eigenmarken","description":"Versandlogistik WILMS Tiefk\u00fchl-Service TKS - von einfacher Lagerhaltung bis zu ausgefeilter Kontraktlogistik sind wir kompetent und zuverl\u00e4ssig an Ihrer Seite","robots":{"index":"index","follow":"follow","max-snippet":"max-snippet:-1","max-image-preview":"max-image-preview:large","max-video-preview":"max-video-preview:-1"},"canonical":"https:\/\/www.wilms-tks.de\/en\/logistics\/versandlogistik\/","og_locale":"en_US","og_type":"article","og_title":"Versandlogistik WILMS TKS temperaturgef\u00fchrte Lebensmittel Logistik Transport Lagerlogistik Kontraktlogistik Handel Grosshandel Speiseeis Nutzeis Eigenmarken","og_description":"Versandlogistik WILMS Tiefk\u00fchl-Service TKS - von einfacher Lagerhaltung bis zu ausgefeilter Kontraktlogistik sind wir kompetent und zuverl\u00e4ssig an Ihrer Seite","og_url":"https:\/\/www.wilms-tks.de\/en\/logistics\/versandlogistik\/","og_site_name":"WILMS Tiefk\u00fchl-Service","og_image":[{"url":"https:\/\/www.wilms-tks.de\/wp-content\/uploads\/2019\/10\/wilms_tks_28-300x200.jpg","type":"","width":"","height":""}],"twitter_card":"summary_large_image","twitter_misc":{"Est. reading time":"1 minute"},"schema":{"@context":"https:\/\/schema.org","@graph":[{"@type":"WebPage","@id":"https:\/\/www.wilms-tks.de\/en\/logistics\/versandlogistik\/","url":"https:\/\/www.wilms-tks.de\/en\/logistics\/versandlogistik\/","name":"Versandlogistik WILMS TKS temperaturgef\u00fchrte Lebensmittel Logistik Transport Lagerlogistik Kontraktlogistik Handel Grosshandel Speiseeis Nutzeis Eigenmarken","isPartOf":{"@id":"https:\/\/www.wilms-tks.de\/en\/#website"},"primaryImageOfPage":{"@id":"https:\/\/www.wilms-tks.de\/en\/logistics\/versandlogistik\/#primaryimage"},"image":{"@id":"https:\/\/www.wilms-tks.de\/en\/logistics\/versandlogistik\/#primaryimage"},"thumbnailUrl":"https:\/\/www.wilms-tks.de\/wp-content\/uploads\/2019\/10\/wilms_tks_28-300x200.jpg","datePublished":"2020-02-13T14:34:56+00:00","description":"Versandlogistik WILMS Tiefk\u00fchl-Service TKS - von einfacher Lagerhaltung bis zu ausgefeilter Kontraktlogistik sind wir kompetent und zuverl\u00e4ssig an Ihrer Seite","breadcrumb":{"@id":"https:\/\/www.wilms-tks.de\/en\/logistics\/versandlogistik\/#breadcrumb"},"inLanguage":"en-US","potentialAction":[{"@type":"ReadAction","target":["https:\/\/www.wilms-tks.de\/en\/logistics\/versandlogistik\/"]}]},{"@type":"ImageObject","inLanguage":"en-US","@id":"https:\/\/www.wilms-tks.de\/en\/logistics\/versandlogistik\/#primaryimage","url":"https:\/\/www.wilms-tks.de\/wp-content\/uploads\/2019\/10\/wilms_tks_28-300x200.jpg","contentUrl":"https:\/\/www.wilms-tks.de\/wp-content\/uploads\/2019\/10\/wilms_tks_28-300x200.jpg"},{"@type":"BreadcrumbList","@id":"https:\/\/www.wilms-tks.de\/en\/logistics\/versandlogistik\/#breadcrumb","itemListElement":[{"@type":"ListItem","position":1,"name":"Startseite","item":"https:\/\/www.wilms-tks.de\/en\/"},{"@type":"ListItem","position":2,"name":"Logistics","item":"https:\/\/www.wilms-tks.de\/en\/logistics\/"},{"@type":"ListItem","position":3,"name":"Versandlogistik"}]},{"@type":"WebSite","@id":"https:\/\/www.wilms-tks.de\/en\/#website","url":"https:\/\/www.wilms-tks.de\/en\/","name":"WILMS Tiefk\u00fchl-Service","description":"Tiefk\u00fchl, Tiefkuehl, kuehl, temperaturgef\u00fchrt, temperaturgefuehrt, TK-Gefl\u00fcgel, TK-Gefluegel, TK-Gem\u00fcse, TK-Gemuese, Kommissionierung, temperaturgef\u00fchrte Lebensmittel, Bioprodukte, Gro\u00dfhandel, Niederkr\u00fcchten, Viersen, Willich, WILMS Tiefk\u00fchl-Service, WILMS TKS","publisher":{"@id":"https:\/\/www.wilms-tks.de\/en\/#organization"},"potentialAction":[{"@type":"SearchAction","target":{"@type":"EntryPoint","urlTemplate":"https:\/\/www.wilms-tks.de\/en\/?s={search_term_string}"},"query-input":{"@type":"PropertyValueSpecification","valueRequired":true,"valueName":"search_term_string"}}],"inLanguage":"en-US"},{"@type":"Organization","@id":"https:\/\/www.wilms-tks.de\/en\/#organization","name":"WILMS Tiefk\u00fchl-Service GmbH","url":"https:\/\/www.wilms-tks.de\/en\/","logo":{"@type":"ImageObject","inLanguage":"en-US","@id":"https:\/\/www.wilms-tks.de\/en\/#\/schema\/logo\/image\/","url":"https:\/\/www.wilms-tks.de\/wp-content\/uploads\/2019\/12\/Logo-RGB-ohne-Schrift_weiss.jpg","contentUrl":"https:\/\/www.wilms-tks.de\/wp-content\/uploads\/2019\/12\/Logo-RGB-ohne-Schrift_weiss.jpg","width":334,"height":476,"caption":"WILMS Tiefk\u00fchl-Service GmbH"},"image":{"@id":"https:\/\/www.wilms-tks.de\/en\/#\/schema\/logo\/image\/"}}]}},"_links":{"self":[{"href":"https:\/\/www.wilms-tks.de\/en\/wp-json\/wp\/v2\/pages\/22944","targetHints":{"allow":["GET"]}}],"collection":[{"href":"https:\/\/www.wilms-tks.de\/en\/wp-json\/wp\/v2\/pages"}],"about":[{"href":"https:\/\/www.wilms-tks.de\/en\/wp-json\/wp\/v2\/types\/page"}],"author":[{"embeddable":true,"href":"https:\/\/www.wilms-tks.de\/en\/wp-json\/wp\/v2\/users\/1"}],"replies":[{"embeddable":true,"href":"https:\/\/www.wilms-tks.de\/en\/wp-json\/wp\/v2\/comments?post=22944"}],"version-history":[{"count":0,"href":"https:\/\/www.wilms-tks.de\/en\/wp-json\/wp\/v2\/pages\/22944\/revisions"}],"up":[{"embeddable":true,"href":"https:\/\/www.wilms-tks.de\/en\/wp-json\/wp\/v2\/pages\/22635"}],"wp:attachment":[{"href":"https:\/\/www.wilms-tks.de\/en\/wp-json\/wp\/v2\/media?parent=22944"}],"curies":[{"name":"wp","href":"https:\/\/api.w.org\/{rel}","templated":true}]}}