{"id":22889,"date":"2020-01-15T17:13:57","date_gmt":"2020-01-15T16:13:57","guid":{"rendered":"https:\/\/www.wilms-tks.de\/locations\/kaldenkirchen\/"},"modified":"2020-01-17T19:07:32","modified_gmt":"2020-01-17T18:07:32","slug":"kaldenkirchen","status":"publish","type":"page","link":"https:\/\/www.wilms-tks.de\/en\/locations\/kaldenkirchen\/","title":{"rendered":"Kaldenkirchen"},"content":{"rendered":"<div class=\"wpb-content-wrapper\"><p>[vc_row row_type=&#8221;row&#8221; use_row_as_full_screen_section=&#8221;no&#8221; type=&#8221;full_width&#8221; text_align=&#8221;left&#8221; background_animation=&#8221;none&#8221; padding_bottom=&#8221;45&#8243; css_animation=&#8221;&#8221; css=&#8221;.vc_custom_1576591996437{padding-top: 10px !important;}&#8221;][vc_column][vc_column_text]<\/p>\n<h1>Kaldenkirchen<\/h1>\n<p>At the Nettetal-Kaldenkirchen site, near the Dutch city of Venlo in the A 73 (Roermond-Venlo) and A 61 (Koblenz-Venlo) triangle, there is a dry storage facility for food and goods that do not require cooling or temperature control (plus 18 \u00b0 Celsius). The offer includes warehouse services such as the storage of full pallets; as well as picking (carton, layer, piece) and shipping logistics \/ package fulfillment in perspective.<\/p>\n<p>WILMS Tiefk\u00fchl-Service GmbH<br \/>\nD-41334 Nettetal<\/p>\n<p><a href=\"https:\/\/www.wilms-tks.de\/wp-content\/uploads\/2020\/01\/AB_WILMS_Kaldenkirchen_2020.pdf\" target=\"_blank\" rel=\"noopener noreferrer\"> Information for delivery (PDF) <\/a><\/p>\n<p>T + 49 (0) 2163 8987-0<br \/>\nF + 49 (0) 2163 8987-60<br \/>\n<a href=\"mailto:logistik@wilms-tks.de\"> logistik@wilms-tks.de<\/a><\/p>\n<p>The WILMS storage contingent is managed by KM-Lager logistics GmbH on behalf of the WILMS frozen food service.<\/p>\n<p>According to the quality and logistics specifications of the WILMS Tiefk\u00fchl-Service, KML carries out the physical warehouse management. Shuttle traffic connects the location with the logistics center in Niederkr\u00fchen.[\/vc_column_text][\/vc_column][\/vc_row]<\/p>\n<\/div>","protected":false},"excerpt":{"rendered":"<p>[vc_row row_type=&#8221;row&#8221; use_row_as_full_screen_section=&#8221;no&#8221; type=&#8221;full_width&#8221; text_align=&#8221;left&#8221; background_animation=&#8221;none&#8221; padding_bottom=&#8221;45&#8243; css_animation=&#8221;&#8221; css=&#8221;.vc_custom_1576591996437{padding-top: 10px !important;}&#8221;][vc_column][vc_column_text] Kaldenkirchen At the Nettetal-Kaldenkirchen site, near the Dutch city of Venlo in the A 73 (Roermond-Venlo) and A 61 (Koblenz-Venlo) triangle, there is a dry storage facility for food and goods that do not&#8230;<\/p>\n","protected":false},"author":1,"featured_media":0,"parent":22643,"menu_order":505,"comment_status":"closed","ping_status":"closed","template":"","meta":{"footnotes":""},"class_list":["post-22889","page","type-page","status-publish","hentry"],"yoast_head":"<!-- This site is optimized with the Yoast SEO plugin v27.0 - https:\/\/yoast.com\/product\/yoast-seo-wordpress\/ -->\n<title>Kaldenkirchen WILMS TKS refrigerated temperature-controlled transport contract logistics warehousing fresh food organic products ice cream<\/title>\n<meta name=\"description\" content=\"Kaldenkirchen TKS from simple warehousing to sophisticated contract logistics - refrigerated temperature-controlled transport warehousing fresh food frozen organic products ice cream\" \/>\n<meta name=\"robots\" content=\"index, follow, max-snippet:-1, max-image-preview:large, max-video-preview:-1\" \/>\n<link rel=\"canonical\" href=\"https:\/\/www.wilms-tks.de\/en\/locations\/kaldenkirchen\/\" \/>\n<meta property=\"og:locale\" content=\"en_US\" \/>\n<meta property=\"og:type\" content=\"article\" \/>\n<meta property=\"og:title\" content=\"Kaldenkirchen WILMS TKS refrigerated temperature-controlled transport contract logistics warehousing fresh food organic products ice cream\" \/>\n<meta property=\"og:description\" content=\"Kaldenkirchen TKS from simple warehousing to sophisticated contract logistics - refrigerated temperature-controlled transport warehousing fresh food frozen organic products ice cream\" \/>\n<meta property=\"og:url\" content=\"https:\/\/www.wilms-tks.de\/en\/locations\/kaldenkirchen\/\" \/>\n<meta property=\"og:site_name\" content=\"WILMS Tiefk\u00fchl-Service\" \/>\n<meta property=\"article:modified_time\" content=\"2020-01-17T18:07:32+00:00\" \/>\n<meta name=\"twitter:card\" content=\"summary_large_image\" \/>\n<meta name=\"twitter:label1\" content=\"Est. reading time\" \/>\n\t<meta name=\"twitter:data1\" content=\"1 minute\" \/>\n<script type=\"application\/ld+json\" class=\"yoast-schema-graph\">{\"@context\":\"https:\/\/schema.org\",\"@graph\":[{\"@type\":\"WebPage\",\"@id\":\"https:\/\/www.wilms-tks.de\/en\/locations\/kaldenkirchen\/\",\"url\":\"https:\/\/www.wilms-tks.de\/en\/locations\/kaldenkirchen\/\",\"name\":\"Kaldenkirchen WILMS TKS refrigerated temperature-controlled transport contract logistics warehousing fresh food organic products ice cream\",\"isPartOf\":{\"@id\":\"https:\/\/www.wilms-tks.de\/en\/#website\"},\"datePublished\":\"2020-01-15T16:13:57+00:00\",\"dateModified\":\"2020-01-17T18:07:32+00:00\",\"description\":\"Kaldenkirchen TKS from simple warehousing to sophisticated contract logistics - refrigerated temperature-controlled transport warehousing fresh food frozen organic products ice cream\",\"breadcrumb\":{\"@id\":\"https:\/\/www.wilms-tks.de\/en\/locations\/kaldenkirchen\/#breadcrumb\"},\"inLanguage\":\"en-US\",\"potentialAction\":[{\"@type\":\"ReadAction\",\"target\":[\"https:\/\/www.wilms-tks.de\/en\/locations\/kaldenkirchen\/\"]}]},{\"@type\":\"BreadcrumbList\",\"@id\":\"https:\/\/www.wilms-tks.de\/en\/locations\/kaldenkirchen\/#breadcrumb\",\"itemListElement\":[{\"@type\":\"ListItem\",\"position\":1,\"name\":\"Startseite\",\"item\":\"https:\/\/www.wilms-tks.de\/en\/\"},{\"@type\":\"ListItem\",\"position\":2,\"name\":\"Locations\",\"item\":\"https:\/\/www.wilms-tks.de\/en\/locations\/\"},{\"@type\":\"ListItem\",\"position\":3,\"name\":\"Kaldenkirchen\"}]},{\"@type\":\"WebSite\",\"@id\":\"https:\/\/www.wilms-tks.de\/en\/#website\",\"url\":\"https:\/\/www.wilms-tks.de\/en\/\",\"name\":\"WILMS Tiefk\u00fchl-Service\",\"description\":\"Tiefk\u00fchl, Tiefkuehl, kuehl, temperaturgef\u00fchrt, temperaturgefuehrt, TK-Gefl\u00fcgel, TK-Gefluegel, TK-Gem\u00fcse, TK-Gemuese, Kommissionierung, temperaturgef\u00fchrte Lebensmittel, Bioprodukte, Gro\u00dfhandel, Niederkr\u00fcchten, Viersen, Willich, WILMS Tiefk\u00fchl-Service, WILMS TKS\",\"publisher\":{\"@id\":\"https:\/\/www.wilms-tks.de\/en\/#organization\"},\"potentialAction\":[{\"@type\":\"SearchAction\",\"target\":{\"@type\":\"EntryPoint\",\"urlTemplate\":\"https:\/\/www.wilms-tks.de\/en\/?s={search_term_string}\"},\"query-input\":{\"@type\":\"PropertyValueSpecification\",\"valueRequired\":true,\"valueName\":\"search_term_string\"}}],\"inLanguage\":\"en-US\"},{\"@type\":\"Organization\",\"@id\":\"https:\/\/www.wilms-tks.de\/en\/#organization\",\"name\":\"WILMS Tiefk\u00fchl-Service GmbH\",\"url\":\"https:\/\/www.wilms-tks.de\/en\/\",\"logo\":{\"@type\":\"ImageObject\",\"inLanguage\":\"en-US\",\"@id\":\"https:\/\/www.wilms-tks.de\/en\/#\/schema\/logo\/image\/\",\"url\":\"https:\/\/www.wilms-tks.de\/wp-content\/uploads\/2019\/12\/Logo-RGB-ohne-Schrift_weiss.jpg\",\"contentUrl\":\"https:\/\/www.wilms-tks.de\/wp-content\/uploads\/2019\/12\/Logo-RGB-ohne-Schrift_weiss.jpg\",\"width\":334,\"height\":476,\"caption\":\"WILMS Tiefk\u00fchl-Service GmbH\"},\"image\":{\"@id\":\"https:\/\/www.wilms-tks.de\/en\/#\/schema\/logo\/image\/\"}}]}<\/script>\n<!-- \/ Yoast SEO plugin. -->","yoast_head_json":{"title":"Kaldenkirchen WILMS TKS refrigerated temperature-controlled transport contract logistics warehousing fresh food organic products ice cream","description":"Kaldenkirchen TKS from simple warehousing to sophisticated contract logistics - refrigerated temperature-controlled transport warehousing fresh food frozen organic products ice cream","robots":{"index":"index","follow":"follow","max-snippet":"max-snippet:-1","max-image-preview":"max-image-preview:large","max-video-preview":"max-video-preview:-1"},"canonical":"https:\/\/www.wilms-tks.de\/en\/locations\/kaldenkirchen\/","og_locale":"en_US","og_type":"article","og_title":"Kaldenkirchen WILMS TKS refrigerated temperature-controlled transport contract logistics warehousing fresh food organic products ice cream","og_description":"Kaldenkirchen TKS from simple warehousing to sophisticated contract logistics - refrigerated temperature-controlled transport warehousing fresh food frozen organic products ice cream","og_url":"https:\/\/www.wilms-tks.de\/en\/locations\/kaldenkirchen\/","og_site_name":"WILMS Tiefk\u00fchl-Service","article_modified_time":"2020-01-17T18:07:32+00:00","twitter_card":"summary_large_image","twitter_misc":{"Est. reading time":"1 minute"},"schema":{"@context":"https:\/\/schema.org","@graph":[{"@type":"WebPage","@id":"https:\/\/www.wilms-tks.de\/en\/locations\/kaldenkirchen\/","url":"https:\/\/www.wilms-tks.de\/en\/locations\/kaldenkirchen\/","name":"Kaldenkirchen WILMS TKS refrigerated temperature-controlled transport contract logistics warehousing fresh food organic products ice cream","isPartOf":{"@id":"https:\/\/www.wilms-tks.de\/en\/#website"},"datePublished":"2020-01-15T16:13:57+00:00","dateModified":"2020-01-17T18:07:32+00:00","description":"Kaldenkirchen TKS from simple warehousing to sophisticated contract logistics - refrigerated temperature-controlled transport warehousing fresh food frozen organic products ice cream","breadcrumb":{"@id":"https:\/\/www.wilms-tks.de\/en\/locations\/kaldenkirchen\/#breadcrumb"},"inLanguage":"en-US","potentialAction":[{"@type":"ReadAction","target":["https:\/\/www.wilms-tks.de\/en\/locations\/kaldenkirchen\/"]}]},{"@type":"BreadcrumbList","@id":"https:\/\/www.wilms-tks.de\/en\/locations\/kaldenkirchen\/#breadcrumb","itemListElement":[{"@type":"ListItem","position":1,"name":"Startseite","item":"https:\/\/www.wilms-tks.de\/en\/"},{"@type":"ListItem","position":2,"name":"Locations","item":"https:\/\/www.wilms-tks.de\/en\/locations\/"},{"@type":"ListItem","position":3,"name":"Kaldenkirchen"}]},{"@type":"WebSite","@id":"https:\/\/www.wilms-tks.de\/en\/#website","url":"https:\/\/www.wilms-tks.de\/en\/","name":"WILMS Tiefk\u00fchl-Service","description":"Tiefk\u00fchl, Tiefkuehl, kuehl, temperaturgef\u00fchrt, temperaturgefuehrt, TK-Gefl\u00fcgel, TK-Gefluegel, TK-Gem\u00fcse, TK-Gemuese, Kommissionierung, temperaturgef\u00fchrte Lebensmittel, Bioprodukte, Gro\u00dfhandel, Niederkr\u00fcchten, Viersen, Willich, WILMS Tiefk\u00fchl-Service, WILMS TKS","publisher":{"@id":"https:\/\/www.wilms-tks.de\/en\/#organization"},"potentialAction":[{"@type":"SearchAction","target":{"@type":"EntryPoint","urlTemplate":"https:\/\/www.wilms-tks.de\/en\/?s={search_term_string}"},"query-input":{"@type":"PropertyValueSpecification","valueRequired":true,"valueName":"search_term_string"}}],"inLanguage":"en-US"},{"@type":"Organization","@id":"https:\/\/www.wilms-tks.de\/en\/#organization","name":"WILMS Tiefk\u00fchl-Service GmbH","url":"https:\/\/www.wilms-tks.de\/en\/","logo":{"@type":"ImageObject","inLanguage":"en-US","@id":"https:\/\/www.wilms-tks.de\/en\/#\/schema\/logo\/image\/","url":"https:\/\/www.wilms-tks.de\/wp-content\/uploads\/2019\/12\/Logo-RGB-ohne-Schrift_weiss.jpg","contentUrl":"https:\/\/www.wilms-tks.de\/wp-content\/uploads\/2019\/12\/Logo-RGB-ohne-Schrift_weiss.jpg","width":334,"height":476,"caption":"WILMS Tiefk\u00fchl-Service GmbH"},"image":{"@id":"https:\/\/www.wilms-tks.de\/en\/#\/schema\/logo\/image\/"}}]}},"_links":{"self":[{"href":"https:\/\/www.wilms-tks.de\/en\/wp-json\/wp\/v2\/pages\/22889","targetHints":{"allow":["GET"]}}],"collection":[{"href":"https:\/\/www.wilms-tks.de\/en\/wp-json\/wp\/v2\/pages"}],"about":[{"href":"https:\/\/www.wilms-tks.de\/en\/wp-json\/wp\/v2\/types\/page"}],"author":[{"embeddable":true,"href":"https:\/\/www.wilms-tks.de\/en\/wp-json\/wp\/v2\/users\/1"}],"replies":[{"embeddable":true,"href":"https:\/\/www.wilms-tks.de\/en\/wp-json\/wp\/v2\/comments?post=22889"}],"version-history":[{"count":0,"href":"https:\/\/www.wilms-tks.de\/en\/wp-json\/wp\/v2\/pages\/22889\/revisions"}],"up":[{"embeddable":true,"href":"https:\/\/www.wilms-tks.de\/en\/wp-json\/wp\/v2\/pages\/22643"}],"wp:attachment":[{"href":"https:\/\/www.wilms-tks.de\/en\/wp-json\/wp\/v2\/media?parent=22889"}],"curies":[{"name":"wp","href":"https:\/\/api.w.org\/{rel}","templated":true}]}}