{"id":22670,"date":"2019-12-18T15:11:25","date_gmt":"2019-12-18T14:11:25","guid":{"rendered":"http:\/\/wordpress.wilms-tks.de\/legal-notice\/"},"modified":"2021-01-19T11:29:03","modified_gmt":"2021-01-19T10:29:03","slug":"legal-notice","status":"publish","type":"page","link":"https:\/\/www.wilms-tks.de\/en\/legal-notice\/","title":{"rendered":"Legal notice"},"content":{"rendered":"<div class=\"wpb-content-wrapper\"><p>[vc_row row_type=&#8221;row&#8221; use_row_as_full_screen_section=&#8221;no&#8221; type=&#8221;full_width&#8221; text_align=&#8221;left&#8221; background_animation=&#8221;none&#8221; padding_bottom=&#8221;45&#8243; css_animation=&#8221;&#8221; css=&#8221;.vc_custom_1576592026584{padding-top: 10px !important;}&#8221;][vc_column][vc_column_text]<\/p>\n<h1>Legal notice<\/h1>\n<p>WILMS Tiefk\u00fchl-Service GmbH<br \/>\nSohlweg 2<br \/>\nD-41372 Niederkr\u00fcchten<\/p>\n<p>T +49 (0)2163 8987-0<br \/>\nF +49 (0)2163 8987-60<br \/>\n<a href=\"mailto:info@wilms-tks.de\">info@wilms-tks.de<\/a><\/p>\n<p>Gesch\u00e4ftsf\u00fchrung:<br \/>\nGerdamarie Feemers (Vorsitzende)<br \/>\nArmin Feemers<br \/>\nMarkus Wilms<\/p>\n<p>Die WILMS Tiefk\u00fchl-Service GmbH ist ein Mitglied der Unternehmensgruppe<\/p>\n<p><a href=\"https:\/\/www.wilms-gruppe.de\/\"><img loading=\"lazy\" decoding=\"async\" class=\"alignnone size-medium wp-image-22254\" src=\"https:\/\/www.wilms-tks.de\/wp-content\/uploads\/2019\/06\/wilms_holding_rgb_120110-300x34.jpg\" alt=\"WILMS Gruppe\" width=\"300\" height=\"34\" srcset=\"https:\/\/www.wilms-tks.de\/wp-content\/uploads\/2019\/06\/wilms_holding_rgb_120110-300x34.jpg 300w, https:\/\/www.wilms-tks.de\/wp-content\/uploads\/2019\/06\/wilms_holding_rgb_120110-768x87.jpg 768w, https:\/\/www.wilms-tks.de\/wp-content\/uploads\/2019\/06\/wilms_holding_rgb_120110-1024x116.jpg 1024w, https:\/\/www.wilms-tks.de\/wp-content\/uploads\/2019\/06\/wilms_holding_rgb_120110-550x62.jpg 550w, https:\/\/www.wilms-tks.de\/wp-content\/uploads\/2019\/06\/wilms_holding_rgb_120110-700x79.jpg 700w, https:\/\/www.wilms-tks.de\/wp-content\/uploads\/2019\/06\/wilms_holding_rgb_120110-1100x125.jpg 1100w\" sizes=\"auto, (max-width: 300px) 100vw, 300px\" \/><\/a><\/p>\n<p>Registergericht: M\u00f6nchengladbach, HRB 9904<br \/>\nUSt-ID-Nr.: DE 811 211 004<br \/>\nILN: 40 15219 00000 6<\/p>\n<p><strong>Rechtliche Hinweise<\/strong><\/p>\n<p><strong>Urheberrecht<\/strong><br \/>\n\u00a9 2019 WILMS Tiefk\u00fchl-Service GmbH. Alle Rechte vorbehalten. Der Inhalt dieser Internetseiten unterliegt dem Urheberrecht und anderen Gesetzen zum Schutz geistigen Eigentums. Inhalte d\u00fcrfen weder f\u00fcr Handelszwecke oder zur Weitergabe kopiert, noch ver\u00e4ndert und auf anderen Internetseiten verwendet werden.<\/p>\n<p><strong>Fotos<\/strong><br \/>\nWILMS Tiefk\u00fchl-Service GmbH<br \/>\nJutta Stegers \/ <a href=\"https:\/\/www.juttastegers.de\/\">Stegers Fotografie<\/a><\/p>\n<p><strong>Handelsmarken<\/strong><br \/>\nAlle auf den Internetseiten genannten Marken, besonders das Logo sowie der Schriftzug WILMS Tiefk\u00fchl-Service GmbH sind gesetzlich gesch\u00fctzte Warenzeichen der WILMS Tiefk\u00fchl-Service GmbH. Ausgenommen sind die Logos unserer Partner auf den Partnerseiten.<\/p>\n<p><strong>Haftungshinweis<\/strong><br \/>\nDie WILMS Tiefk\u00fchl-Service GmbH ist als Inhaltsanbieter f\u00fcr die eigenen Inhalte, die sie zur Nutzung bereith\u00e4lt, nach den allgemeinen Gesetzen verantwortlich.<br \/>\nVon diesen eigenen Inhalten sind Querverweise (&#8220;Links&#8221;) auf die von anderen Anbietern bereitgehaltenen Inhalte zu unterscheiden.<br \/>\nDiese fremden Inhalte stammen weder von der WILMS Tiefk\u00fchl-Service GmbH, noch hat sie die M\u00f6glichkeit, den Inhalt von Seiten Dritter zu beeinflussen. Die Inhalte fremder Seiten, auf die die WILMS Tiefk\u00fchl-Service GmbH mittels Links hinweist, spiegeln nicht die Meinung des Unternehmens wider, sondern dienen lediglich der Information und der Darstellung von Zusammenh\u00e4ngen.<br \/>\nDie WILMS Tiefk\u00fchl-Service GmbH haftet nicht f\u00fcr fremde Inhalte, auf die sie lediglich im oben genannten Sinne hinweist. Die Verantwortlichkeit liegt alleine bei den Anbietern der Inhalte.[\/vc_column_text][\/vc_column][\/vc_row]<\/p>\n<\/div>","protected":false},"excerpt":{"rendered":"<p>[vc_row row_type=&#8221;row&#8221; use_row_as_full_screen_section=&#8221;no&#8221; type=&#8221;full_width&#8221; text_align=&#8221;left&#8221; background_animation=&#8221;none&#8221; padding_bottom=&#8221;45&#8243; css_animation=&#8221;&#8221; css=&#8221;.vc_custom_1576592026584{padding-top: 10px !important;}&#8221;][vc_column][vc_column_text] Legal notice WILMS Tiefk\u00fchl-Service GmbH Sohlweg 2 D-41372 Niederkr\u00fcchten T +49 (0)2163 8987-0 F +49 (0)2163 8987-60 info@wilms-tks.de Gesch\u00e4ftsf\u00fchrung: Gerdamarie Feemers (Vorsitzende) Armin Feemers Markus Wilms Die WILMS Tiefk\u00fchl-Service GmbH ist ein Mitglied der&#8230;<\/p>\n","protected":false},"author":1,"featured_media":0,"parent":0,"menu_order":1100,"comment_status":"closed","ping_status":"closed","template":"","meta":{"footnotes":""},"class_list":["post-22670","page","type-page","status-publish","hentry"],"yoast_head":"<!-- This site is optimized with the Yoast SEO plugin v27.0 - https:\/\/yoast.com\/product\/yoast-seo-wordpress\/ -->\n<title>Legal notice | WILMS Tiefk\u00fchl-Service TKS refrigerated temperature-controlled transport warehousing to sophisticated contract logistics fresh food organic products ice cream<\/title>\n<meta name=\"description\" content=\"WILMS Tiefk\u00fchl-Service TKS from simple warehousing to sophisticated contract logistics - refrigerated temperature-controlled transport warehousing fresh food frozen organic products ice cream\" \/>\n<meta name=\"robots\" content=\"index, follow, max-snippet:-1, max-image-preview:large, max-video-preview:-1\" \/>\n<link rel=\"canonical\" href=\"https:\/\/www.wilms-tks.de\/en\/legal-notice\/\" \/>\n<meta property=\"og:locale\" content=\"en_US\" \/>\n<meta property=\"og:type\" content=\"article\" \/>\n<meta property=\"og:title\" content=\"Legal notice | WILMS Tiefk\u00fchl-Service TKS refrigerated temperature-controlled transport warehousing to sophisticated contract logistics fresh food organic products ice cream\" \/>\n<meta property=\"og:description\" content=\"WILMS Tiefk\u00fchl-Service TKS from simple warehousing to sophisticated contract logistics - refrigerated temperature-controlled transport warehousing fresh food frozen organic products ice cream\" \/>\n<meta property=\"og:url\" content=\"https:\/\/www.wilms-tks.de\/en\/legal-notice\/\" \/>\n<meta property=\"og:site_name\" content=\"WILMS Tiefk\u00fchl-Service\" \/>\n<meta property=\"article:modified_time\" content=\"2021-01-19T10:29:03+00:00\" \/>\n<meta property=\"og:image\" content=\"https:\/\/www.wilms-tks.de\/wp-content\/uploads\/2019\/06\/wilms_holding_rgb_120110-300x34.jpg\" \/>\n<meta name=\"twitter:card\" content=\"summary_large_image\" \/>\n<meta name=\"twitter:label1\" content=\"Est. reading time\" \/>\n\t<meta name=\"twitter:data1\" content=\"2 minutes\" \/>\n<script type=\"application\/ld+json\" class=\"yoast-schema-graph\">{\"@context\":\"https:\/\/schema.org\",\"@graph\":[{\"@type\":\"WebPage\",\"@id\":\"https:\/\/www.wilms-tks.de\/en\/legal-notice\/\",\"url\":\"https:\/\/www.wilms-tks.de\/en\/legal-notice\/\",\"name\":\"Legal notice | WILMS Tiefk\u00fchl-Service TKS refrigerated temperature-controlled transport warehousing to sophisticated contract logistics fresh food organic products ice cream\",\"isPartOf\":{\"@id\":\"https:\/\/www.wilms-tks.de\/en\/#website\"},\"primaryImageOfPage\":{\"@id\":\"https:\/\/www.wilms-tks.de\/en\/legal-notice\/#primaryimage\"},\"image\":{\"@id\":\"https:\/\/www.wilms-tks.de\/en\/legal-notice\/#primaryimage\"},\"thumbnailUrl\":\"https:\/\/www.wilms-tks.de\/wp-content\/uploads\/2019\/06\/wilms_holding_rgb_120110-300x34.jpg\",\"datePublished\":\"2019-12-18T14:11:25+00:00\",\"dateModified\":\"2021-01-19T10:29:03+00:00\",\"description\":\"WILMS Tiefk\u00fchl-Service TKS from simple warehousing to sophisticated contract logistics - refrigerated temperature-controlled transport warehousing fresh food frozen organic products ice cream\",\"breadcrumb\":{\"@id\":\"https:\/\/www.wilms-tks.de\/en\/legal-notice\/#breadcrumb\"},\"inLanguage\":\"en-US\",\"potentialAction\":[{\"@type\":\"ReadAction\",\"target\":[\"https:\/\/www.wilms-tks.de\/en\/legal-notice\/\"]}]},{\"@type\":\"ImageObject\",\"inLanguage\":\"en-US\",\"@id\":\"https:\/\/www.wilms-tks.de\/en\/legal-notice\/#primaryimage\",\"url\":\"https:\/\/www.wilms-tks.de\/wp-content\/uploads\/2019\/06\/wilms_holding_rgb_120110-300x34.jpg\",\"contentUrl\":\"https:\/\/www.wilms-tks.de\/wp-content\/uploads\/2019\/06\/wilms_holding_rgb_120110-300x34.jpg\"},{\"@type\":\"BreadcrumbList\",\"@id\":\"https:\/\/www.wilms-tks.de\/en\/legal-notice\/#breadcrumb\",\"itemListElement\":[{\"@type\":\"ListItem\",\"position\":1,\"name\":\"Startseite\",\"item\":\"https:\/\/www.wilms-tks.de\/en\/\"},{\"@type\":\"ListItem\",\"position\":2,\"name\":\"Legal notice\"}]},{\"@type\":\"WebSite\",\"@id\":\"https:\/\/www.wilms-tks.de\/en\/#website\",\"url\":\"https:\/\/www.wilms-tks.de\/en\/\",\"name\":\"WILMS Tiefk\u00fchl-Service\",\"description\":\"Tiefk\u00fchl, Tiefkuehl, kuehl, temperaturgef\u00fchrt, temperaturgefuehrt, TK-Gefl\u00fcgel, TK-Gefluegel, TK-Gem\u00fcse, TK-Gemuese, Kommissionierung, temperaturgef\u00fchrte Lebensmittel, Bioprodukte, Gro\u00dfhandel, Niederkr\u00fcchten, Viersen, Willich, WILMS Tiefk\u00fchl-Service, WILMS TKS\",\"publisher\":{\"@id\":\"https:\/\/www.wilms-tks.de\/en\/#organization\"},\"potentialAction\":[{\"@type\":\"SearchAction\",\"target\":{\"@type\":\"EntryPoint\",\"urlTemplate\":\"https:\/\/www.wilms-tks.de\/en\/?s={search_term_string}\"},\"query-input\":{\"@type\":\"PropertyValueSpecification\",\"valueRequired\":true,\"valueName\":\"search_term_string\"}}],\"inLanguage\":\"en-US\"},{\"@type\":\"Organization\",\"@id\":\"https:\/\/www.wilms-tks.de\/en\/#organization\",\"name\":\"WILMS Tiefk\u00fchl-Service GmbH\",\"url\":\"https:\/\/www.wilms-tks.de\/en\/\",\"logo\":{\"@type\":\"ImageObject\",\"inLanguage\":\"en-US\",\"@id\":\"https:\/\/www.wilms-tks.de\/en\/#\/schema\/logo\/image\/\",\"url\":\"https:\/\/www.wilms-tks.de\/wp-content\/uploads\/2019\/12\/Logo-RGB-ohne-Schrift_weiss.jpg\",\"contentUrl\":\"https:\/\/www.wilms-tks.de\/wp-content\/uploads\/2019\/12\/Logo-RGB-ohne-Schrift_weiss.jpg\",\"width\":334,\"height\":476,\"caption\":\"WILMS Tiefk\u00fchl-Service GmbH\"},\"image\":{\"@id\":\"https:\/\/www.wilms-tks.de\/en\/#\/schema\/logo\/image\/\"}}]}<\/script>\n<!-- \/ Yoast SEO plugin. -->","yoast_head_json":{"title":"Legal notice | WILMS Tiefk\u00fchl-Service TKS refrigerated temperature-controlled transport warehousing to sophisticated contract logistics fresh food organic products ice cream","description":"WILMS Tiefk\u00fchl-Service TKS from simple warehousing to sophisticated contract logistics - refrigerated temperature-controlled transport warehousing fresh food frozen organic products ice cream","robots":{"index":"index","follow":"follow","max-snippet":"max-snippet:-1","max-image-preview":"max-image-preview:large","max-video-preview":"max-video-preview:-1"},"canonical":"https:\/\/www.wilms-tks.de\/en\/legal-notice\/","og_locale":"en_US","og_type":"article","og_title":"Legal notice | WILMS Tiefk\u00fchl-Service TKS refrigerated temperature-controlled transport warehousing to sophisticated contract logistics fresh food organic products ice cream","og_description":"WILMS Tiefk\u00fchl-Service TKS from simple warehousing to sophisticated contract logistics - refrigerated temperature-controlled transport warehousing fresh food frozen organic products ice cream","og_url":"https:\/\/www.wilms-tks.de\/en\/legal-notice\/","og_site_name":"WILMS Tiefk\u00fchl-Service","article_modified_time":"2021-01-19T10:29:03+00:00","og_image":[{"url":"https:\/\/www.wilms-tks.de\/wp-content\/uploads\/2019\/06\/wilms_holding_rgb_120110-300x34.jpg","type":"","width":"","height":""}],"twitter_card":"summary_large_image","twitter_misc":{"Est. reading time":"2 minutes"},"schema":{"@context":"https:\/\/schema.org","@graph":[{"@type":"WebPage","@id":"https:\/\/www.wilms-tks.de\/en\/legal-notice\/","url":"https:\/\/www.wilms-tks.de\/en\/legal-notice\/","name":"Legal notice | WILMS Tiefk\u00fchl-Service TKS refrigerated temperature-controlled transport warehousing to sophisticated contract logistics fresh food organic products ice cream","isPartOf":{"@id":"https:\/\/www.wilms-tks.de\/en\/#website"},"primaryImageOfPage":{"@id":"https:\/\/www.wilms-tks.de\/en\/legal-notice\/#primaryimage"},"image":{"@id":"https:\/\/www.wilms-tks.de\/en\/legal-notice\/#primaryimage"},"thumbnailUrl":"https:\/\/www.wilms-tks.de\/wp-content\/uploads\/2019\/06\/wilms_holding_rgb_120110-300x34.jpg","datePublished":"2019-12-18T14:11:25+00:00","dateModified":"2021-01-19T10:29:03+00:00","description":"WILMS Tiefk\u00fchl-Service TKS from simple warehousing to sophisticated contract logistics - refrigerated temperature-controlled transport warehousing fresh food frozen organic products ice cream","breadcrumb":{"@id":"https:\/\/www.wilms-tks.de\/en\/legal-notice\/#breadcrumb"},"inLanguage":"en-US","potentialAction":[{"@type":"ReadAction","target":["https:\/\/www.wilms-tks.de\/en\/legal-notice\/"]}]},{"@type":"ImageObject","inLanguage":"en-US","@id":"https:\/\/www.wilms-tks.de\/en\/legal-notice\/#primaryimage","url":"https:\/\/www.wilms-tks.de\/wp-content\/uploads\/2019\/06\/wilms_holding_rgb_120110-300x34.jpg","contentUrl":"https:\/\/www.wilms-tks.de\/wp-content\/uploads\/2019\/06\/wilms_holding_rgb_120110-300x34.jpg"},{"@type":"BreadcrumbList","@id":"https:\/\/www.wilms-tks.de\/en\/legal-notice\/#breadcrumb","itemListElement":[{"@type":"ListItem","position":1,"name":"Startseite","item":"https:\/\/www.wilms-tks.de\/en\/"},{"@type":"ListItem","position":2,"name":"Legal notice"}]},{"@type":"WebSite","@id":"https:\/\/www.wilms-tks.de\/en\/#website","url":"https:\/\/www.wilms-tks.de\/en\/","name":"WILMS Tiefk\u00fchl-Service","description":"Tiefk\u00fchl, Tiefkuehl, kuehl, temperaturgef\u00fchrt, temperaturgefuehrt, TK-Gefl\u00fcgel, TK-Gefluegel, TK-Gem\u00fcse, TK-Gemuese, Kommissionierung, temperaturgef\u00fchrte Lebensmittel, Bioprodukte, Gro\u00dfhandel, Niederkr\u00fcchten, Viersen, Willich, WILMS Tiefk\u00fchl-Service, WILMS TKS","publisher":{"@id":"https:\/\/www.wilms-tks.de\/en\/#organization"},"potentialAction":[{"@type":"SearchAction","target":{"@type":"EntryPoint","urlTemplate":"https:\/\/www.wilms-tks.de\/en\/?s={search_term_string}"},"query-input":{"@type":"PropertyValueSpecification","valueRequired":true,"valueName":"search_term_string"}}],"inLanguage":"en-US"},{"@type":"Organization","@id":"https:\/\/www.wilms-tks.de\/en\/#organization","name":"WILMS Tiefk\u00fchl-Service GmbH","url":"https:\/\/www.wilms-tks.de\/en\/","logo":{"@type":"ImageObject","inLanguage":"en-US","@id":"https:\/\/www.wilms-tks.de\/en\/#\/schema\/logo\/image\/","url":"https:\/\/www.wilms-tks.de\/wp-content\/uploads\/2019\/12\/Logo-RGB-ohne-Schrift_weiss.jpg","contentUrl":"https:\/\/www.wilms-tks.de\/wp-content\/uploads\/2019\/12\/Logo-RGB-ohne-Schrift_weiss.jpg","width":334,"height":476,"caption":"WILMS Tiefk\u00fchl-Service GmbH"},"image":{"@id":"https:\/\/www.wilms-tks.de\/en\/#\/schema\/logo\/image\/"}}]}},"_links":{"self":[{"href":"https:\/\/www.wilms-tks.de\/en\/wp-json\/wp\/v2\/pages\/22670","targetHints":{"allow":["GET"]}}],"collection":[{"href":"https:\/\/www.wilms-tks.de\/en\/wp-json\/wp\/v2\/pages"}],"about":[{"href":"https:\/\/www.wilms-tks.de\/en\/wp-json\/wp\/v2\/types\/page"}],"author":[{"embeddable":true,"href":"https:\/\/www.wilms-tks.de\/en\/wp-json\/wp\/v2\/users\/1"}],"replies":[{"embeddable":true,"href":"https:\/\/www.wilms-tks.de\/en\/wp-json\/wp\/v2\/comments?post=22670"}],"version-history":[{"count":0,"href":"https:\/\/www.wilms-tks.de\/en\/wp-json\/wp\/v2\/pages\/22670\/revisions"}],"wp:attachment":[{"href":"https:\/\/www.wilms-tks.de\/en\/wp-json\/wp\/v2\/media?parent=22670"}],"curies":[{"name":"wp","href":"https:\/\/api.w.org\/{rel}","templated":true}]}}