{"id":22667,"date":"2019-12-18T15:08:25","date_gmt":"2019-12-18T14:08:25","guid":{"rendered":"http:\/\/wordpress.wilms-tks.de\/news\/press-archive\/"},"modified":"2020-01-17T19:21:20","modified_gmt":"2020-01-17T18:21:20","slug":"press-archive","status":"publish","type":"page","link":"https:\/\/www.wilms-tks.de\/en\/news\/press-archive\/","title":{"rendered":"Press archive"},"content":{"rendered":"<div class=\"wpb-content-wrapper\"><p>[vc_row row_type=&#8221;row&#8221; use_row_as_full_screen_section=&#8221;no&#8221; type=&#8221;full_width&#8221; text_align=&#8221;left&#8221; background_animation=&#8221;none&#8221; padding_bottom=&#8221;45&#8243; css_animation=&#8221;&#8221; css=&#8221;.vc_custom_1576592022844{padding-top: 10px !important;}&#8221;][vc_column][vc_column_text][\/vc_column_text]<div class='latest_post_holder boxes two_columns five_rows'><ul><li class=\"clearfix\"><div class=\"boxes_image\"><a href=\"https:\/\/www.wilms-tks.de\/en\/logistics-changes-at-the-start-of-the-year\/\"><span class=\"latest_post_overlay\"><i class=\"icon_plus\" aria-hidden=\"true\"><\/i><\/span><\/a><\/div><div class=\"latest_post\" ><div class=\"latest_post_text\"><span class=\"date_holder post_info_section\"><span class=\"date\">13. January 2024<\/span><\/span><h2 class=\"latest_post_title \"><a href=\"https:\/\/www.wilms-tks.de\/en\/logistics-changes-at-the-start-of-the-year\/\">Logistics changes at the start of the year<\/a><\/h2><p class=\"excerpt\">After the usual hustle and bustle at the end of the year, WILMS usually starts the year with typical routine tasks. This time we are using the somewhat quieter time in January to optimise two product ranges at once: The frozen food range previously located......<\/p><\/div><\/div><\/li><li class=\"clearfix\"><div class=\"boxes_image\"><a href=\"https:\/\/www.wilms-tks.de\/en\/new-stem-cell-donors-for-dkms\/\"><img loading=\"lazy\" decoding=\"async\" width=\"343\" height=\"498\" src=\"https:\/\/www.wilms-tks.de\/wp-content\/uploads\/2023\/11\/DKMS_Urkunde2023-343x498.jpg\" class=\"attachment-portfolio-default size-portfolio-default wp-post-image\" alt=\"Dank-Urkunde der DKMS\" srcset=\"https:\/\/www.wilms-tks.de\/wp-content\/uploads\/2023\/11\/DKMS_Urkunde2023-343x498.jpg 343w, https:\/\/www.wilms-tks.de\/wp-content\/uploads\/2023\/11\/DKMS_Urkunde2023-1059x1536.jpg 1059w, https:\/\/www.wilms-tks.de\/wp-content\/uploads\/2023\/11\/DKMS_Urkunde2023-1412x2048.jpg 1412w, https:\/\/www.wilms-tks.de\/wp-content\/uploads\/2023\/11\/DKMS_Urkunde2023-550x798.jpg 550w, https:\/\/www.wilms-tks.de\/wp-content\/uploads\/2023\/11\/DKMS_Urkunde2023-414x600.jpg 414w, https:\/\/www.wilms-tks.de\/wp-content\/uploads\/2023\/11\/DKMS_Urkunde2023-551x800.jpg 551w, https:\/\/www.wilms-tks.de\/wp-content\/uploads\/2023\/11\/DKMS_Urkunde2023-345x500.jpg 345w, https:\/\/www.wilms-tks.de\/wp-content\/uploads\/2023\/11\/DKMS_Urkunde2023-689x1000.jpg 689w, https:\/\/www.wilms-tks.de\/wp-content\/uploads\/2023\/11\/DKMS_Urkunde2023-700x1016.jpg 700w, https:\/\/www.wilms-tks.de\/wp-content\/uploads\/2023\/11\/DKMS_Urkunde2023-1100x1596.jpg 1100w, https:\/\/www.wilms-tks.de\/wp-content\/uploads\/2023\/11\/DKMS_Urkunde2023-scaled.jpg 1764w\" sizes=\"auto, (max-width: 343px) 100vw, 343px\" \/><span class=\"latest_post_overlay\"><i class=\"icon_plus\" aria-hidden=\"true\"><\/i><\/span><\/a><\/div><div class=\"latest_post\" ><div class=\"latest_post_text\"><span class=\"date_holder post_info_section\"><span class=\"date\">9. November 2023<\/span><\/span><h2 class=\"latest_post_title \"><a href=\"https:\/\/www.wilms-tks.de\/en\/new-stem-cell-donors-for-dkms\/\">New stem cell donors for DKMS<\/a><\/h2><p class=\"excerpt\">In this hectic world, which seems to be characterised only by crises, some employees wanted to set an example of hope and charity. When a family member of an employee was diagnosed with cancer, we came up with the idea of activating new donors for......<\/p><\/div><\/div><\/li><li class=\"clearfix\"><div class=\"boxes_image\"><a href=\"https:\/\/www.wilms-tks.de\/en\/network-companies-integrate-refugees\/\"><span class=\"latest_post_overlay\"><i class=\"icon_plus\" aria-hidden=\"true\"><\/i><\/span><\/a><\/div><div class=\"latest_post\" ><div class=\"latest_post_text\"><span class=\"date_holder post_info_section\"><span class=\"date\">5. May 2022<\/span><\/span><h2 class=\"latest_post_title \"><a href=\"https:\/\/www.wilms-tks.de\/en\/network-companies-integrate-refugees\/\">NETWORK Companies integrate refugees<\/a><\/h2><p class=\"excerpt\">We are pleased to announce that our group of companies has joined the &#8216;NETZWERK Unternehmen integrieren Fl\u00fcchtlinge&#8217;. Many companies in Germany are already committed to the integration of refugees or intend to do so. The network &#8216;NETZWERK Unternehmen integrieren Fl\u00fcchtlinge&#8217; now brings these companies together....<\/p><\/div><\/div><\/li><li class=\"clearfix\"><div class=\"boxes_image\"><a href=\"https:\/\/www.wilms-tks.de\/en\/introduction-of-3g-control\/\"><span class=\"latest_post_overlay\"><i class=\"icon_plus\" aria-hidden=\"true\"><\/i><\/span><\/a><\/div><div class=\"latest_post\" ><div class=\"latest_post_text\"><span class=\"date_holder post_info_section\"><span class=\"date\">25. November 2021<\/span><\/span><h2 class=\"latest_post_title \"><a href=\"https:\/\/www.wilms-tks.de\/en\/introduction-of-3g-control\/\">Introduction of 3G Control<\/a><\/h2><p class=\"excerpt\">Due to the current Corona development, we are supplementing our hygiene measures in line with the amended legislation. As of 24 Nov 2021 also visitors need to comply with 3G regulations. Access to warehouse and office areas will only be possible if proof of recovery,......<\/p><\/div><\/div><\/li><li class=\"clearfix\"><div class=\"boxes_image\"><a href=\"https:\/\/www.wilms-tks.de\/en\/covid-and-summertime\/\"><span class=\"latest_post_overlay\"><i class=\"icon_plus\" aria-hidden=\"true\"><\/i><\/span><\/a><\/div><div class=\"latest_post\" ><div class=\"latest_post_text\"><span class=\"date_holder post_info_section\"><span class=\"date\">25. May 2021<\/span><\/span><h2 class=\"latest_post_title \"><a href=\"https:\/\/www.wilms-tks.de\/en\/covid-and-summertime\/\">Covid and summertime<\/a><\/h2><p class=\"excerpt\">Do you feel the same way ? We, at least, can no longer hear &#8220;Covid&#8221;! We are therefore pleased that the beginning of summer is just around the corner. At least meteorologically. All that&#8217;s missing now are some (pre-) summer temperatures and a blue sky.......<\/p><\/div><\/div><\/li><li class=\"clearfix\"><div class=\"boxes_image\"><a href=\"https:\/\/www.wilms-tks.de\/en\/seasons-greetings\/\"><img loading=\"lazy\" decoding=\"async\" width=\"550\" height=\"262\" src=\"https:\/\/www.wilms-tks.de\/wp-content\/uploads\/2020\/12\/Wilms-Front-Karte-1-550x262.jpg\" class=\"attachment-portfolio-default size-portfolio-default wp-post-image\" alt=\"Frohe Weihnachten\" srcset=\"https:\/\/www.wilms-tks.de\/wp-content\/uploads\/2020\/12\/Wilms-Front-Karte-1-550x262.jpg 550w, https:\/\/www.wilms-tks.de\/wp-content\/uploads\/2020\/12\/Wilms-Front-Karte-1-300x143.jpg 300w, https:\/\/www.wilms-tks.de\/wp-content\/uploads\/2020\/12\/Wilms-Front-Karte-1-768x366.jpg 768w, https:\/\/www.wilms-tks.de\/wp-content\/uploads\/2020\/12\/Wilms-Front-Karte-1-800x381.jpg 800w, https:\/\/www.wilms-tks.de\/wp-content\/uploads\/2020\/12\/Wilms-Front-Karte-1-600x286.jpg 600w, https:\/\/www.wilms-tks.de\/wp-content\/uploads\/2020\/12\/Wilms-Front-Karte-1-500x238.jpg 500w, https:\/\/www.wilms-tks.de\/wp-content\/uploads\/2020\/12\/Wilms-Front-Karte-1-700x334.jpg 700w, https:\/\/www.wilms-tks.de\/wp-content\/uploads\/2020\/12\/Wilms-Front-Karte-1.jpg 940w\" sizes=\"auto, (max-width: 550px) 100vw, 550px\" \/><span class=\"latest_post_overlay\"><i class=\"icon_plus\" aria-hidden=\"true\"><\/i><\/span><\/a><\/div><div class=\"latest_post\" ><div class=\"latest_post_text\"><span class=\"date_holder post_info_section\"><span class=\"date\">22. December 2020<\/span><\/span><h2 class=\"latest_post_title \"><a href=\"https:\/\/www.wilms-tks.de\/en\/seasons-greetings\/\">Seasons Greetings<\/a><\/h2><p class=\"excerpt\">A challenging year with many ups and downs is slowly coming to an end. We wish you and your families a Merry Christmas and a Happy and Healthy New Year 2021!...<\/p><\/div><\/div><\/li><li class=\"clearfix\"><div class=\"boxes_image\"><a href=\"https:\/\/www.wilms-tks.de\/en\/coronavirus-pandemic\/\"><span class=\"latest_post_overlay\"><i class=\"icon_plus\" aria-hidden=\"true\"><\/i><\/span><\/a><\/div><div class=\"latest_post\" ><div class=\"latest_post_text\"><span class=\"date_holder post_info_section\"><span class=\"date\">28. August 2020<\/span><\/span><h2 class=\"latest_post_title \"><a href=\"https:\/\/www.wilms-tks.de\/en\/coronavirus-pandemic\/\">Coronavirus pandemic<\/a><\/h2><p class=\"excerpt\">We fully support the measures defined by the German government with regard to the corona virus and take the COVID-19 pandemic very seriously. As a food company, hygiene measures are of course no strangers to us. Nevertheless, the corona virus also presents us with major......<\/p><\/div><\/div><\/li><li class=\"clearfix\"><div class=\"boxes_image\"><a href=\"https:\/\/www.wilms-tks.de\/en\/severe-weather-warning-postponement-of-delivery\/\"><span class=\"latest_post_overlay\"><i class=\"icon_plus\" aria-hidden=\"true\"><\/i><\/span><\/a><\/div><div class=\"latest_post\" ><div class=\"latest_post_text\"><span class=\"date_holder post_info_section\"><span class=\"date\">9. February 2020<\/span><\/span><h2 class=\"latest_post_title \"><a href=\"https:\/\/www.wilms-tks.de\/en\/severe-weather-warning-postponement-of-delivery\/\">Severe weather warning \/ postponement of delivery<\/a><\/h2><p class=\"excerpt\">Due to the hurricane low &#8220;Sabine&#8221;, which has already caused serious damage in North Rhine-Westphalia and roads have been blocked, we are forced to postpone delivery for the delivery date Monday by one day. In individual cases, it will probably take until the end of......<\/p><\/div><\/div><\/li><li class=\"clearfix\"><div class=\"boxes_image\"><a href=\"https:\/\/www.wilms-tks.de\/en\/homepage-relaunch-at-wilms-tiefkuehl-service\/\"><img loading=\"lazy\" decoding=\"async\" width=\"550\" height=\"309\" src=\"https:\/\/www.wilms-tks.de\/wp-content\/uploads\/2020\/01\/homepage_relaunch_bei_wilms_tiefkuehl_service-550x309.jpg\" class=\"attachment-portfolio-default size-portfolio-default wp-post-image\" alt=\"Homepage Relaunch bei WILMS Tiefk\u00fchl-Service\" srcset=\"https:\/\/www.wilms-tks.de\/wp-content\/uploads\/2020\/01\/homepage_relaunch_bei_wilms_tiefkuehl_service-550x309.jpg 550w, https:\/\/www.wilms-tks.de\/wp-content\/uploads\/2020\/01\/homepage_relaunch_bei_wilms_tiefkuehl_service-300x169.jpg 300w, https:\/\/www.wilms-tks.de\/wp-content\/uploads\/2020\/01\/homepage_relaunch_bei_wilms_tiefkuehl_service-1024x576.jpg 1024w, https:\/\/www.wilms-tks.de\/wp-content\/uploads\/2020\/01\/homepage_relaunch_bei_wilms_tiefkuehl_service-768x432.jpg 768w, https:\/\/www.wilms-tks.de\/wp-content\/uploads\/2020\/01\/homepage_relaunch_bei_wilms_tiefkuehl_service-1536x864.jpg 1536w, https:\/\/www.wilms-tks.de\/wp-content\/uploads\/2020\/01\/homepage_relaunch_bei_wilms_tiefkuehl_service-800x450.jpg 800w, https:\/\/www.wilms-tks.de\/wp-content\/uploads\/2020\/01\/homepage_relaunch_bei_wilms_tiefkuehl_service-600x338.jpg 600w, https:\/\/www.wilms-tks.de\/wp-content\/uploads\/2020\/01\/homepage_relaunch_bei_wilms_tiefkuehl_service-500x281.jpg 500w, https:\/\/www.wilms-tks.de\/wp-content\/uploads\/2020\/01\/homepage_relaunch_bei_wilms_tiefkuehl_service-1000x563.jpg 1000w, https:\/\/www.wilms-tks.de\/wp-content\/uploads\/2020\/01\/homepage_relaunch_bei_wilms_tiefkuehl_service-700x394.jpg 700w, https:\/\/www.wilms-tks.de\/wp-content\/uploads\/2020\/01\/homepage_relaunch_bei_wilms_tiefkuehl_service-1100x619.jpg 1100w, https:\/\/www.wilms-tks.de\/wp-content\/uploads\/2020\/01\/homepage_relaunch_bei_wilms_tiefkuehl_service.jpg 1920w\" sizes=\"auto, (max-width: 550px) 100vw, 550px\" \/><span class=\"latest_post_overlay\"><i class=\"icon_plus\" aria-hidden=\"true\"><\/i><\/span><\/a><\/div><div class=\"latest_post\" ><div class=\"latest_post_text\"><span class=\"date_holder post_info_section\"><span class=\"date\">15. January 2020<\/span><\/span><h2 class=\"latest_post_title \"><a href=\"https:\/\/www.wilms-tks.de\/en\/homepage-relaunch-at-wilms-tiefkuehl-service\/\">Homepage relaunch at WILMS Tiefk\u00fchl-Service<\/a><\/h2><p class=\"excerpt\">At the beginning of 2020, we refreshed our homepage with new photos, modernized it and updated it technically. Our pages can now also be accessed with a tablet or smartphone. Do you like our new appearance? Can we offer you one of our services? We......<\/p><\/div><\/div><\/li><li class=\"clearfix\"><div class=\"boxes_image\"><a href=\"https:\/\/www.wilms-tks.de\/en\/christmas-greeting-from-the-wilms-group-of-companies\/\"><img loading=\"lazy\" decoding=\"async\" width=\"550\" height=\"256\" src=\"https:\/\/www.wilms-tks.de\/wp-content\/uploads\/2019\/12\/weihnachtskarte-550x256.jpg\" class=\"attachment-portfolio-default size-portfolio-default wp-post-image\" alt=\"Weihnachtsgru\u00df der Unternehmensgruppe WILMS\" srcset=\"https:\/\/www.wilms-tks.de\/wp-content\/uploads\/2019\/12\/weihnachtskarte-550x256.jpg 550w, https:\/\/www.wilms-tks.de\/wp-content\/uploads\/2019\/12\/weihnachtskarte-300x140.jpg 300w, https:\/\/www.wilms-tks.de\/wp-content\/uploads\/2019\/12\/weihnachtskarte-768x358.jpg 768w, https:\/\/www.wilms-tks.de\/wp-content\/uploads\/2019\/12\/weihnachtskarte-1024x477.jpg 1024w, https:\/\/www.wilms-tks.de\/wp-content\/uploads\/2019\/12\/weihnachtskarte-1536x716.jpg 1536w, https:\/\/www.wilms-tks.de\/wp-content\/uploads\/2019\/12\/weihnachtskarte-800x373.jpg 800w, https:\/\/www.wilms-tks.de\/wp-content\/uploads\/2019\/12\/weihnachtskarte-600x280.jpg 600w, https:\/\/www.wilms-tks.de\/wp-content\/uploads\/2019\/12\/weihnachtskarte-500x233.jpg 500w, https:\/\/www.wilms-tks.de\/wp-content\/uploads\/2019\/12\/weihnachtskarte-1000x466.jpg 1000w, https:\/\/www.wilms-tks.de\/wp-content\/uploads\/2019\/12\/weihnachtskarte-700x326.jpg 700w, https:\/\/www.wilms-tks.de\/wp-content\/uploads\/2019\/12\/weihnachtskarte-1100x513.jpg 1100w, https:\/\/www.wilms-tks.de\/wp-content\/uploads\/2019\/12\/weihnachtskarte.jpg 1920w\" sizes=\"auto, (max-width: 550px) 100vw, 550px\" \/><span class=\"latest_post_overlay\"><i class=\"icon_plus\" aria-hidden=\"true\"><\/i><\/span><\/a><\/div><div class=\"latest_post\" ><div class=\"latest_post_text\"><span class=\"date_holder post_info_section\"><span class=\"date\">18. December 2019<\/span><\/span><h2 class=\"latest_post_title \"><a href=\"https:\/\/www.wilms-tks.de\/en\/christmas-greeting-from-the-wilms-group-of-companies\/\">Christmas greeting from the WILMS group of companies<\/a><\/h2><p class=\"excerpt\">We wish you and your families a Merry Christmas and a Happy New Year 2020!...<\/p><\/div><\/div><\/li><\/ul><\/div>[\/vc_column][\/vc_row]<\/p>\n<\/div>","protected":false},"excerpt":{"rendered":"<p>[vc_row row_type=&#8221;row&#8221; use_row_as_full_screen_section=&#8221;no&#8221; type=&#8221;full_width&#8221; text_align=&#8221;left&#8221; background_animation=&#8221;none&#8221; padding_bottom=&#8221;45&#8243; css_animation=&#8221;&#8221; css=&#8221;.vc_custom_1576592022844{padding-top: 10px !important;}&#8221;][vc_column][vc_column_text][\/vc_column_text][\/vc_column][\/vc_row]<\/p>\n","protected":false},"author":1,"featured_media":0,"parent":22665,"menu_order":820,"comment_status":"closed","ping_status":"closed","template":"","meta":{"footnotes":""},"class_list":["post-22667","page","type-page","status-publish","hentry"],"yoast_head":"<!-- This site is optimized with the Yoast SEO plugin v27.0 - https:\/\/yoast.com\/product\/yoast-seo-wordpress\/ -->\n<title>Press archive WILMS TKS refrigerated temperature-controlled transport contract logistics warehousing fresh food organic products ice cream<\/title>\n<meta name=\"description\" content=\"Press archive WILMS TKS from simple warehousing to sophisticated contract logistics - refrigerated temperature-controlled transport warehousing fresh food frozen organic products ice cream\" \/>\n<meta name=\"robots\" content=\"index, follow, max-snippet:-1, max-image-preview:large, max-video-preview:-1\" \/>\n<link rel=\"canonical\" href=\"https:\/\/www.wilms-tks.de\/en\/news\/press-archive\/\" \/>\n<meta property=\"og:locale\" content=\"en_US\" \/>\n<meta property=\"og:type\" content=\"article\" \/>\n<meta property=\"og:title\" content=\"Press archive WILMS TKS refrigerated temperature-controlled transport contract logistics warehousing fresh food organic products ice cream\" \/>\n<meta property=\"og:description\" content=\"Press archive WILMS TKS from simple warehousing to sophisticated contract logistics - refrigerated temperature-controlled transport warehousing fresh food frozen organic products ice cream\" \/>\n<meta property=\"og:url\" content=\"https:\/\/www.wilms-tks.de\/en\/news\/press-archive\/\" \/>\n<meta property=\"og:site_name\" content=\"WILMS Tiefk\u00fchl-Service\" \/>\n<meta property=\"article:modified_time\" content=\"2020-01-17T18:21:20+00:00\" \/>\n<meta name=\"twitter:card\" content=\"summary_large_image\" \/>\n<script type=\"application\/ld+json\" class=\"yoast-schema-graph\">{\"@context\":\"https:\/\/schema.org\",\"@graph\":[{\"@type\":\"WebPage\",\"@id\":\"https:\/\/www.wilms-tks.de\/en\/news\/press-archive\/\",\"url\":\"https:\/\/www.wilms-tks.de\/en\/news\/press-archive\/\",\"name\":\"Press archive WILMS TKS refrigerated temperature-controlled transport contract logistics warehousing fresh food organic products ice cream\",\"isPartOf\":{\"@id\":\"https:\/\/www.wilms-tks.de\/en\/#website\"},\"datePublished\":\"2019-12-18T14:08:25+00:00\",\"dateModified\":\"2020-01-17T18:21:20+00:00\",\"description\":\"Press archive WILMS TKS from simple warehousing to sophisticated contract logistics - refrigerated temperature-controlled transport warehousing fresh food frozen organic products ice cream\",\"breadcrumb\":{\"@id\":\"https:\/\/www.wilms-tks.de\/en\/news\/press-archive\/#breadcrumb\"},\"inLanguage\":\"en-US\",\"potentialAction\":[{\"@type\":\"ReadAction\",\"target\":[\"https:\/\/www.wilms-tks.de\/en\/news\/press-archive\/\"]}]},{\"@type\":\"BreadcrumbList\",\"@id\":\"https:\/\/www.wilms-tks.de\/en\/news\/press-archive\/#breadcrumb\",\"itemListElement\":[{\"@type\":\"ListItem\",\"position\":1,\"name\":\"Startseite\",\"item\":\"https:\/\/www.wilms-tks.de\/en\/\"},{\"@type\":\"ListItem\",\"position\":2,\"name\":\"News\",\"item\":\"https:\/\/www.wilms-tks.de\/en\/news\/\"},{\"@type\":\"ListItem\",\"position\":3,\"name\":\"Press archive\"}]},{\"@type\":\"WebSite\",\"@id\":\"https:\/\/www.wilms-tks.de\/en\/#website\",\"url\":\"https:\/\/www.wilms-tks.de\/en\/\",\"name\":\"WILMS Tiefk\u00fchl-Service\",\"description\":\"Tiefk\u00fchl, Tiefkuehl, kuehl, temperaturgef\u00fchrt, temperaturgefuehrt, TK-Gefl\u00fcgel, TK-Gefluegel, TK-Gem\u00fcse, TK-Gemuese, Kommissionierung, temperaturgef\u00fchrte Lebensmittel, Bioprodukte, Gro\u00dfhandel, Niederkr\u00fcchten, Viersen, Willich, WILMS Tiefk\u00fchl-Service, WILMS TKS\",\"publisher\":{\"@id\":\"https:\/\/www.wilms-tks.de\/en\/#organization\"},\"potentialAction\":[{\"@type\":\"SearchAction\",\"target\":{\"@type\":\"EntryPoint\",\"urlTemplate\":\"https:\/\/www.wilms-tks.de\/en\/?s={search_term_string}\"},\"query-input\":{\"@type\":\"PropertyValueSpecification\",\"valueRequired\":true,\"valueName\":\"search_term_string\"}}],\"inLanguage\":\"en-US\"},{\"@type\":\"Organization\",\"@id\":\"https:\/\/www.wilms-tks.de\/en\/#organization\",\"name\":\"WILMS Tiefk\u00fchl-Service GmbH\",\"url\":\"https:\/\/www.wilms-tks.de\/en\/\",\"logo\":{\"@type\":\"ImageObject\",\"inLanguage\":\"en-US\",\"@id\":\"https:\/\/www.wilms-tks.de\/en\/#\/schema\/logo\/image\/\",\"url\":\"https:\/\/www.wilms-tks.de\/wp-content\/uploads\/2019\/12\/Logo-RGB-ohne-Schrift_weiss.jpg\",\"contentUrl\":\"https:\/\/www.wilms-tks.de\/wp-content\/uploads\/2019\/12\/Logo-RGB-ohne-Schrift_weiss.jpg\",\"width\":334,\"height\":476,\"caption\":\"WILMS Tiefk\u00fchl-Service GmbH\"},\"image\":{\"@id\":\"https:\/\/www.wilms-tks.de\/en\/#\/schema\/logo\/image\/\"}}]}<\/script>\n<!-- \/ Yoast SEO plugin. -->","yoast_head_json":{"title":"Press archive WILMS TKS refrigerated temperature-controlled transport contract logistics warehousing fresh food organic products ice cream","description":"Press archive WILMS TKS from simple warehousing to sophisticated contract logistics - refrigerated temperature-controlled transport warehousing fresh food frozen organic products ice cream","robots":{"index":"index","follow":"follow","max-snippet":"max-snippet:-1","max-image-preview":"max-image-preview:large","max-video-preview":"max-video-preview:-1"},"canonical":"https:\/\/www.wilms-tks.de\/en\/news\/press-archive\/","og_locale":"en_US","og_type":"article","og_title":"Press archive WILMS TKS refrigerated temperature-controlled transport contract logistics warehousing fresh food organic products ice cream","og_description":"Press archive WILMS TKS from simple warehousing to sophisticated contract logistics - refrigerated temperature-controlled transport warehousing fresh food frozen organic products ice cream","og_url":"https:\/\/www.wilms-tks.de\/en\/news\/press-archive\/","og_site_name":"WILMS Tiefk\u00fchl-Service","article_modified_time":"2020-01-17T18:21:20+00:00","twitter_card":"summary_large_image","schema":{"@context":"https:\/\/schema.org","@graph":[{"@type":"WebPage","@id":"https:\/\/www.wilms-tks.de\/en\/news\/press-archive\/","url":"https:\/\/www.wilms-tks.de\/en\/news\/press-archive\/","name":"Press archive WILMS TKS refrigerated temperature-controlled transport contract logistics warehousing fresh food organic products ice cream","isPartOf":{"@id":"https:\/\/www.wilms-tks.de\/en\/#website"},"datePublished":"2019-12-18T14:08:25+00:00","dateModified":"2020-01-17T18:21:20+00:00","description":"Press archive WILMS TKS from simple warehousing to sophisticated contract logistics - refrigerated temperature-controlled transport warehousing fresh food frozen organic products ice cream","breadcrumb":{"@id":"https:\/\/www.wilms-tks.de\/en\/news\/press-archive\/#breadcrumb"},"inLanguage":"en-US","potentialAction":[{"@type":"ReadAction","target":["https:\/\/www.wilms-tks.de\/en\/news\/press-archive\/"]}]},{"@type":"BreadcrumbList","@id":"https:\/\/www.wilms-tks.de\/en\/news\/press-archive\/#breadcrumb","itemListElement":[{"@type":"ListItem","position":1,"name":"Startseite","item":"https:\/\/www.wilms-tks.de\/en\/"},{"@type":"ListItem","position":2,"name":"News","item":"https:\/\/www.wilms-tks.de\/en\/news\/"},{"@type":"ListItem","position":3,"name":"Press archive"}]},{"@type":"WebSite","@id":"https:\/\/www.wilms-tks.de\/en\/#website","url":"https:\/\/www.wilms-tks.de\/en\/","name":"WILMS Tiefk\u00fchl-Service","description":"Tiefk\u00fchl, Tiefkuehl, kuehl, temperaturgef\u00fchrt, temperaturgefuehrt, TK-Gefl\u00fcgel, TK-Gefluegel, TK-Gem\u00fcse, TK-Gemuese, Kommissionierung, temperaturgef\u00fchrte Lebensmittel, Bioprodukte, Gro\u00dfhandel, Niederkr\u00fcchten, Viersen, Willich, WILMS Tiefk\u00fchl-Service, WILMS TKS","publisher":{"@id":"https:\/\/www.wilms-tks.de\/en\/#organization"},"potentialAction":[{"@type":"SearchAction","target":{"@type":"EntryPoint","urlTemplate":"https:\/\/www.wilms-tks.de\/en\/?s={search_term_string}"},"query-input":{"@type":"PropertyValueSpecification","valueRequired":true,"valueName":"search_term_string"}}],"inLanguage":"en-US"},{"@type":"Organization","@id":"https:\/\/www.wilms-tks.de\/en\/#organization","name":"WILMS Tiefk\u00fchl-Service GmbH","url":"https:\/\/www.wilms-tks.de\/en\/","logo":{"@type":"ImageObject","inLanguage":"en-US","@id":"https:\/\/www.wilms-tks.de\/en\/#\/schema\/logo\/image\/","url":"https:\/\/www.wilms-tks.de\/wp-content\/uploads\/2019\/12\/Logo-RGB-ohne-Schrift_weiss.jpg","contentUrl":"https:\/\/www.wilms-tks.de\/wp-content\/uploads\/2019\/12\/Logo-RGB-ohne-Schrift_weiss.jpg","width":334,"height":476,"caption":"WILMS Tiefk\u00fchl-Service GmbH"},"image":{"@id":"https:\/\/www.wilms-tks.de\/en\/#\/schema\/logo\/image\/"}}]}},"_links":{"self":[{"href":"https:\/\/www.wilms-tks.de\/en\/wp-json\/wp\/v2\/pages\/22667","targetHints":{"allow":["GET"]}}],"collection":[{"href":"https:\/\/www.wilms-tks.de\/en\/wp-json\/wp\/v2\/pages"}],"about":[{"href":"https:\/\/www.wilms-tks.de\/en\/wp-json\/wp\/v2\/types\/page"}],"author":[{"embeddable":true,"href":"https:\/\/www.wilms-tks.de\/en\/wp-json\/wp\/v2\/users\/1"}],"replies":[{"embeddable":true,"href":"https:\/\/www.wilms-tks.de\/en\/wp-json\/wp\/v2\/comments?post=22667"}],"version-history":[{"count":0,"href":"https:\/\/www.wilms-tks.de\/en\/wp-json\/wp\/v2\/pages\/22667\/revisions"}],"up":[{"embeddable":true,"href":"https:\/\/www.wilms-tks.de\/en\/wp-json\/wp\/v2\/pages\/22665"}],"wp:attachment":[{"href":"https:\/\/www.wilms-tks.de\/en\/wp-json\/wp\/v2\/media?parent=22667"}],"curies":[{"name":"wp","href":"https:\/\/api.w.org\/{rel}","templated":true}]}}