{"id":22655,"date":"2019-12-18T14:59:40","date_gmt":"2019-12-18T13:59:40","guid":{"rendered":"http:\/\/wordpress.wilms-tks.de\/contact\/"},"modified":"2020-01-17T19:13:14","modified_gmt":"2020-01-17T18:13:14","slug":"contact","status":"publish","type":"page","link":"https:\/\/www.wilms-tks.de\/en\/contact\/","title":{"rendered":"Contact"},"content":{"rendered":"<div class=\"wpb-content-wrapper\"><p>[vc_row row_type=&#8221;row&#8221; use_row_as_full_screen_section=&#8221;no&#8221; type=&#8221;full_width&#8221; text_align=&#8221;left&#8221; background_animation=&#8221;none&#8221; padding_bottom=&#8221;45&#8243; css_animation=&#8221;&#8221; css=&#8221;.vc_custom_1576592004552{padding-top: 10px !important;}&#8221;][vc_column][vc_column_text]<\/p>\n<h1>Contact<\/h1>\n<p><strong>Head Office:<\/strong><\/p>\n<p>WILMS Tiefk\u00fchl-Service GmbH<br \/>\nSohlweg 2<br \/>\nD-41372 Niederkr\u00fcchten<\/p>\n<p>T +49 (0)2163 8987-0<br \/>\nF +49 (0)2163 8987-60<br \/>\n<a href=\"mailto:info@wilms-tks.de\">info@wilms-tks.de<\/a><\/p>\n<p>The office hours of the administration are Monday to Friday from 8:00 a.m. to 12:30 p.m. or from 1:00 p.m. to 4:30 p.m.<\/p>\n<h2>Contact form<\/h2>\n<div class=\"wpcf7 no-js\" id=\"wpcf7-f5-o1\" lang=\"de-DE\" dir=\"ltr\" data-wpcf7-id=\"5\">\n<div class=\"screen-reader-response\"><p role=\"status\" aria-live=\"polite\" aria-atomic=\"true\"><\/p> <ul><\/ul><\/div>\n<form action=\"\/en\/wp-json\/wp\/v2\/pages\/22655#wpcf7-f5-o1\" method=\"post\" class=\"wpcf7-form init wpcf7-acceptance-as-validation\" aria-label=\"Kontaktformular\" novalidate=\"novalidate\" data-status=\"init\">\n<fieldset class=\"hidden-fields-container\"><input type=\"hidden\" name=\"_wpcf7\" value=\"5\" \/><input type=\"hidden\" name=\"_wpcf7_version\" value=\"6.1.5\" \/><input type=\"hidden\" name=\"_wpcf7_locale\" value=\"de_DE\" \/><input type=\"hidden\" name=\"_wpcf7_unit_tag\" value=\"wpcf7-f5-o1\" \/><input type=\"hidden\" name=\"_wpcf7_container_post\" value=\"0\" \/><input type=\"hidden\" name=\"_wpcf7_posted_data_hash\" value=\"\" \/>\n<\/fieldset>\n<p><label> Company<br \/>\n<span class=\"wpcf7-form-control-wrap\" data-name=\"firma\"><input size=\"40\" maxlength=\"400\" class=\"wpcf7-form-control wpcf7-text\" aria-invalid=\"false\" value=\"\" type=\"text\" name=\"firma\" \/><\/span> <\/label>\n<\/p>\n<p><label> Salutation<br \/>\n<span class=\"wpcf7-form-control-wrap\" data-name=\"Anrede\"><select class=\"wpcf7-form-control wpcf7-select\" aria-invalid=\"false\" name=\"Anrede\"><option value=\"Mr.\">Mr.<\/option><option value=\"Mrs.\">Mrs.<\/option><\/select><\/span> <\/label>\n<\/p>\n<p><label> Title<br \/>\n<span class=\"wpcf7-form-control-wrap\" data-name=\"titel\"><input size=\"40\" maxlength=\"400\" class=\"wpcf7-form-control wpcf7-text\" aria-invalid=\"false\" value=\"\" type=\"text\" name=\"titel\" \/><\/span> <\/label>\n<\/p>\n<p><label> Name*<br \/>\n<span class=\"wpcf7-form-control-wrap\" data-name=\"your-name\"><input size=\"40\" maxlength=\"400\" class=\"wpcf7-form-control wpcf7-text wpcf7-validates-as-required\" aria-required=\"true\" aria-invalid=\"false\" value=\"\" type=\"text\" name=\"your-name\" \/><\/span> <\/label>\n<\/p>\n<p><label> Street<br \/>\n<span class=\"wpcf7-form-control-wrap\" data-name=\"strasse-hausnummer\"><input size=\"40\" maxlength=\"400\" class=\"wpcf7-form-control wpcf7-text\" aria-invalid=\"false\" value=\"\" type=\"text\" name=\"strasse-hausnummer\" \/><\/span> <\/label>\n<\/p>\n<p><label> ZIP, City<br \/>\n<span class=\"wpcf7-form-control-wrap\" data-name=\"plz-ort\"><input size=\"40\" maxlength=\"400\" class=\"wpcf7-form-control wpcf7-text\" aria-invalid=\"false\" value=\"\" type=\"text\" name=\"plz-ort\" \/><\/span> <\/label>\n<\/p>\n<p><label> Land<br \/>\n<span class=\"wpcf7-form-control-wrap\" data-name=\"land\"><input size=\"40\" maxlength=\"400\" class=\"wpcf7-form-control wpcf7-text\" aria-invalid=\"false\" value=\"\" type=\"text\" name=\"land\" \/><\/span> <\/label>\n<\/p>\n<p><label> E-Mail-address*<br \/>\n<span class=\"wpcf7-form-control-wrap\" data-name=\"your-email\"><input size=\"40\" maxlength=\"400\" class=\"wpcf7-form-control wpcf7-email wpcf7-validates-as-required wpcf7-text wpcf7-validates-as-email\" aria-required=\"true\" aria-invalid=\"false\" value=\"\" type=\"email\" name=\"your-email\" \/><\/span> <\/label>\n<\/p>\n<p><label> Telephone<br \/>\n<span class=\"wpcf7-form-control-wrap\" data-name=\"telefon\"><input size=\"40\" maxlength=\"400\" class=\"wpcf7-form-control wpcf7-text\" aria-invalid=\"false\" value=\"\" type=\"text\" name=\"telefon\" \/><\/span> <\/label>\n<\/p>\n<p><label> Fax<br \/>\n<span class=\"wpcf7-form-control-wrap\" data-name=\"fax\"><input size=\"40\" maxlength=\"400\" class=\"wpcf7-form-control wpcf7-text\" aria-invalid=\"false\" value=\"\" type=\"text\" name=\"fax\" \/><\/span> <\/label>\n<\/p>\n<p><label> Your request or comment*<br \/>\n<span class=\"wpcf7-form-control-wrap\" data-name=\"your-message\"><textarea cols=\"40\" rows=\"10\" maxlength=\"2000\" class=\"wpcf7-form-control wpcf7-textarea wpcf7-validates-as-required\" aria-required=\"true\" aria-invalid=\"false\" name=\"your-message\"><\/textarea><\/span> <\/label>\n<\/p>\n<p><span class=\"wpcf7-form-control-wrap\" data-name=\"Datenschutz\"><span class=\"wpcf7-form-control wpcf7-acceptance\"><span class=\"wpcf7-list-item\"><label><input type=\"checkbox\" name=\"Datenschutz\" value=\"1\" aria-invalid=\"false\" \/><span class=\"wpcf7-list-item-label\">We need your name and e-mail address to respond to your request. The more accurate your request, the more effectively we can respond. Privacy Policy: Your request will be encrypted. You agree that we may use the information to respond to your request. Further information on data protection and revocation information can be found in our privacy policy (<a href=\"https:\/\/www.wilms-tks.de\/en\/privacy-policy\/\" target=\"_blank\">https:\/\/www.wilms-tks.de\/en\/privacy-policy\/<\/a>).<\/span><\/label><\/span><\/span><\/span>\n<\/p>\n<p><input class=\"wpcf7-form-control wpcf7-submit has-spinner\" type=\"submit\" value=\"Send\" \/>\n<\/p><div class=\"wpcf7-response-output\" aria-hidden=\"true\"><\/div>\n<\/form>\n<\/div>\n[\/vc_column_text][\/vc_column][\/vc_row]<\/p>\n<\/div>","protected":false},"excerpt":{"rendered":"<p>[vc_row row_type=&#8221;row&#8221; use_row_as_full_screen_section=&#8221;no&#8221; type=&#8221;full_width&#8221; text_align=&#8221;left&#8221; background_animation=&#8221;none&#8221; padding_bottom=&#8221;45&#8243; css_animation=&#8221;&#8221; css=&#8221;.vc_custom_1576592004552{padding-top: 10px !important;}&#8221;][vc_column][vc_column_text] Contact Head Office: WILMS Tiefk\u00fchl-Service GmbH Sohlweg 2 D-41372 Niederkr\u00fcchten T +49 (0)2163 8987-0 F +49 (0)2163 8987-60 info@wilms-tks.de The office hours of the administration are Monday to Friday from 8:00 a.m. to 12:30&#8230;<\/p>\n","protected":false},"author":1,"featured_media":0,"parent":0,"menu_order":600,"comment_status":"closed","ping_status":"closed","template":"","meta":{"footnotes":""},"class_list":["post-22655","page","type-page","status-publish","hentry"],"yoast_head":"<!-- This site is optimized with the Yoast SEO plugin v27.0 - https:\/\/yoast.com\/product\/yoast-seo-wordpress\/ -->\n<title>Contact WILMS TKS refrigerated temperature-controlled transport contract logistics warehousing fresh food organic products ice cream<\/title>\n<meta name=\"description\" content=\"ContactWILMS TKS from simple warehousing to sophisticated contract logistics - refrigerated temperature-controlled transport warehousing fresh food frozen organic products ice cream\" \/>\n<meta name=\"robots\" content=\"index, follow, max-snippet:-1, max-image-preview:large, max-video-preview:-1\" \/>\n<link rel=\"canonical\" href=\"https:\/\/www.wilms-tks.de\/en\/contact\/\" \/>\n<meta property=\"og:locale\" content=\"en_US\" \/>\n<meta property=\"og:type\" content=\"article\" \/>\n<meta property=\"og:title\" content=\"Contact WILMS TKS refrigerated temperature-controlled transport contract logistics warehousing fresh food organic products ice cream\" \/>\n<meta property=\"og:description\" content=\"ContactWILMS TKS from simple warehousing to sophisticated contract logistics - refrigerated temperature-controlled transport warehousing fresh food frozen organic products ice cream\" \/>\n<meta property=\"og:url\" content=\"https:\/\/www.wilms-tks.de\/en\/contact\/\" \/>\n<meta property=\"og:site_name\" content=\"WILMS Tiefk\u00fchl-Service\" \/>\n<meta property=\"article:modified_time\" content=\"2020-01-17T18:13:14+00:00\" \/>\n<meta name=\"twitter:card\" content=\"summary_large_image\" \/>\n<script type=\"application\/ld+json\" class=\"yoast-schema-graph\">{\"@context\":\"https:\/\/schema.org\",\"@graph\":[{\"@type\":\"WebPage\",\"@id\":\"https:\/\/www.wilms-tks.de\/en\/contact\/\",\"url\":\"https:\/\/www.wilms-tks.de\/en\/contact\/\",\"name\":\"Contact WILMS TKS refrigerated temperature-controlled transport contract logistics warehousing fresh food organic products ice cream\",\"isPartOf\":{\"@id\":\"https:\/\/www.wilms-tks.de\/en\/#website\"},\"datePublished\":\"2019-12-18T13:59:40+00:00\",\"dateModified\":\"2020-01-17T18:13:14+00:00\",\"description\":\"ContactWILMS TKS from simple warehousing to sophisticated contract logistics - refrigerated temperature-controlled transport warehousing fresh food frozen organic products ice cream\",\"breadcrumb\":{\"@id\":\"https:\/\/www.wilms-tks.de\/en\/contact\/#breadcrumb\"},\"inLanguage\":\"en-US\",\"potentialAction\":[{\"@type\":\"ReadAction\",\"target\":[\"https:\/\/www.wilms-tks.de\/en\/contact\/\"]}]},{\"@type\":\"BreadcrumbList\",\"@id\":\"https:\/\/www.wilms-tks.de\/en\/contact\/#breadcrumb\",\"itemListElement\":[{\"@type\":\"ListItem\",\"position\":1,\"name\":\"Startseite\",\"item\":\"https:\/\/www.wilms-tks.de\/en\/\"},{\"@type\":\"ListItem\",\"position\":2,\"name\":\"Contact\"}]},{\"@type\":\"WebSite\",\"@id\":\"https:\/\/www.wilms-tks.de\/en\/#website\",\"url\":\"https:\/\/www.wilms-tks.de\/en\/\",\"name\":\"WILMS Tiefk\u00fchl-Service\",\"description\":\"Tiefk\u00fchl, Tiefkuehl, kuehl, temperaturgef\u00fchrt, temperaturgefuehrt, TK-Gefl\u00fcgel, TK-Gefluegel, TK-Gem\u00fcse, TK-Gemuese, Kommissionierung, temperaturgef\u00fchrte Lebensmittel, Bioprodukte, Gro\u00dfhandel, Niederkr\u00fcchten, Viersen, Willich, WILMS Tiefk\u00fchl-Service, WILMS TKS\",\"publisher\":{\"@id\":\"https:\/\/www.wilms-tks.de\/en\/#organization\"},\"potentialAction\":[{\"@type\":\"SearchAction\",\"target\":{\"@type\":\"EntryPoint\",\"urlTemplate\":\"https:\/\/www.wilms-tks.de\/en\/?s={search_term_string}\"},\"query-input\":{\"@type\":\"PropertyValueSpecification\",\"valueRequired\":true,\"valueName\":\"search_term_string\"}}],\"inLanguage\":\"en-US\"},{\"@type\":\"Organization\",\"@id\":\"https:\/\/www.wilms-tks.de\/en\/#organization\",\"name\":\"WILMS Tiefk\u00fchl-Service GmbH\",\"url\":\"https:\/\/www.wilms-tks.de\/en\/\",\"logo\":{\"@type\":\"ImageObject\",\"inLanguage\":\"en-US\",\"@id\":\"https:\/\/www.wilms-tks.de\/en\/#\/schema\/logo\/image\/\",\"url\":\"https:\/\/www.wilms-tks.de\/wp-content\/uploads\/2019\/12\/Logo-RGB-ohne-Schrift_weiss.jpg\",\"contentUrl\":\"https:\/\/www.wilms-tks.de\/wp-content\/uploads\/2019\/12\/Logo-RGB-ohne-Schrift_weiss.jpg\",\"width\":334,\"height\":476,\"caption\":\"WILMS Tiefk\u00fchl-Service GmbH\"},\"image\":{\"@id\":\"https:\/\/www.wilms-tks.de\/en\/#\/schema\/logo\/image\/\"}}]}<\/script>\n<!-- \/ Yoast SEO plugin. -->","yoast_head_json":{"title":"Contact WILMS TKS refrigerated temperature-controlled transport contract logistics warehousing fresh food organic products ice cream","description":"ContactWILMS TKS from simple warehousing to sophisticated contract logistics - refrigerated temperature-controlled transport warehousing fresh food frozen organic products ice cream","robots":{"index":"index","follow":"follow","max-snippet":"max-snippet:-1","max-image-preview":"max-image-preview:large","max-video-preview":"max-video-preview:-1"},"canonical":"https:\/\/www.wilms-tks.de\/en\/contact\/","og_locale":"en_US","og_type":"article","og_title":"Contact WILMS TKS refrigerated temperature-controlled transport contract logistics warehousing fresh food organic products ice cream","og_description":"ContactWILMS TKS from simple warehousing to sophisticated contract logistics - refrigerated temperature-controlled transport warehousing fresh food frozen organic products ice cream","og_url":"https:\/\/www.wilms-tks.de\/en\/contact\/","og_site_name":"WILMS Tiefk\u00fchl-Service","article_modified_time":"2020-01-17T18:13:14+00:00","twitter_card":"summary_large_image","schema":{"@context":"https:\/\/schema.org","@graph":[{"@type":"WebPage","@id":"https:\/\/www.wilms-tks.de\/en\/contact\/","url":"https:\/\/www.wilms-tks.de\/en\/contact\/","name":"Contact WILMS TKS refrigerated temperature-controlled transport contract logistics warehousing fresh food organic products ice cream","isPartOf":{"@id":"https:\/\/www.wilms-tks.de\/en\/#website"},"datePublished":"2019-12-18T13:59:40+00:00","dateModified":"2020-01-17T18:13:14+00:00","description":"ContactWILMS TKS from simple warehousing to sophisticated contract logistics - refrigerated temperature-controlled transport warehousing fresh food frozen organic products ice cream","breadcrumb":{"@id":"https:\/\/www.wilms-tks.de\/en\/contact\/#breadcrumb"},"inLanguage":"en-US","potentialAction":[{"@type":"ReadAction","target":["https:\/\/www.wilms-tks.de\/en\/contact\/"]}]},{"@type":"BreadcrumbList","@id":"https:\/\/www.wilms-tks.de\/en\/contact\/#breadcrumb","itemListElement":[{"@type":"ListItem","position":1,"name":"Startseite","item":"https:\/\/www.wilms-tks.de\/en\/"},{"@type":"ListItem","position":2,"name":"Contact"}]},{"@type":"WebSite","@id":"https:\/\/www.wilms-tks.de\/en\/#website","url":"https:\/\/www.wilms-tks.de\/en\/","name":"WILMS Tiefk\u00fchl-Service","description":"Tiefk\u00fchl, Tiefkuehl, kuehl, temperaturgef\u00fchrt, temperaturgefuehrt, TK-Gefl\u00fcgel, TK-Gefluegel, TK-Gem\u00fcse, TK-Gemuese, Kommissionierung, temperaturgef\u00fchrte Lebensmittel, Bioprodukte, Gro\u00dfhandel, Niederkr\u00fcchten, Viersen, Willich, WILMS Tiefk\u00fchl-Service, WILMS TKS","publisher":{"@id":"https:\/\/www.wilms-tks.de\/en\/#organization"},"potentialAction":[{"@type":"SearchAction","target":{"@type":"EntryPoint","urlTemplate":"https:\/\/www.wilms-tks.de\/en\/?s={search_term_string}"},"query-input":{"@type":"PropertyValueSpecification","valueRequired":true,"valueName":"search_term_string"}}],"inLanguage":"en-US"},{"@type":"Organization","@id":"https:\/\/www.wilms-tks.de\/en\/#organization","name":"WILMS Tiefk\u00fchl-Service GmbH","url":"https:\/\/www.wilms-tks.de\/en\/","logo":{"@type":"ImageObject","inLanguage":"en-US","@id":"https:\/\/www.wilms-tks.de\/en\/#\/schema\/logo\/image\/","url":"https:\/\/www.wilms-tks.de\/wp-content\/uploads\/2019\/12\/Logo-RGB-ohne-Schrift_weiss.jpg","contentUrl":"https:\/\/www.wilms-tks.de\/wp-content\/uploads\/2019\/12\/Logo-RGB-ohne-Schrift_weiss.jpg","width":334,"height":476,"caption":"WILMS Tiefk\u00fchl-Service GmbH"},"image":{"@id":"https:\/\/www.wilms-tks.de\/en\/#\/schema\/logo\/image\/"}}]}},"_links":{"self":[{"href":"https:\/\/www.wilms-tks.de\/en\/wp-json\/wp\/v2\/pages\/22655","targetHints":{"allow":["GET"]}}],"collection":[{"href":"https:\/\/www.wilms-tks.de\/en\/wp-json\/wp\/v2\/pages"}],"about":[{"href":"https:\/\/www.wilms-tks.de\/en\/wp-json\/wp\/v2\/types\/page"}],"author":[{"embeddable":true,"href":"https:\/\/www.wilms-tks.de\/en\/wp-json\/wp\/v2\/users\/1"}],"replies":[{"embeddable":true,"href":"https:\/\/www.wilms-tks.de\/en\/wp-json\/wp\/v2\/comments?post=22655"}],"version-history":[{"count":0,"href":"https:\/\/www.wilms-tks.de\/en\/wp-json\/wp\/v2\/pages\/22655\/revisions"}],"wp:attachment":[{"href":"https:\/\/www.wilms-tks.de\/en\/wp-json\/wp\/v2\/media?parent=22655"}],"curies":[{"name":"wp","href":"https:\/\/api.w.org\/{rel}","templated":true}]}}