{"id":22645,"date":"2019-12-18T14:55:28","date_gmt":"2019-12-18T13:55:28","guid":{"rendered":"http:\/\/wordpress.wilms-tks.de\/locations\/niederkruechten\/"},"modified":"2023-03-03T15:26:25","modified_gmt":"2023-03-03T14:26:25","slug":"niederkruechten","status":"publish","type":"page","link":"https:\/\/www.wilms-tks.de\/en\/locations\/niederkruechten\/","title":{"rendered":"Niederkr\u00fcchten"},"content":{"rendered":"<div class=\"wpb-content-wrapper\"><p>[vc_row row_type=&#8221;row&#8221; use_row_as_full_screen_section=&#8221;no&#8221; type=&#8221;full_width&#8221; text_align=&#8221;left&#8221; background_animation=&#8221;none&#8221; padding_bottom=&#8221;45&#8243; css_animation=&#8221;&#8221; css=&#8221;.vc_custom_1576591996437{padding-top: 10px !important;}&#8221;][vc_column][vc_column_text]<\/p>\n<h1>Niederkr\u00fcchten<\/h1>\n<p>At the Niederkr\u00fcchten site, WILMS Tiefk\u00fchl-Service has storage and handling capacities for the temperature zones frozen (-25\u00b0C) and chilled (+6\u00b0C).<\/p>\n<p>WILMS Tiefk\u00fchl-Service GmbH<\/p>\n<p>Sohlweg 2<br \/>\nD-41372 Niederkr\u00fcchten<\/p>\n<p><a href=\"https:\/\/www.wilms-tks.de\/wp-content\/uploads\/2019\/03\/2010-08-20-Standort-Niederkruechten.pdf\" target=\"_blank\" rel=\"noopener noreferrer\">Information for delivery and collection (PDF)<\/a><\/p>\n<p>T + 49 (0)2163 8987-0<br \/>\nF + 49 (0)2163 8987-60<br \/>\n<a href=\"mailto:logistik@wilms-tks.de\">logistik@wilms-tks.de<\/a>[\/vc_column_text][\/vc_column][\/vc_row]<\/p>\n<\/div>","protected":false},"excerpt":{"rendered":"<p>[vc_row row_type=&#8221;row&#8221; use_row_as_full_screen_section=&#8221;no&#8221; type=&#8221;full_width&#8221; text_align=&#8221;left&#8221; background_animation=&#8221;none&#8221; padding_bottom=&#8221;45&#8243; css_animation=&#8221;&#8221; css=&#8221;.vc_custom_1576591996437{padding-top: 10px !important;}&#8221;][vc_column][vc_column_text] Niederkr\u00fcchten At the Niederkr\u00fcchten site, WILMS Tiefk\u00fchl-Service has storage and handling capacities for the temperature zones frozen (-25\u00b0C) and chilled (+6\u00b0C). WILMS Tiefk\u00fchl-Service GmbH Sohlweg 2 D-41372 Niederkr\u00fcchten Information for delivery and collection (PDF)&#8230;<\/p>\n","protected":false},"author":1,"featured_media":0,"parent":22643,"menu_order":510,"comment_status":"closed","ping_status":"closed","template":"","meta":{"footnotes":""},"class_list":["post-22645","page","type-page","status-publish","hentry"],"yoast_head":"<!-- This site is optimized with the Yoast SEO plugin v27.0 - https:\/\/yoast.com\/product\/yoast-seo-wordpress\/ -->\n<title>Niederkr\u00fcchten WILMS temperature controlled logistics - job opportunities<\/title>\n<meta name=\"description\" content=\"Niederkr\u00fcchten WILMS Tiefk\u00fchl-Service - jobs in a dynamic industry\" \/>\n<meta name=\"robots\" content=\"index, follow, max-snippet:-1, max-image-preview:large, max-video-preview:-1\" \/>\n<link rel=\"canonical\" href=\"https:\/\/www.wilms-tks.de\/en\/locations\/niederkruechten\/\" \/>\n<meta property=\"og:locale\" content=\"en_US\" \/>\n<meta property=\"og:type\" content=\"article\" \/>\n<meta property=\"og:title\" content=\"Niederkr\u00fcchten WILMS temperature controlled logistics - job opportunities\" \/>\n<meta property=\"og:description\" content=\"Niederkr\u00fcchten WILMS Tiefk\u00fchl-Service - jobs in a dynamic industry\" \/>\n<meta property=\"og:url\" content=\"https:\/\/www.wilms-tks.de\/en\/locations\/niederkruechten\/\" \/>\n<meta property=\"og:site_name\" content=\"WILMS Tiefk\u00fchl-Service\" \/>\n<meta property=\"article:modified_time\" content=\"2023-03-03T14:26:25+00:00\" \/>\n<meta name=\"twitter:card\" content=\"summary_large_image\" \/>\n<script type=\"application\/ld+json\" class=\"yoast-schema-graph\">{\"@context\":\"https:\/\/schema.org\",\"@graph\":[{\"@type\":\"WebPage\",\"@id\":\"https:\/\/www.wilms-tks.de\/en\/locations\/niederkruechten\/\",\"url\":\"https:\/\/www.wilms-tks.de\/en\/locations\/niederkruechten\/\",\"name\":\"Niederkr\u00fcchten WILMS temperature controlled logistics - job opportunities\",\"isPartOf\":{\"@id\":\"https:\/\/www.wilms-tks.de\/en\/#website\"},\"datePublished\":\"2019-12-18T13:55:28+00:00\",\"dateModified\":\"2023-03-03T14:26:25+00:00\",\"description\":\"Niederkr\u00fcchten WILMS Tiefk\u00fchl-Service - jobs in a dynamic industry\",\"breadcrumb\":{\"@id\":\"https:\/\/www.wilms-tks.de\/en\/locations\/niederkruechten\/#breadcrumb\"},\"inLanguage\":\"en-US\",\"potentialAction\":[{\"@type\":\"ReadAction\",\"target\":[\"https:\/\/www.wilms-tks.de\/en\/locations\/niederkruechten\/\"]}]},{\"@type\":\"BreadcrumbList\",\"@id\":\"https:\/\/www.wilms-tks.de\/en\/locations\/niederkruechten\/#breadcrumb\",\"itemListElement\":[{\"@type\":\"ListItem\",\"position\":1,\"name\":\"Startseite\",\"item\":\"https:\/\/www.wilms-tks.de\/en\/\"},{\"@type\":\"ListItem\",\"position\":2,\"name\":\"Locations\",\"item\":\"https:\/\/www.wilms-tks.de\/en\/locations\/\"},{\"@type\":\"ListItem\",\"position\":3,\"name\":\"Niederkr\u00fcchten\"}]},{\"@type\":\"WebSite\",\"@id\":\"https:\/\/www.wilms-tks.de\/en\/#website\",\"url\":\"https:\/\/www.wilms-tks.de\/en\/\",\"name\":\"WILMS Tiefk\u00fchl-Service\",\"description\":\"Tiefk\u00fchl, Tiefkuehl, kuehl, temperaturgef\u00fchrt, temperaturgefuehrt, TK-Gefl\u00fcgel, TK-Gefluegel, TK-Gem\u00fcse, TK-Gemuese, Kommissionierung, temperaturgef\u00fchrte Lebensmittel, Bioprodukte, Gro\u00dfhandel, Niederkr\u00fcchten, Viersen, Willich, WILMS Tiefk\u00fchl-Service, WILMS TKS\",\"publisher\":{\"@id\":\"https:\/\/www.wilms-tks.de\/en\/#organization\"},\"potentialAction\":[{\"@type\":\"SearchAction\",\"target\":{\"@type\":\"EntryPoint\",\"urlTemplate\":\"https:\/\/www.wilms-tks.de\/en\/?s={search_term_string}\"},\"query-input\":{\"@type\":\"PropertyValueSpecification\",\"valueRequired\":true,\"valueName\":\"search_term_string\"}}],\"inLanguage\":\"en-US\"},{\"@type\":\"Organization\",\"@id\":\"https:\/\/www.wilms-tks.de\/en\/#organization\",\"name\":\"WILMS Tiefk\u00fchl-Service GmbH\",\"url\":\"https:\/\/www.wilms-tks.de\/en\/\",\"logo\":{\"@type\":\"ImageObject\",\"inLanguage\":\"en-US\",\"@id\":\"https:\/\/www.wilms-tks.de\/en\/#\/schema\/logo\/image\/\",\"url\":\"https:\/\/www.wilms-tks.de\/wp-content\/uploads\/2019\/12\/Logo-RGB-ohne-Schrift_weiss.jpg\",\"contentUrl\":\"https:\/\/www.wilms-tks.de\/wp-content\/uploads\/2019\/12\/Logo-RGB-ohne-Schrift_weiss.jpg\",\"width\":334,\"height\":476,\"caption\":\"WILMS Tiefk\u00fchl-Service GmbH\"},\"image\":{\"@id\":\"https:\/\/www.wilms-tks.de\/en\/#\/schema\/logo\/image\/\"}}]}<\/script>\n<!-- \/ Yoast SEO plugin. -->","yoast_head_json":{"title":"Niederkr\u00fcchten WILMS temperature controlled logistics - job opportunities","description":"Niederkr\u00fcchten WILMS Tiefk\u00fchl-Service - jobs in a dynamic industry","robots":{"index":"index","follow":"follow","max-snippet":"max-snippet:-1","max-image-preview":"max-image-preview:large","max-video-preview":"max-video-preview:-1"},"canonical":"https:\/\/www.wilms-tks.de\/en\/locations\/niederkruechten\/","og_locale":"en_US","og_type":"article","og_title":"Niederkr\u00fcchten WILMS temperature controlled logistics - job opportunities","og_description":"Niederkr\u00fcchten WILMS Tiefk\u00fchl-Service - jobs in a dynamic industry","og_url":"https:\/\/www.wilms-tks.de\/en\/locations\/niederkruechten\/","og_site_name":"WILMS Tiefk\u00fchl-Service","article_modified_time":"2023-03-03T14:26:25+00:00","twitter_card":"summary_large_image","schema":{"@context":"https:\/\/schema.org","@graph":[{"@type":"WebPage","@id":"https:\/\/www.wilms-tks.de\/en\/locations\/niederkruechten\/","url":"https:\/\/www.wilms-tks.de\/en\/locations\/niederkruechten\/","name":"Niederkr\u00fcchten WILMS temperature controlled logistics - job opportunities","isPartOf":{"@id":"https:\/\/www.wilms-tks.de\/en\/#website"},"datePublished":"2019-12-18T13:55:28+00:00","dateModified":"2023-03-03T14:26:25+00:00","description":"Niederkr\u00fcchten WILMS Tiefk\u00fchl-Service - jobs in a dynamic industry","breadcrumb":{"@id":"https:\/\/www.wilms-tks.de\/en\/locations\/niederkruechten\/#breadcrumb"},"inLanguage":"en-US","potentialAction":[{"@type":"ReadAction","target":["https:\/\/www.wilms-tks.de\/en\/locations\/niederkruechten\/"]}]},{"@type":"BreadcrumbList","@id":"https:\/\/www.wilms-tks.de\/en\/locations\/niederkruechten\/#breadcrumb","itemListElement":[{"@type":"ListItem","position":1,"name":"Startseite","item":"https:\/\/www.wilms-tks.de\/en\/"},{"@type":"ListItem","position":2,"name":"Locations","item":"https:\/\/www.wilms-tks.de\/en\/locations\/"},{"@type":"ListItem","position":3,"name":"Niederkr\u00fcchten"}]},{"@type":"WebSite","@id":"https:\/\/www.wilms-tks.de\/en\/#website","url":"https:\/\/www.wilms-tks.de\/en\/","name":"WILMS Tiefk\u00fchl-Service","description":"Tiefk\u00fchl, Tiefkuehl, kuehl, temperaturgef\u00fchrt, temperaturgefuehrt, TK-Gefl\u00fcgel, TK-Gefluegel, TK-Gem\u00fcse, TK-Gemuese, Kommissionierung, temperaturgef\u00fchrte Lebensmittel, Bioprodukte, Gro\u00dfhandel, Niederkr\u00fcchten, Viersen, Willich, WILMS Tiefk\u00fchl-Service, WILMS TKS","publisher":{"@id":"https:\/\/www.wilms-tks.de\/en\/#organization"},"potentialAction":[{"@type":"SearchAction","target":{"@type":"EntryPoint","urlTemplate":"https:\/\/www.wilms-tks.de\/en\/?s={search_term_string}"},"query-input":{"@type":"PropertyValueSpecification","valueRequired":true,"valueName":"search_term_string"}}],"inLanguage":"en-US"},{"@type":"Organization","@id":"https:\/\/www.wilms-tks.de\/en\/#organization","name":"WILMS Tiefk\u00fchl-Service GmbH","url":"https:\/\/www.wilms-tks.de\/en\/","logo":{"@type":"ImageObject","inLanguage":"en-US","@id":"https:\/\/www.wilms-tks.de\/en\/#\/schema\/logo\/image\/","url":"https:\/\/www.wilms-tks.de\/wp-content\/uploads\/2019\/12\/Logo-RGB-ohne-Schrift_weiss.jpg","contentUrl":"https:\/\/www.wilms-tks.de\/wp-content\/uploads\/2019\/12\/Logo-RGB-ohne-Schrift_weiss.jpg","width":334,"height":476,"caption":"WILMS Tiefk\u00fchl-Service GmbH"},"image":{"@id":"https:\/\/www.wilms-tks.de\/en\/#\/schema\/logo\/image\/"}}]}},"_links":{"self":[{"href":"https:\/\/www.wilms-tks.de\/en\/wp-json\/wp\/v2\/pages\/22645","targetHints":{"allow":["GET"]}}],"collection":[{"href":"https:\/\/www.wilms-tks.de\/en\/wp-json\/wp\/v2\/pages"}],"about":[{"href":"https:\/\/www.wilms-tks.de\/en\/wp-json\/wp\/v2\/types\/page"}],"author":[{"embeddable":true,"href":"https:\/\/www.wilms-tks.de\/en\/wp-json\/wp\/v2\/users\/1"}],"replies":[{"embeddable":true,"href":"https:\/\/www.wilms-tks.de\/en\/wp-json\/wp\/v2\/comments?post=22645"}],"version-history":[{"count":0,"href":"https:\/\/www.wilms-tks.de\/en\/wp-json\/wp\/v2\/pages\/22645\/revisions"}],"up":[{"embeddable":true,"href":"https:\/\/www.wilms-tks.de\/en\/wp-json\/wp\/v2\/pages\/22643"}],"wp:attachment":[{"href":"https:\/\/www.wilms-tks.de\/en\/wp-json\/wp\/v2\/media?parent=22645"}],"curies":[{"name":"wp","href":"https:\/\/api.w.org\/{rel}","templated":true}]}}