{"id":22641,"date":"2019-12-18T14:52:27","date_gmt":"2019-12-18T13:52:27","guid":{"rendered":"http:\/\/wordpress.wilms-tks.de\/logistics\/contract-logistics\/"},"modified":"2020-01-17T19:03:03","modified_gmt":"2020-01-17T18:03:03","slug":"contract-logistics","status":"publish","type":"page","link":"https:\/\/www.wilms-tks.de\/en\/logistics\/contract-logistics\/","title":{"rendered":"Contract logistics"},"content":{"rendered":"<div class=\"wpb-content-wrapper\"><p>[vc_row row_type=&#8221;row&#8221; use_row_as_full_screen_section=&#8221;no&#8221; type=&#8221;full_width&#8221; text_align=&#8221;left&#8221; background_animation=&#8221;none&#8221; padding_bottom=&#8221;45&#8243; css_animation=&#8221;&#8221; css=&#8221;.vc_custom_1576591989451{padding-top: 10px !important;}&#8221;][vc_column][vc_column_text]<\/p>\n<h1>Contract logistics<\/h1>\n<ul>\n<li>Combined warehousing and distribution logistics (3PL)<\/li>\n<li>Dedicated and multi-user warehousing logistics<\/li>\n<li>Warehouse management<\/li>\n<li>Outsourcing<\/li>\n<\/ul>\n<p>The WILMS Group offers a wide range of services along the supply chain: procurement, quality control, storage, packaging, order picking, distribution and returns management.<\/p>\n<p>For customers wishing to implement their own warehousing and logistics concept without the need of developing their own infrastructure, WILMS Tiefk\u00fchl-Service handles the logistical core functions while strictly adhering to customer specifications. Thanks to this level of support, warehousing and logistics capacities can be flexibly adapted to demand. The &#8220;breathing&#8221; WILMS logistics concept reduces costs.<\/p>\n<p>As part of outsourcing projects, WILMS Tiefk\u00fchl-Service also handles warehousing logistics, existing ones or ones newly to be established. WILMS Tiefk\u00fchl-Service adapts flexibly to the business structure and organisational processes of its customers and is fully integrated in the flow of goods.<\/p>\n<p>[\/vc_column_text][\/vc_column][\/vc_row]<\/p>\n<\/div>","protected":false},"excerpt":{"rendered":"<p>[vc_row row_type=&#8221;row&#8221; use_row_as_full_screen_section=&#8221;no&#8221; type=&#8221;full_width&#8221; text_align=&#8221;left&#8221; background_animation=&#8221;none&#8221; padding_bottom=&#8221;45&#8243; css_animation=&#8221;&#8221; css=&#8221;.vc_custom_1576591989451{padding-top: 10px !important;}&#8221;][vc_column][vc_column_text] Contract logistics Combined warehousing and distribution logistics (3PL) Dedicated and multi-user warehousing logistics Warehouse management Outsourcing The WILMS Group offers a wide range of services along the supply chain: procurement, quality control, storage, packaging,&#8230;<\/p>\n","protected":false},"author":1,"featured_media":0,"parent":22635,"menu_order":330,"comment_status":"closed","ping_status":"closed","template":"","meta":{"footnotes":""},"class_list":["post-22641","page","type-page","status-publish","hentry"],"yoast_head":"<!-- This site is optimized with the Yoast SEO plugin v27.0 - https:\/\/yoast.com\/product\/yoast-seo-wordpress\/ -->\n<title>Contract logistics WILMS TKS refrigerated temperature-controlled transport contract logistics warehousing fresh food organic products ice cream<\/title>\n<meta name=\"description\" content=\"Contract logistics TKS from simple warehousing to sophisticated contract logistics - refrigerated temperature-controlled transport warehousing fresh food frozen organic products ice cream\" \/>\n<meta name=\"robots\" content=\"index, follow, max-snippet:-1, max-image-preview:large, max-video-preview:-1\" \/>\n<link rel=\"canonical\" href=\"https:\/\/www.wilms-tks.de\/en\/logistics\/contract-logistics\/\" \/>\n<meta property=\"og:locale\" content=\"en_US\" \/>\n<meta property=\"og:type\" content=\"article\" \/>\n<meta property=\"og:title\" content=\"Contract logistics WILMS TKS refrigerated temperature-controlled transport contract logistics warehousing fresh food organic products ice cream\" \/>\n<meta property=\"og:description\" content=\"Contract logistics TKS from simple warehousing to sophisticated contract logistics - refrigerated temperature-controlled transport warehousing fresh food frozen organic products ice cream\" \/>\n<meta property=\"og:url\" content=\"https:\/\/www.wilms-tks.de\/en\/logistics\/contract-logistics\/\" \/>\n<meta property=\"og:site_name\" content=\"WILMS Tiefk\u00fchl-Service\" \/>\n<meta property=\"article:modified_time\" content=\"2020-01-17T18:03:03+00:00\" \/>\n<meta name=\"twitter:card\" content=\"summary_large_image\" \/>\n<meta name=\"twitter:label1\" content=\"Est. reading time\" \/>\n\t<meta name=\"twitter:data1\" content=\"1 minute\" \/>\n<script type=\"application\/ld+json\" class=\"yoast-schema-graph\">{\"@context\":\"https:\/\/schema.org\",\"@graph\":[{\"@type\":\"WebPage\",\"@id\":\"https:\/\/www.wilms-tks.de\/en\/logistics\/contract-logistics\/\",\"url\":\"https:\/\/www.wilms-tks.de\/en\/logistics\/contract-logistics\/\",\"name\":\"Contract logistics WILMS TKS refrigerated temperature-controlled transport contract logistics warehousing fresh food organic products ice cream\",\"isPartOf\":{\"@id\":\"https:\/\/www.wilms-tks.de\/en\/#website\"},\"datePublished\":\"2019-12-18T13:52:27+00:00\",\"dateModified\":\"2020-01-17T18:03:03+00:00\",\"description\":\"Contract logistics TKS from simple warehousing to sophisticated contract logistics - refrigerated temperature-controlled transport warehousing fresh food frozen organic products ice cream\",\"breadcrumb\":{\"@id\":\"https:\/\/www.wilms-tks.de\/en\/logistics\/contract-logistics\/#breadcrumb\"},\"inLanguage\":\"en-US\",\"potentialAction\":[{\"@type\":\"ReadAction\",\"target\":[\"https:\/\/www.wilms-tks.de\/en\/logistics\/contract-logistics\/\"]}]},{\"@type\":\"BreadcrumbList\",\"@id\":\"https:\/\/www.wilms-tks.de\/en\/logistics\/contract-logistics\/#breadcrumb\",\"itemListElement\":[{\"@type\":\"ListItem\",\"position\":1,\"name\":\"Startseite\",\"item\":\"https:\/\/www.wilms-tks.de\/en\/\"},{\"@type\":\"ListItem\",\"position\":2,\"name\":\"Logistics\",\"item\":\"https:\/\/www.wilms-tks.de\/en\/logistics\/\"},{\"@type\":\"ListItem\",\"position\":3,\"name\":\"Contract logistics\"}]},{\"@type\":\"WebSite\",\"@id\":\"https:\/\/www.wilms-tks.de\/en\/#website\",\"url\":\"https:\/\/www.wilms-tks.de\/en\/\",\"name\":\"WILMS Tiefk\u00fchl-Service\",\"description\":\"Tiefk\u00fchl, Tiefkuehl, kuehl, temperaturgef\u00fchrt, temperaturgefuehrt, TK-Gefl\u00fcgel, TK-Gefluegel, TK-Gem\u00fcse, TK-Gemuese, Kommissionierung, temperaturgef\u00fchrte Lebensmittel, Bioprodukte, Gro\u00dfhandel, Niederkr\u00fcchten, Viersen, Willich, WILMS Tiefk\u00fchl-Service, WILMS TKS\",\"publisher\":{\"@id\":\"https:\/\/www.wilms-tks.de\/en\/#organization\"},\"potentialAction\":[{\"@type\":\"SearchAction\",\"target\":{\"@type\":\"EntryPoint\",\"urlTemplate\":\"https:\/\/www.wilms-tks.de\/en\/?s={search_term_string}\"},\"query-input\":{\"@type\":\"PropertyValueSpecification\",\"valueRequired\":true,\"valueName\":\"search_term_string\"}}],\"inLanguage\":\"en-US\"},{\"@type\":\"Organization\",\"@id\":\"https:\/\/www.wilms-tks.de\/en\/#organization\",\"name\":\"WILMS Tiefk\u00fchl-Service GmbH\",\"url\":\"https:\/\/www.wilms-tks.de\/en\/\",\"logo\":{\"@type\":\"ImageObject\",\"inLanguage\":\"en-US\",\"@id\":\"https:\/\/www.wilms-tks.de\/en\/#\/schema\/logo\/image\/\",\"url\":\"https:\/\/www.wilms-tks.de\/wp-content\/uploads\/2019\/12\/Logo-RGB-ohne-Schrift_weiss.jpg\",\"contentUrl\":\"https:\/\/www.wilms-tks.de\/wp-content\/uploads\/2019\/12\/Logo-RGB-ohne-Schrift_weiss.jpg\",\"width\":334,\"height\":476,\"caption\":\"WILMS Tiefk\u00fchl-Service GmbH\"},\"image\":{\"@id\":\"https:\/\/www.wilms-tks.de\/en\/#\/schema\/logo\/image\/\"}}]}<\/script>\n<!-- \/ Yoast SEO plugin. -->","yoast_head_json":{"title":"Contract logistics WILMS TKS refrigerated temperature-controlled transport contract logistics warehousing fresh food organic products ice cream","description":"Contract logistics TKS from simple warehousing to sophisticated contract logistics - refrigerated temperature-controlled transport warehousing fresh food frozen organic products ice cream","robots":{"index":"index","follow":"follow","max-snippet":"max-snippet:-1","max-image-preview":"max-image-preview:large","max-video-preview":"max-video-preview:-1"},"canonical":"https:\/\/www.wilms-tks.de\/en\/logistics\/contract-logistics\/","og_locale":"en_US","og_type":"article","og_title":"Contract logistics WILMS TKS refrigerated temperature-controlled transport contract logistics warehousing fresh food organic products ice cream","og_description":"Contract logistics TKS from simple warehousing to sophisticated contract logistics - refrigerated temperature-controlled transport warehousing fresh food frozen organic products ice cream","og_url":"https:\/\/www.wilms-tks.de\/en\/logistics\/contract-logistics\/","og_site_name":"WILMS Tiefk\u00fchl-Service","article_modified_time":"2020-01-17T18:03:03+00:00","twitter_card":"summary_large_image","twitter_misc":{"Est. reading time":"1 minute"},"schema":{"@context":"https:\/\/schema.org","@graph":[{"@type":"WebPage","@id":"https:\/\/www.wilms-tks.de\/en\/logistics\/contract-logistics\/","url":"https:\/\/www.wilms-tks.de\/en\/logistics\/contract-logistics\/","name":"Contract logistics WILMS TKS refrigerated temperature-controlled transport contract logistics warehousing fresh food organic products ice cream","isPartOf":{"@id":"https:\/\/www.wilms-tks.de\/en\/#website"},"datePublished":"2019-12-18T13:52:27+00:00","dateModified":"2020-01-17T18:03:03+00:00","description":"Contract logistics TKS from simple warehousing to sophisticated contract logistics - refrigerated temperature-controlled transport warehousing fresh food frozen organic products ice cream","breadcrumb":{"@id":"https:\/\/www.wilms-tks.de\/en\/logistics\/contract-logistics\/#breadcrumb"},"inLanguage":"en-US","potentialAction":[{"@type":"ReadAction","target":["https:\/\/www.wilms-tks.de\/en\/logistics\/contract-logistics\/"]}]},{"@type":"BreadcrumbList","@id":"https:\/\/www.wilms-tks.de\/en\/logistics\/contract-logistics\/#breadcrumb","itemListElement":[{"@type":"ListItem","position":1,"name":"Startseite","item":"https:\/\/www.wilms-tks.de\/en\/"},{"@type":"ListItem","position":2,"name":"Logistics","item":"https:\/\/www.wilms-tks.de\/en\/logistics\/"},{"@type":"ListItem","position":3,"name":"Contract logistics"}]},{"@type":"WebSite","@id":"https:\/\/www.wilms-tks.de\/en\/#website","url":"https:\/\/www.wilms-tks.de\/en\/","name":"WILMS Tiefk\u00fchl-Service","description":"Tiefk\u00fchl, Tiefkuehl, kuehl, temperaturgef\u00fchrt, temperaturgefuehrt, TK-Gefl\u00fcgel, TK-Gefluegel, TK-Gem\u00fcse, TK-Gemuese, Kommissionierung, temperaturgef\u00fchrte Lebensmittel, Bioprodukte, Gro\u00dfhandel, Niederkr\u00fcchten, Viersen, Willich, WILMS Tiefk\u00fchl-Service, WILMS TKS","publisher":{"@id":"https:\/\/www.wilms-tks.de\/en\/#organization"},"potentialAction":[{"@type":"SearchAction","target":{"@type":"EntryPoint","urlTemplate":"https:\/\/www.wilms-tks.de\/en\/?s={search_term_string}"},"query-input":{"@type":"PropertyValueSpecification","valueRequired":true,"valueName":"search_term_string"}}],"inLanguage":"en-US"},{"@type":"Organization","@id":"https:\/\/www.wilms-tks.de\/en\/#organization","name":"WILMS Tiefk\u00fchl-Service GmbH","url":"https:\/\/www.wilms-tks.de\/en\/","logo":{"@type":"ImageObject","inLanguage":"en-US","@id":"https:\/\/www.wilms-tks.de\/en\/#\/schema\/logo\/image\/","url":"https:\/\/www.wilms-tks.de\/wp-content\/uploads\/2019\/12\/Logo-RGB-ohne-Schrift_weiss.jpg","contentUrl":"https:\/\/www.wilms-tks.de\/wp-content\/uploads\/2019\/12\/Logo-RGB-ohne-Schrift_weiss.jpg","width":334,"height":476,"caption":"WILMS Tiefk\u00fchl-Service GmbH"},"image":{"@id":"https:\/\/www.wilms-tks.de\/en\/#\/schema\/logo\/image\/"}}]}},"_links":{"self":[{"href":"https:\/\/www.wilms-tks.de\/en\/wp-json\/wp\/v2\/pages\/22641","targetHints":{"allow":["GET"]}}],"collection":[{"href":"https:\/\/www.wilms-tks.de\/en\/wp-json\/wp\/v2\/pages"}],"about":[{"href":"https:\/\/www.wilms-tks.de\/en\/wp-json\/wp\/v2\/types\/page"}],"author":[{"embeddable":true,"href":"https:\/\/www.wilms-tks.de\/en\/wp-json\/wp\/v2\/users\/1"}],"replies":[{"embeddable":true,"href":"https:\/\/www.wilms-tks.de\/en\/wp-json\/wp\/v2\/comments?post=22641"}],"version-history":[{"count":0,"href":"https:\/\/www.wilms-tks.de\/en\/wp-json\/wp\/v2\/pages\/22641\/revisions"}],"up":[{"embeddable":true,"href":"https:\/\/www.wilms-tks.de\/en\/wp-json\/wp\/v2\/pages\/22635"}],"wp:attachment":[{"href":"https:\/\/www.wilms-tks.de\/en\/wp-json\/wp\/v2\/media?parent=22641"}],"curies":[{"name":"wp","href":"https:\/\/api.w.org\/{rel}","templated":true}]}}