{"id":22637,"date":"2019-12-18T14:48:52","date_gmt":"2019-12-18T13:48:52","guid":{"rendered":"http:\/\/wordpress.wilms-tks.de\/logistics\/warehousing-logistics\/"},"modified":"2020-01-17T19:01:16","modified_gmt":"2020-01-17T18:01:16","slug":"warehousing-logistics","status":"publish","type":"page","link":"https:\/\/www.wilms-tks.de\/en\/logistics\/warehousing-logistics\/","title":{"rendered":"Warehousing logistics"},"content":{"rendered":"<div class=\"wpb-content-wrapper\"><p>[vc_row row_type=&#8221;row&#8221; use_row_as_full_screen_section=&#8221;no&#8221; type=&#8221;full_width&#8221; text_align=&#8221;left&#8221; background_animation=&#8221;none&#8221; padding_bottom=&#8221;45&#8243; css_animation=&#8221;&#8221; css=&#8221;.vc_custom_1576591986401{padding-top: 10px !important;}&#8221;][vc_column][vc_column_text]<\/p>\n<h1>Warehousing logistics<\/h1>\n<ul>\n<li>Quality control<\/li>\n<li>Storage and transhipment<\/li>\n<li>Paperless order picking<\/li>\n<li>Packaging<\/li>\n<li>Weighing<\/li>\n<li>Batch tracking<\/li>\n<li>BBD-FIFO<\/li>\n<li>Temperature-controlled from -25\u00b0C to +18\u00b0C<\/li>\n<\/ul>\n<p>Services provided by WILMS Tiefk\u00fchl-Service GmbH range from the storage and order picking of individual pallets for collection by customers up to complex logistics projects with WILMS taking over the entire handling of purchasing and logistics on behalf of major customers.<\/p>\n<p>Additionally, the service also includes &#8220;straightforward&#8221; warehousing services. WILMS Tiefk\u00fchl-Service offers warehousing and transhipment facilities for temperature-controlled products in the following temperature ranges:<\/p>\n<ul>\n<li>FROZEN (-25 \u00b0C to -18 \u00b0C)<\/li>\n<li>CHILLED (+0 \u00b0C to +6 \u00b0C)<\/li>\n<li>AMBIENT (+7 \u00b0C to +11 \u00b0C)<\/li>\n<li>DRY (+18 \u00b0C)<\/li>\n<\/ul>\n<p>Order picking plays an important part in the supply chain with regards to supply reliability and quality. In addition to its own specialized and experienced employees, WILMS Tiefk\u00fchl-Service uses state-of-the-art technology in the order picking sector.<\/p>\n<p>As early as 2004, the company introduced voice picking in addition to scanner technology, making it one of the first users of this technology in the frozen food sector.<\/p>\n<p>In order picking according to weight, item or carton, voice picking speeds up processes at WILMS Tiefk\u00fchl-Service, thus ensuring high quality in order processing.<\/p>\n<p><a href=\"https:\/\/www.wilms-tks.de\/wp-content\/uploads\/2019\/10\/wilms_tks_17.jpg\"><img loading=\"lazy\" decoding=\"async\" class=\"alignnone size-large wp-image-22453\" src=\"https:\/\/www.wilms-tks.de\/wp-content\/uploads\/2019\/10\/wilms_tks_17-1024x683.jpg\" alt=\"WILMS TKS\" width=\"1024\" height=\"683\" srcset=\"https:\/\/www.wilms-tks.de\/wp-content\/uploads\/2019\/10\/wilms_tks_17-1024x683.jpg 1024w, https:\/\/www.wilms-tks.de\/wp-content\/uploads\/2019\/10\/wilms_tks_17-300x200.jpg 300w, https:\/\/www.wilms-tks.de\/wp-content\/uploads\/2019\/10\/wilms_tks_17-768x512.jpg 768w, https:\/\/www.wilms-tks.de\/wp-content\/uploads\/2019\/10\/wilms_tks_17-550x367.jpg 550w, https:\/\/www.wilms-tks.de\/wp-content\/uploads\/2019\/10\/wilms_tks_17-700x467.jpg 700w, https:\/\/www.wilms-tks.de\/wp-content\/uploads\/2019\/10\/wilms_tks_17-1100x734.jpg 1100w, https:\/\/www.wilms-tks.de\/wp-content\/uploads\/2019\/10\/wilms_tks_17.jpg 1619w\" sizes=\"auto, (max-width: 1024px) 100vw, 1024px\" \/><\/a>[\/vc_column_text][\/vc_column][\/vc_row]<\/p>\n<\/div>","protected":false},"excerpt":{"rendered":"<p>[vc_row row_type=&#8221;row&#8221; use_row_as_full_screen_section=&#8221;no&#8221; type=&#8221;full_width&#8221; text_align=&#8221;left&#8221; background_animation=&#8221;none&#8221; padding_bottom=&#8221;45&#8243; css_animation=&#8221;&#8221; css=&#8221;.vc_custom_1576591986401{padding-top: 10px !important;}&#8221;][vc_column][vc_column_text] Warehousing logistics Quality control Storage and transhipment Paperless order picking Packaging Weighing Batch tracking BBD-FIFO Temperature-controlled from -25\u00b0C to +18\u00b0C Services provided by WILMS Tiefk\u00fchl-Service GmbH range from the storage and order picking of&#8230;<\/p>\n","protected":false},"author":1,"featured_media":0,"parent":22635,"menu_order":310,"comment_status":"closed","ping_status":"closed","template":"","meta":{"footnotes":""},"class_list":["post-22637","page","type-page","status-publish","hentry"],"yoast_head":"<!-- This site is optimized with the Yoast SEO plugin v27.0 - https:\/\/yoast.com\/product\/yoast-seo-wordpress\/ -->\n<title>Warehousing logistics WILMS TKS refrigerated temperature-controlled transport contract logistics warehousing fresh food organic products ice cream<\/title>\n<meta name=\"description\" content=\"Warehousing logistics WILMS TKS from simple warehousing to sophisticated contract logistics - refrigerated temperature-controlled transport warehousing fresh food frozen organic products ice cream\" \/>\n<meta name=\"robots\" content=\"index, follow, max-snippet:-1, max-image-preview:large, max-video-preview:-1\" \/>\n<link rel=\"canonical\" href=\"https:\/\/www.wilms-tks.de\/en\/logistics\/warehousing-logistics\/\" \/>\n<meta property=\"og:locale\" content=\"en_US\" \/>\n<meta property=\"og:type\" content=\"article\" \/>\n<meta property=\"og:title\" content=\"Warehousing logistics WILMS TKS refrigerated temperature-controlled transport contract logistics warehousing fresh food organic products ice cream\" \/>\n<meta property=\"og:description\" content=\"Warehousing logistics WILMS TKS from simple warehousing to sophisticated contract logistics - refrigerated temperature-controlled transport warehousing fresh food frozen organic products ice cream\" \/>\n<meta property=\"og:url\" content=\"https:\/\/www.wilms-tks.de\/en\/logistics\/warehousing-logistics\/\" \/>\n<meta property=\"og:site_name\" content=\"WILMS Tiefk\u00fchl-Service\" \/>\n<meta property=\"article:modified_time\" content=\"2020-01-17T18:01:16+00:00\" \/>\n<meta property=\"og:image\" content=\"https:\/\/www.wilms-tks.de\/wp-content\/uploads\/2019\/10\/wilms_tks_17-1024x683.jpg\" \/>\n<meta name=\"twitter:card\" content=\"summary_large_image\" \/>\n<meta name=\"twitter:label1\" content=\"Est. reading time\" \/>\n\t<meta name=\"twitter:data1\" content=\"1 minute\" \/>\n<script type=\"application\/ld+json\" class=\"yoast-schema-graph\">{\"@context\":\"https:\/\/schema.org\",\"@graph\":[{\"@type\":\"WebPage\",\"@id\":\"https:\/\/www.wilms-tks.de\/en\/logistics\/warehousing-logistics\/\",\"url\":\"https:\/\/www.wilms-tks.de\/en\/logistics\/warehousing-logistics\/\",\"name\":\"Warehousing logistics WILMS TKS refrigerated temperature-controlled transport contract logistics warehousing fresh food organic products ice cream\",\"isPartOf\":{\"@id\":\"https:\/\/www.wilms-tks.de\/en\/#website\"},\"primaryImageOfPage\":{\"@id\":\"https:\/\/www.wilms-tks.de\/en\/logistics\/warehousing-logistics\/#primaryimage\"},\"image\":{\"@id\":\"https:\/\/www.wilms-tks.de\/en\/logistics\/warehousing-logistics\/#primaryimage\"},\"thumbnailUrl\":\"https:\/\/www.wilms-tks.de\/wp-content\/uploads\/2019\/10\/wilms_tks_17-1024x683.jpg\",\"datePublished\":\"2019-12-18T13:48:52+00:00\",\"dateModified\":\"2020-01-17T18:01:16+00:00\",\"description\":\"Warehousing logistics WILMS TKS from simple warehousing to sophisticated contract logistics - refrigerated temperature-controlled transport warehousing fresh food frozen organic products ice cream\",\"breadcrumb\":{\"@id\":\"https:\/\/www.wilms-tks.de\/en\/logistics\/warehousing-logistics\/#breadcrumb\"},\"inLanguage\":\"en-US\",\"potentialAction\":[{\"@type\":\"ReadAction\",\"target\":[\"https:\/\/www.wilms-tks.de\/en\/logistics\/warehousing-logistics\/\"]}]},{\"@type\":\"ImageObject\",\"inLanguage\":\"en-US\",\"@id\":\"https:\/\/www.wilms-tks.de\/en\/logistics\/warehousing-logistics\/#primaryimage\",\"url\":\"https:\/\/www.wilms-tks.de\/wp-content\/uploads\/2019\/10\/wilms_tks_17-1024x683.jpg\",\"contentUrl\":\"https:\/\/www.wilms-tks.de\/wp-content\/uploads\/2019\/10\/wilms_tks_17-1024x683.jpg\"},{\"@type\":\"BreadcrumbList\",\"@id\":\"https:\/\/www.wilms-tks.de\/en\/logistics\/warehousing-logistics\/#breadcrumb\",\"itemListElement\":[{\"@type\":\"ListItem\",\"position\":1,\"name\":\"Startseite\",\"item\":\"https:\/\/www.wilms-tks.de\/en\/\"},{\"@type\":\"ListItem\",\"position\":2,\"name\":\"Logistics\",\"item\":\"https:\/\/www.wilms-tks.de\/en\/logistics\/\"},{\"@type\":\"ListItem\",\"position\":3,\"name\":\"Warehousing logistics\"}]},{\"@type\":\"WebSite\",\"@id\":\"https:\/\/www.wilms-tks.de\/en\/#website\",\"url\":\"https:\/\/www.wilms-tks.de\/en\/\",\"name\":\"WILMS Tiefk\u00fchl-Service\",\"description\":\"Tiefk\u00fchl, Tiefkuehl, kuehl, temperaturgef\u00fchrt, temperaturgefuehrt, TK-Gefl\u00fcgel, TK-Gefluegel, TK-Gem\u00fcse, TK-Gemuese, Kommissionierung, temperaturgef\u00fchrte Lebensmittel, Bioprodukte, Gro\u00dfhandel, Niederkr\u00fcchten, Viersen, Willich, WILMS Tiefk\u00fchl-Service, WILMS TKS\",\"publisher\":{\"@id\":\"https:\/\/www.wilms-tks.de\/en\/#organization\"},\"potentialAction\":[{\"@type\":\"SearchAction\",\"target\":{\"@type\":\"EntryPoint\",\"urlTemplate\":\"https:\/\/www.wilms-tks.de\/en\/?s={search_term_string}\"},\"query-input\":{\"@type\":\"PropertyValueSpecification\",\"valueRequired\":true,\"valueName\":\"search_term_string\"}}],\"inLanguage\":\"en-US\"},{\"@type\":\"Organization\",\"@id\":\"https:\/\/www.wilms-tks.de\/en\/#organization\",\"name\":\"WILMS Tiefk\u00fchl-Service GmbH\",\"url\":\"https:\/\/www.wilms-tks.de\/en\/\",\"logo\":{\"@type\":\"ImageObject\",\"inLanguage\":\"en-US\",\"@id\":\"https:\/\/www.wilms-tks.de\/en\/#\/schema\/logo\/image\/\",\"url\":\"https:\/\/www.wilms-tks.de\/wp-content\/uploads\/2019\/12\/Logo-RGB-ohne-Schrift_weiss.jpg\",\"contentUrl\":\"https:\/\/www.wilms-tks.de\/wp-content\/uploads\/2019\/12\/Logo-RGB-ohne-Schrift_weiss.jpg\",\"width\":334,\"height\":476,\"caption\":\"WILMS Tiefk\u00fchl-Service GmbH\"},\"image\":{\"@id\":\"https:\/\/www.wilms-tks.de\/en\/#\/schema\/logo\/image\/\"}}]}<\/script>\n<!-- \/ Yoast SEO plugin. -->","yoast_head_json":{"title":"Warehousing logistics WILMS TKS refrigerated temperature-controlled transport contract logistics warehousing fresh food organic products ice cream","description":"Warehousing logistics WILMS TKS from simple warehousing to sophisticated contract logistics - refrigerated temperature-controlled transport warehousing fresh food frozen organic products ice cream","robots":{"index":"index","follow":"follow","max-snippet":"max-snippet:-1","max-image-preview":"max-image-preview:large","max-video-preview":"max-video-preview:-1"},"canonical":"https:\/\/www.wilms-tks.de\/en\/logistics\/warehousing-logistics\/","og_locale":"en_US","og_type":"article","og_title":"Warehousing logistics WILMS TKS refrigerated temperature-controlled transport contract logistics warehousing fresh food organic products ice cream","og_description":"Warehousing logistics WILMS TKS from simple warehousing to sophisticated contract logistics - refrigerated temperature-controlled transport warehousing fresh food frozen organic products ice cream","og_url":"https:\/\/www.wilms-tks.de\/en\/logistics\/warehousing-logistics\/","og_site_name":"WILMS Tiefk\u00fchl-Service","article_modified_time":"2020-01-17T18:01:16+00:00","og_image":[{"url":"https:\/\/www.wilms-tks.de\/wp-content\/uploads\/2019\/10\/wilms_tks_17-1024x683.jpg","type":"","width":"","height":""}],"twitter_card":"summary_large_image","twitter_misc":{"Est. reading time":"1 minute"},"schema":{"@context":"https:\/\/schema.org","@graph":[{"@type":"WebPage","@id":"https:\/\/www.wilms-tks.de\/en\/logistics\/warehousing-logistics\/","url":"https:\/\/www.wilms-tks.de\/en\/logistics\/warehousing-logistics\/","name":"Warehousing logistics WILMS TKS refrigerated temperature-controlled transport contract logistics warehousing fresh food organic products ice cream","isPartOf":{"@id":"https:\/\/www.wilms-tks.de\/en\/#website"},"primaryImageOfPage":{"@id":"https:\/\/www.wilms-tks.de\/en\/logistics\/warehousing-logistics\/#primaryimage"},"image":{"@id":"https:\/\/www.wilms-tks.de\/en\/logistics\/warehousing-logistics\/#primaryimage"},"thumbnailUrl":"https:\/\/www.wilms-tks.de\/wp-content\/uploads\/2019\/10\/wilms_tks_17-1024x683.jpg","datePublished":"2019-12-18T13:48:52+00:00","dateModified":"2020-01-17T18:01:16+00:00","description":"Warehousing logistics WILMS TKS from simple warehousing to sophisticated contract logistics - refrigerated temperature-controlled transport warehousing fresh food frozen organic products ice cream","breadcrumb":{"@id":"https:\/\/www.wilms-tks.de\/en\/logistics\/warehousing-logistics\/#breadcrumb"},"inLanguage":"en-US","potentialAction":[{"@type":"ReadAction","target":["https:\/\/www.wilms-tks.de\/en\/logistics\/warehousing-logistics\/"]}]},{"@type":"ImageObject","inLanguage":"en-US","@id":"https:\/\/www.wilms-tks.de\/en\/logistics\/warehousing-logistics\/#primaryimage","url":"https:\/\/www.wilms-tks.de\/wp-content\/uploads\/2019\/10\/wilms_tks_17-1024x683.jpg","contentUrl":"https:\/\/www.wilms-tks.de\/wp-content\/uploads\/2019\/10\/wilms_tks_17-1024x683.jpg"},{"@type":"BreadcrumbList","@id":"https:\/\/www.wilms-tks.de\/en\/logistics\/warehousing-logistics\/#breadcrumb","itemListElement":[{"@type":"ListItem","position":1,"name":"Startseite","item":"https:\/\/www.wilms-tks.de\/en\/"},{"@type":"ListItem","position":2,"name":"Logistics","item":"https:\/\/www.wilms-tks.de\/en\/logistics\/"},{"@type":"ListItem","position":3,"name":"Warehousing logistics"}]},{"@type":"WebSite","@id":"https:\/\/www.wilms-tks.de\/en\/#website","url":"https:\/\/www.wilms-tks.de\/en\/","name":"WILMS Tiefk\u00fchl-Service","description":"Tiefk\u00fchl, Tiefkuehl, kuehl, temperaturgef\u00fchrt, temperaturgefuehrt, TK-Gefl\u00fcgel, TK-Gefluegel, TK-Gem\u00fcse, TK-Gemuese, Kommissionierung, temperaturgef\u00fchrte Lebensmittel, Bioprodukte, Gro\u00dfhandel, Niederkr\u00fcchten, Viersen, Willich, WILMS Tiefk\u00fchl-Service, WILMS TKS","publisher":{"@id":"https:\/\/www.wilms-tks.de\/en\/#organization"},"potentialAction":[{"@type":"SearchAction","target":{"@type":"EntryPoint","urlTemplate":"https:\/\/www.wilms-tks.de\/en\/?s={search_term_string}"},"query-input":{"@type":"PropertyValueSpecification","valueRequired":true,"valueName":"search_term_string"}}],"inLanguage":"en-US"},{"@type":"Organization","@id":"https:\/\/www.wilms-tks.de\/en\/#organization","name":"WILMS Tiefk\u00fchl-Service GmbH","url":"https:\/\/www.wilms-tks.de\/en\/","logo":{"@type":"ImageObject","inLanguage":"en-US","@id":"https:\/\/www.wilms-tks.de\/en\/#\/schema\/logo\/image\/","url":"https:\/\/www.wilms-tks.de\/wp-content\/uploads\/2019\/12\/Logo-RGB-ohne-Schrift_weiss.jpg","contentUrl":"https:\/\/www.wilms-tks.de\/wp-content\/uploads\/2019\/12\/Logo-RGB-ohne-Schrift_weiss.jpg","width":334,"height":476,"caption":"WILMS Tiefk\u00fchl-Service GmbH"},"image":{"@id":"https:\/\/www.wilms-tks.de\/en\/#\/schema\/logo\/image\/"}}]}},"_links":{"self":[{"href":"https:\/\/www.wilms-tks.de\/en\/wp-json\/wp\/v2\/pages\/22637","targetHints":{"allow":["GET"]}}],"collection":[{"href":"https:\/\/www.wilms-tks.de\/en\/wp-json\/wp\/v2\/pages"}],"about":[{"href":"https:\/\/www.wilms-tks.de\/en\/wp-json\/wp\/v2\/types\/page"}],"author":[{"embeddable":true,"href":"https:\/\/www.wilms-tks.de\/en\/wp-json\/wp\/v2\/users\/1"}],"replies":[{"embeddable":true,"href":"https:\/\/www.wilms-tks.de\/en\/wp-json\/wp\/v2\/comments?post=22637"}],"version-history":[{"count":0,"href":"https:\/\/www.wilms-tks.de\/en\/wp-json\/wp\/v2\/pages\/22637\/revisions"}],"up":[{"embeddable":true,"href":"https:\/\/www.wilms-tks.de\/en\/wp-json\/wp\/v2\/pages\/22635"}],"wp:attachment":[{"href":"https:\/\/www.wilms-tks.de\/en\/wp-json\/wp\/v2\/media?parent=22637"}],"curies":[{"name":"wp","href":"https:\/\/api.w.org\/{rel}","templated":true}]}}