{"id":22625,"date":"2019-12-18T14:37:36","date_gmt":"2019-12-18T13:37:36","guid":{"rendered":"http:\/\/wordpress.wilms-tks.de\/trade\/frozen-poultry\/"},"modified":"2020-01-20T09:13:09","modified_gmt":"2020-01-20T08:13:09","slug":"frozen-poultry","status":"publish","type":"page","link":"https:\/\/www.wilms-tks.de\/en\/trade\/frozen-poultry\/","title":{"rendered":"Frozen poultry"},"content":{"rendered":"<div class=\"wpb-content-wrapper\"><p>[vc_row row_type=&#8221;row&#8221; use_row_as_full_screen_section=&#8221;no&#8221; type=&#8221;full_width&#8221; text_align=&#8221;left&#8221; background_animation=&#8221;none&#8221; padding_bottom=&#8221;45&#8243; css_animation=&#8221;&#8221; css=&#8221;.vc_custom_1576591972135{padding-top: 10px !important;}&#8221;][vc_column][vc_column_text]<\/p>\n<h1>Frozen poultry<\/h1>\n<p><a href=\"https:\/\/www.wilms-tks.de\/wp-content\/uploads\/2020\/01\/tk_gefluegel.jpg\"><img loading=\"lazy\" decoding=\"async\" class=\"size-medium wp-image-22915 alignright\" src=\"https:\/\/www.wilms-tks.de\/wp-content\/uploads\/2020\/01\/tk_gefluegel-300x330.jpg\" alt=\"WILMS TKS H\u00e4hnchen Schenkel\" width=\"300\" height=\"330\" srcset=\"https:\/\/www.wilms-tks.de\/wp-content\/uploads\/2020\/01\/tk_gefluegel-300x330.jpg 300w, https:\/\/www.wilms-tks.de\/wp-content\/uploads\/2020\/01\/tk_gefluegel-932x1024.jpg 932w, https:\/\/www.wilms-tks.de\/wp-content\/uploads\/2020\/01\/tk_gefluegel-768x844.jpg 768w, https:\/\/www.wilms-tks.de\/wp-content\/uploads\/2020\/01\/tk_gefluegel-1398x1536.jpg 1398w, https:\/\/www.wilms-tks.de\/wp-content\/uploads\/2020\/01\/tk_gefluegel-550x604.jpg 550w, https:\/\/www.wilms-tks.de\/wp-content\/uploads\/2020\/01\/tk_gefluegel-546x600.jpg 546w, https:\/\/www.wilms-tks.de\/wp-content\/uploads\/2020\/01\/tk_gefluegel-600x659.jpg 600w, https:\/\/www.wilms-tks.de\/wp-content\/uploads\/2020\/01\/tk_gefluegel-453x498.jpg 453w, https:\/\/www.wilms-tks.de\/wp-content\/uploads\/2020\/01\/tk_gefluegel-455x500.jpg 455w, https:\/\/www.wilms-tks.de\/wp-content\/uploads\/2020\/01\/tk_gefluegel-910x1000.jpg 910w, https:\/\/www.wilms-tks.de\/wp-content\/uploads\/2020\/01\/tk_gefluegel-700x769.jpg 700w, https:\/\/www.wilms-tks.de\/wp-content\/uploads\/2020\/01\/tk_gefluegel-1100x1208.jpg 1100w, https:\/\/www.wilms-tks.de\/wp-content\/uploads\/2020\/01\/tk_gefluegel.jpg 1665w\" sizes=\"auto, (max-width: 300px) 100vw, 300px\" \/><\/a>WILMS Tiefk\u00fchl-Service has years of experience and expertise in the import and wholesale of food. Trade in frozen poultry is one of its core competences.<\/p>\n<p>In the seasonal poultry business, customers with a background in catering, large-scale consumption, discounting and food retail put their trust in our service capability.[\/vc_column_text][\/vc_column][\/vc_row]<\/p>\n<\/div>","protected":false},"excerpt":{"rendered":"<p>[vc_row row_type=&#8221;row&#8221; use_row_as_full_screen_section=&#8221;no&#8221; type=&#8221;full_width&#8221; text_align=&#8221;left&#8221; background_animation=&#8221;none&#8221; padding_bottom=&#8221;45&#8243; css_animation=&#8221;&#8221; css=&#8221;.vc_custom_1576591972135{padding-top: 10px !important;}&#8221;][vc_column][vc_column_text] Frozen poultry WILMS Tiefk\u00fchl-Service has years of experience and expertise in the import and wholesale of food. Trade in frozen poultry is one of its core competences. In the seasonal poultry business, customers with&#8230;<\/p>\n","protected":false},"author":1,"featured_media":0,"parent":22621,"menu_order":220,"comment_status":"closed","ping_status":"closed","template":"","meta":{"footnotes":""},"class_list":["post-22625","page","type-page","status-publish","hentry"],"yoast_head":"<!-- This site is optimized with the Yoast SEO plugin v27.0 - https:\/\/yoast.com\/product\/yoast-seo-wordpress\/ -->\n<title>Frozen poultry WILMS TKS refrigerated temperature-controlled transport contract logistics warehousing fresh food organic products ice cream<\/title>\n<meta name=\"description\" content=\"Frozen poultry WILMS TKS from simple warehousing to sophisticated contract logistics - refrigerated temperature-controlled stransport fresh food organic products ice cream\" \/>\n<meta name=\"robots\" content=\"index, follow, max-snippet:-1, max-image-preview:large, max-video-preview:-1\" \/>\n<link rel=\"canonical\" href=\"https:\/\/www.wilms-tks.de\/en\/trade\/frozen-poultry\/\" \/>\n<meta property=\"og:locale\" content=\"en_US\" \/>\n<meta property=\"og:type\" content=\"article\" \/>\n<meta property=\"og:title\" content=\"Frozen poultry WILMS TKS refrigerated temperature-controlled transport contract logistics warehousing fresh food organic products ice cream\" \/>\n<meta property=\"og:description\" content=\"Frozen poultry WILMS TKS from simple warehousing to sophisticated contract logistics - refrigerated temperature-controlled stransport fresh food organic products ice cream\" \/>\n<meta property=\"og:url\" content=\"https:\/\/www.wilms-tks.de\/en\/trade\/frozen-poultry\/\" \/>\n<meta property=\"og:site_name\" content=\"WILMS Tiefk\u00fchl-Service\" \/>\n<meta property=\"article:modified_time\" content=\"2020-01-20T08:13:09+00:00\" \/>\n<meta property=\"og:image\" content=\"https:\/\/www.wilms-tks.de\/wp-content\/uploads\/2020\/01\/tk_gefluegel-300x330.jpg\" \/>\n<meta name=\"twitter:card\" content=\"summary_large_image\" \/>\n<script type=\"application\/ld+json\" class=\"yoast-schema-graph\">{\"@context\":\"https:\/\/schema.org\",\"@graph\":[{\"@type\":\"WebPage\",\"@id\":\"https:\/\/www.wilms-tks.de\/en\/trade\/frozen-poultry\/\",\"url\":\"https:\/\/www.wilms-tks.de\/en\/trade\/frozen-poultry\/\",\"name\":\"Frozen poultry WILMS TKS refrigerated temperature-controlled transport contract logistics warehousing fresh food organic products ice cream\",\"isPartOf\":{\"@id\":\"https:\/\/www.wilms-tks.de\/en\/#website\"},\"primaryImageOfPage\":{\"@id\":\"https:\/\/www.wilms-tks.de\/en\/trade\/frozen-poultry\/#primaryimage\"},\"image\":{\"@id\":\"https:\/\/www.wilms-tks.de\/en\/trade\/frozen-poultry\/#primaryimage\"},\"thumbnailUrl\":\"https:\/\/www.wilms-tks.de\/wp-content\/uploads\/2020\/01\/tk_gefluegel-300x330.jpg\",\"datePublished\":\"2019-12-18T13:37:36+00:00\",\"dateModified\":\"2020-01-20T08:13:09+00:00\",\"description\":\"Frozen poultry WILMS TKS from simple warehousing to sophisticated contract logistics - refrigerated temperature-controlled stransport fresh food organic products ice cream\",\"breadcrumb\":{\"@id\":\"https:\/\/www.wilms-tks.de\/en\/trade\/frozen-poultry\/#breadcrumb\"},\"inLanguage\":\"en-US\",\"potentialAction\":[{\"@type\":\"ReadAction\",\"target\":[\"https:\/\/www.wilms-tks.de\/en\/trade\/frozen-poultry\/\"]}]},{\"@type\":\"ImageObject\",\"inLanguage\":\"en-US\",\"@id\":\"https:\/\/www.wilms-tks.de\/en\/trade\/frozen-poultry\/#primaryimage\",\"url\":\"https:\/\/www.wilms-tks.de\/wp-content\/uploads\/2020\/01\/tk_gefluegel-300x330.jpg\",\"contentUrl\":\"https:\/\/www.wilms-tks.de\/wp-content\/uploads\/2020\/01\/tk_gefluegel-300x330.jpg\"},{\"@type\":\"BreadcrumbList\",\"@id\":\"https:\/\/www.wilms-tks.de\/en\/trade\/frozen-poultry\/#breadcrumb\",\"itemListElement\":[{\"@type\":\"ListItem\",\"position\":1,\"name\":\"Startseite\",\"item\":\"https:\/\/www.wilms-tks.de\/en\/\"},{\"@type\":\"ListItem\",\"position\":2,\"name\":\"Trade\",\"item\":\"https:\/\/www.wilms-tks.de\/en\/trade\/\"},{\"@type\":\"ListItem\",\"position\":3,\"name\":\"Frozen poultry\"}]},{\"@type\":\"WebSite\",\"@id\":\"https:\/\/www.wilms-tks.de\/en\/#website\",\"url\":\"https:\/\/www.wilms-tks.de\/en\/\",\"name\":\"WILMS Tiefk\u00fchl-Service\",\"description\":\"Tiefk\u00fchl, Tiefkuehl, kuehl, temperaturgef\u00fchrt, temperaturgefuehrt, TK-Gefl\u00fcgel, TK-Gefluegel, TK-Gem\u00fcse, TK-Gemuese, Kommissionierung, temperaturgef\u00fchrte Lebensmittel, Bioprodukte, Gro\u00dfhandel, Niederkr\u00fcchten, Viersen, Willich, WILMS Tiefk\u00fchl-Service, WILMS TKS\",\"publisher\":{\"@id\":\"https:\/\/www.wilms-tks.de\/en\/#organization\"},\"potentialAction\":[{\"@type\":\"SearchAction\",\"target\":{\"@type\":\"EntryPoint\",\"urlTemplate\":\"https:\/\/www.wilms-tks.de\/en\/?s={search_term_string}\"},\"query-input\":{\"@type\":\"PropertyValueSpecification\",\"valueRequired\":true,\"valueName\":\"search_term_string\"}}],\"inLanguage\":\"en-US\"},{\"@type\":\"Organization\",\"@id\":\"https:\/\/www.wilms-tks.de\/en\/#organization\",\"name\":\"WILMS Tiefk\u00fchl-Service GmbH\",\"url\":\"https:\/\/www.wilms-tks.de\/en\/\",\"logo\":{\"@type\":\"ImageObject\",\"inLanguage\":\"en-US\",\"@id\":\"https:\/\/www.wilms-tks.de\/en\/#\/schema\/logo\/image\/\",\"url\":\"https:\/\/www.wilms-tks.de\/wp-content\/uploads\/2019\/12\/Logo-RGB-ohne-Schrift_weiss.jpg\",\"contentUrl\":\"https:\/\/www.wilms-tks.de\/wp-content\/uploads\/2019\/12\/Logo-RGB-ohne-Schrift_weiss.jpg\",\"width\":334,\"height\":476,\"caption\":\"WILMS Tiefk\u00fchl-Service GmbH\"},\"image\":{\"@id\":\"https:\/\/www.wilms-tks.de\/en\/#\/schema\/logo\/image\/\"}}]}<\/script>\n<!-- \/ Yoast SEO plugin. -->","yoast_head_json":{"title":"Frozen poultry WILMS TKS refrigerated temperature-controlled transport contract logistics warehousing fresh food organic products ice cream","description":"Frozen poultry WILMS TKS from simple warehousing to sophisticated contract logistics - refrigerated temperature-controlled stransport fresh food organic products ice cream","robots":{"index":"index","follow":"follow","max-snippet":"max-snippet:-1","max-image-preview":"max-image-preview:large","max-video-preview":"max-video-preview:-1"},"canonical":"https:\/\/www.wilms-tks.de\/en\/trade\/frozen-poultry\/","og_locale":"en_US","og_type":"article","og_title":"Frozen poultry WILMS TKS refrigerated temperature-controlled transport contract logistics warehousing fresh food organic products ice cream","og_description":"Frozen poultry WILMS TKS from simple warehousing to sophisticated contract logistics - refrigerated temperature-controlled stransport fresh food organic products ice cream","og_url":"https:\/\/www.wilms-tks.de\/en\/trade\/frozen-poultry\/","og_site_name":"WILMS Tiefk\u00fchl-Service","article_modified_time":"2020-01-20T08:13:09+00:00","og_image":[{"url":"https:\/\/www.wilms-tks.de\/wp-content\/uploads\/2020\/01\/tk_gefluegel-300x330.jpg","type":"","width":"","height":""}],"twitter_card":"summary_large_image","schema":{"@context":"https:\/\/schema.org","@graph":[{"@type":"WebPage","@id":"https:\/\/www.wilms-tks.de\/en\/trade\/frozen-poultry\/","url":"https:\/\/www.wilms-tks.de\/en\/trade\/frozen-poultry\/","name":"Frozen poultry WILMS TKS refrigerated temperature-controlled transport contract logistics warehousing fresh food organic products ice cream","isPartOf":{"@id":"https:\/\/www.wilms-tks.de\/en\/#website"},"primaryImageOfPage":{"@id":"https:\/\/www.wilms-tks.de\/en\/trade\/frozen-poultry\/#primaryimage"},"image":{"@id":"https:\/\/www.wilms-tks.de\/en\/trade\/frozen-poultry\/#primaryimage"},"thumbnailUrl":"https:\/\/www.wilms-tks.de\/wp-content\/uploads\/2020\/01\/tk_gefluegel-300x330.jpg","datePublished":"2019-12-18T13:37:36+00:00","dateModified":"2020-01-20T08:13:09+00:00","description":"Frozen poultry WILMS TKS from simple warehousing to sophisticated contract logistics - refrigerated temperature-controlled stransport fresh food organic products ice cream","breadcrumb":{"@id":"https:\/\/www.wilms-tks.de\/en\/trade\/frozen-poultry\/#breadcrumb"},"inLanguage":"en-US","potentialAction":[{"@type":"ReadAction","target":["https:\/\/www.wilms-tks.de\/en\/trade\/frozen-poultry\/"]}]},{"@type":"ImageObject","inLanguage":"en-US","@id":"https:\/\/www.wilms-tks.de\/en\/trade\/frozen-poultry\/#primaryimage","url":"https:\/\/www.wilms-tks.de\/wp-content\/uploads\/2020\/01\/tk_gefluegel-300x330.jpg","contentUrl":"https:\/\/www.wilms-tks.de\/wp-content\/uploads\/2020\/01\/tk_gefluegel-300x330.jpg"},{"@type":"BreadcrumbList","@id":"https:\/\/www.wilms-tks.de\/en\/trade\/frozen-poultry\/#breadcrumb","itemListElement":[{"@type":"ListItem","position":1,"name":"Startseite","item":"https:\/\/www.wilms-tks.de\/en\/"},{"@type":"ListItem","position":2,"name":"Trade","item":"https:\/\/www.wilms-tks.de\/en\/trade\/"},{"@type":"ListItem","position":3,"name":"Frozen poultry"}]},{"@type":"WebSite","@id":"https:\/\/www.wilms-tks.de\/en\/#website","url":"https:\/\/www.wilms-tks.de\/en\/","name":"WILMS Tiefk\u00fchl-Service","description":"Tiefk\u00fchl, Tiefkuehl, kuehl, temperaturgef\u00fchrt, temperaturgefuehrt, TK-Gefl\u00fcgel, TK-Gefluegel, TK-Gem\u00fcse, TK-Gemuese, Kommissionierung, temperaturgef\u00fchrte Lebensmittel, Bioprodukte, Gro\u00dfhandel, Niederkr\u00fcchten, Viersen, Willich, WILMS Tiefk\u00fchl-Service, WILMS TKS","publisher":{"@id":"https:\/\/www.wilms-tks.de\/en\/#organization"},"potentialAction":[{"@type":"SearchAction","target":{"@type":"EntryPoint","urlTemplate":"https:\/\/www.wilms-tks.de\/en\/?s={search_term_string}"},"query-input":{"@type":"PropertyValueSpecification","valueRequired":true,"valueName":"search_term_string"}}],"inLanguage":"en-US"},{"@type":"Organization","@id":"https:\/\/www.wilms-tks.de\/en\/#organization","name":"WILMS Tiefk\u00fchl-Service GmbH","url":"https:\/\/www.wilms-tks.de\/en\/","logo":{"@type":"ImageObject","inLanguage":"en-US","@id":"https:\/\/www.wilms-tks.de\/en\/#\/schema\/logo\/image\/","url":"https:\/\/www.wilms-tks.de\/wp-content\/uploads\/2019\/12\/Logo-RGB-ohne-Schrift_weiss.jpg","contentUrl":"https:\/\/www.wilms-tks.de\/wp-content\/uploads\/2019\/12\/Logo-RGB-ohne-Schrift_weiss.jpg","width":334,"height":476,"caption":"WILMS Tiefk\u00fchl-Service GmbH"},"image":{"@id":"https:\/\/www.wilms-tks.de\/en\/#\/schema\/logo\/image\/"}}]}},"_links":{"self":[{"href":"https:\/\/www.wilms-tks.de\/en\/wp-json\/wp\/v2\/pages\/22625","targetHints":{"allow":["GET"]}}],"collection":[{"href":"https:\/\/www.wilms-tks.de\/en\/wp-json\/wp\/v2\/pages"}],"about":[{"href":"https:\/\/www.wilms-tks.de\/en\/wp-json\/wp\/v2\/types\/page"}],"author":[{"embeddable":true,"href":"https:\/\/www.wilms-tks.de\/en\/wp-json\/wp\/v2\/users\/1"}],"replies":[{"embeddable":true,"href":"https:\/\/www.wilms-tks.de\/en\/wp-json\/wp\/v2\/comments?post=22625"}],"version-history":[{"count":0,"href":"https:\/\/www.wilms-tks.de\/en\/wp-json\/wp\/v2\/pages\/22625\/revisions"}],"up":[{"embeddable":true,"href":"https:\/\/www.wilms-tks.de\/en\/wp-json\/wp\/v2\/pages\/22621"}],"wp:attachment":[{"href":"https:\/\/www.wilms-tks.de\/en\/wp-json\/wp\/v2\/media?parent=22625"}],"curies":[{"name":"wp","href":"https:\/\/api.w.org\/{rel}","templated":true}]}}