{"id":22621,"date":"2019-12-18T14:34:15","date_gmt":"2019-12-18T13:34:15","guid":{"rendered":"http:\/\/wordpress.wilms-tks.de\/trade\/"},"modified":"2020-01-17T18:56:03","modified_gmt":"2020-01-17T17:56:03","slug":"trade","status":"publish","type":"page","link":"https:\/\/www.wilms-tks.de\/en\/trade\/","title":{"rendered":"Trade"},"content":{"rendered":"<div class=\"wpb-content-wrapper\"><p>[vc_row row_type=&#8221;row&#8221; use_row_as_full_screen_section=&#8221;no&#8221; type=&#8221;full_width&#8221; text_align=&#8221;left&#8221; background_animation=&#8221;none&#8221; padding_bottom=&#8221;45&#8243; css_animation=&#8221;&#8221; css=&#8221;.vc_custom_1576591817923{padding-top: 10px !important;}&#8221;][vc_column][vc_column_text]<\/p>\n<h1>Trade<\/h1>\n<ul>\n<li>Food wholesale<\/li>\n<li>Branded products<\/li>\n<li>Own label products<\/li>\n<li>Organic products<\/li>\n<li>Contract business for promotions and seasonal products<\/li>\n<li>Core products: frozen poultry, frozen vegetables<\/li>\n<\/ul>\n<p>As the company was originally founded as a food wholesaler in around 1916, the food trade has always been one of the major pillars of the business. We can look back to decades of experience in the import and wholesale of food, particularly in the core competence of frozen poultry.<\/p>\n<p>Customers who want to establish or expand their business segments can rely on expertise and experience in product development and benefit from our long-established contacts with numerous manufacturers.<\/p>\n<p>Since 2007, our company is regularly certified for trading with organic food products in accordance with EC regulation no. 834\/2007 on organic production and the labelling of organic products.<\/p>\n<div id=\"attachment_22829\" style=\"width: 734px\" class=\"wp-caption alignnone\"><a href=\"https:\/\/www.wilms-tks.de\/wp-content\/uploads\/2020\/01\/WILMS_TKS_OEKO_AbCert-2020.pdf\"><img loading=\"lazy\" decoding=\"async\" aria-describedby=\"caption-attachment-22829\" class=\"wp-image-22829 size-large\" src=\"https:\/\/www.wilms-tks.de\/wp-content\/uploads\/2020\/01\/WILMS_TKS_OEKO_AbCert-2020-724x1024.jpg\" alt=\"Certificate ABCert (PDF Download)\" width=\"724\" height=\"1024\" srcset=\"https:\/\/www.wilms-tks.de\/wp-content\/uploads\/2020\/01\/WILMS_TKS_OEKO_AbCert-2020-724x1024.jpg 724w, https:\/\/www.wilms-tks.de\/wp-content\/uploads\/2020\/01\/WILMS_TKS_OEKO_AbCert-2020-300x424.jpg 300w, https:\/\/www.wilms-tks.de\/wp-content\/uploads\/2020\/01\/WILMS_TKS_OEKO_AbCert-2020-768x1086.jpg 768w, https:\/\/www.wilms-tks.de\/wp-content\/uploads\/2020\/01\/WILMS_TKS_OEKO_AbCert-2020-1086x1536.jpg 1086w, https:\/\/www.wilms-tks.de\/wp-content\/uploads\/2020\/01\/WILMS_TKS_OEKO_AbCert-2020-1448x2048.jpg 1448w, https:\/\/www.wilms-tks.de\/wp-content\/uploads\/2020\/01\/WILMS_TKS_OEKO_AbCert-2020-550x778.jpg 550w, https:\/\/www.wilms-tks.de\/wp-content\/uploads\/2020\/01\/WILMS_TKS_OEKO_AbCert-2020-424x600.jpg 424w, https:\/\/www.wilms-tks.de\/wp-content\/uploads\/2020\/01\/WILMS_TKS_OEKO_AbCert-2020-566x800.jpg 566w, https:\/\/www.wilms-tks.de\/wp-content\/uploads\/2020\/01\/WILMS_TKS_OEKO_AbCert-2020-352x498.jpg 352w, https:\/\/www.wilms-tks.de\/wp-content\/uploads\/2020\/01\/WILMS_TKS_OEKO_AbCert-2020-354x500.jpg 354w, https:\/\/www.wilms-tks.de\/wp-content\/uploads\/2020\/01\/WILMS_TKS_OEKO_AbCert-2020-707x1000.jpg 707w, https:\/\/www.wilms-tks.de\/wp-content\/uploads\/2020\/01\/WILMS_TKS_OEKO_AbCert-2020-700x990.jpg 700w, https:\/\/www.wilms-tks.de\/wp-content\/uploads\/2020\/01\/WILMS_TKS_OEKO_AbCert-2020-1100x1556.jpg 1100w, https:\/\/www.wilms-tks.de\/wp-content\/uploads\/2020\/01\/WILMS_TKS_OEKO_AbCert-2020.jpg 1653w\" sizes=\"auto, (max-width: 724px) 100vw, 724px\" \/><\/a><p id=\"caption-attachment-22829\" class=\"wp-caption-text\">Certificate ABCert (PDF Download)<\/p><\/div>\n<p>[\/vc_column_text][\/vc_column][\/vc_row]<\/p>\n<\/div>","protected":false},"excerpt":{"rendered":"<p>[vc_row row_type=&#8221;row&#8221; use_row_as_full_screen_section=&#8221;no&#8221; type=&#8221;full_width&#8221; text_align=&#8221;left&#8221; background_animation=&#8221;none&#8221; padding_bottom=&#8221;45&#8243; css_animation=&#8221;&#8221; css=&#8221;.vc_custom_1576591817923{padding-top: 10px !important;}&#8221;][vc_column][vc_column_text] Trade Food wholesale Branded products Own label products Organic products Contract business for promotions and seasonal products Core products: frozen poultry, frozen vegetables As the company was originally founded as a food wholesaler in&#8230;<\/p>\n","protected":false},"author":1,"featured_media":0,"parent":0,"menu_order":200,"comment_status":"closed","ping_status":"closed","template":"","meta":{"footnotes":""},"class_list":["post-22621","page","type-page","status-publish","hentry"],"yoast_head":"<!-- This site is optimized with the Yoast SEO plugin v27.0 - https:\/\/yoast.com\/product\/yoast-seo-wordpress\/ -->\n<title>Trade WILMS TKS refrigerated temperature-controlled transport contract logistics warehousing fresh food organic products ice cream<\/title>\n<meta name=\"description\" content=\"Trade WILMS TKS from simple warehousing to sophisticated contract logistics - refrigerated temperature-controlled transport warehousing fresh food organic products ice cream\" \/>\n<meta name=\"robots\" content=\"index, follow, max-snippet:-1, max-image-preview:large, max-video-preview:-1\" \/>\n<link rel=\"canonical\" href=\"https:\/\/www.wilms-tks.de\/en\/trade\/\" \/>\n<meta property=\"og:locale\" content=\"en_US\" \/>\n<meta property=\"og:type\" content=\"article\" \/>\n<meta property=\"og:title\" content=\"Trade WILMS TKS refrigerated temperature-controlled transport contract logistics warehousing fresh food organic products ice cream\" \/>\n<meta property=\"og:description\" content=\"Trade WILMS TKS from simple warehousing to sophisticated contract logistics - refrigerated temperature-controlled transport warehousing fresh food organic products ice cream\" \/>\n<meta property=\"og:url\" content=\"https:\/\/www.wilms-tks.de\/en\/trade\/\" \/>\n<meta property=\"og:site_name\" content=\"WILMS Tiefk\u00fchl-Service\" \/>\n<meta property=\"article:modified_time\" content=\"2020-01-17T17:56:03+00:00\" \/>\n<meta property=\"og:image\" content=\"https:\/\/www.wilms-tks.de\/wp-content\/uploads\/2020\/01\/WILMS_TKS_OEKO_AbCert-2020-724x1024.jpg\" \/>\n<meta name=\"twitter:card\" content=\"summary_large_image\" \/>\n<meta name=\"twitter:label1\" content=\"Est. reading time\" \/>\n\t<meta name=\"twitter:data1\" content=\"1 minute\" \/>\n<script type=\"application\/ld+json\" class=\"yoast-schema-graph\">{\"@context\":\"https:\/\/schema.org\",\"@graph\":[{\"@type\":\"WebPage\",\"@id\":\"https:\/\/www.wilms-tks.de\/en\/trade\/\",\"url\":\"https:\/\/www.wilms-tks.de\/en\/trade\/\",\"name\":\"Trade WILMS TKS refrigerated temperature-controlled transport contract logistics warehousing fresh food organic products ice cream\",\"isPartOf\":{\"@id\":\"https:\/\/www.wilms-tks.de\/en\/#website\"},\"primaryImageOfPage\":{\"@id\":\"https:\/\/www.wilms-tks.de\/en\/trade\/#primaryimage\"},\"image\":{\"@id\":\"https:\/\/www.wilms-tks.de\/en\/trade\/#primaryimage\"},\"thumbnailUrl\":\"https:\/\/www.wilms-tks.de\/wp-content\/uploads\/2020\/01\/WILMS_TKS_OEKO_AbCert-2020-724x1024.jpg\",\"datePublished\":\"2019-12-18T13:34:15+00:00\",\"dateModified\":\"2020-01-17T17:56:03+00:00\",\"description\":\"Trade WILMS TKS from simple warehousing to sophisticated contract logistics - refrigerated temperature-controlled transport warehousing fresh food organic products ice cream\",\"breadcrumb\":{\"@id\":\"https:\/\/www.wilms-tks.de\/en\/trade\/#breadcrumb\"},\"inLanguage\":\"en-US\",\"potentialAction\":[{\"@type\":\"ReadAction\",\"target\":[\"https:\/\/www.wilms-tks.de\/en\/trade\/\"]}]},{\"@type\":\"ImageObject\",\"inLanguage\":\"en-US\",\"@id\":\"https:\/\/www.wilms-tks.de\/en\/trade\/#primaryimage\",\"url\":\"https:\/\/www.wilms-tks.de\/wp-content\/uploads\/2020\/01\/WILMS_TKS_OEKO_AbCert-2020-724x1024.jpg\",\"contentUrl\":\"https:\/\/www.wilms-tks.de\/wp-content\/uploads\/2020\/01\/WILMS_TKS_OEKO_AbCert-2020-724x1024.jpg\"},{\"@type\":\"BreadcrumbList\",\"@id\":\"https:\/\/www.wilms-tks.de\/en\/trade\/#breadcrumb\",\"itemListElement\":[{\"@type\":\"ListItem\",\"position\":1,\"name\":\"Startseite\",\"item\":\"https:\/\/www.wilms-tks.de\/en\/\"},{\"@type\":\"ListItem\",\"position\":2,\"name\":\"Trade\"}]},{\"@type\":\"WebSite\",\"@id\":\"https:\/\/www.wilms-tks.de\/en\/#website\",\"url\":\"https:\/\/www.wilms-tks.de\/en\/\",\"name\":\"WILMS Tiefk\u00fchl-Service\",\"description\":\"Tiefk\u00fchl, Tiefkuehl, kuehl, temperaturgef\u00fchrt, temperaturgefuehrt, TK-Gefl\u00fcgel, TK-Gefluegel, TK-Gem\u00fcse, TK-Gemuese, Kommissionierung, temperaturgef\u00fchrte Lebensmittel, Bioprodukte, Gro\u00dfhandel, Niederkr\u00fcchten, Viersen, Willich, WILMS Tiefk\u00fchl-Service, WILMS TKS\",\"publisher\":{\"@id\":\"https:\/\/www.wilms-tks.de\/en\/#organization\"},\"potentialAction\":[{\"@type\":\"SearchAction\",\"target\":{\"@type\":\"EntryPoint\",\"urlTemplate\":\"https:\/\/www.wilms-tks.de\/en\/?s={search_term_string}\"},\"query-input\":{\"@type\":\"PropertyValueSpecification\",\"valueRequired\":true,\"valueName\":\"search_term_string\"}}],\"inLanguage\":\"en-US\"},{\"@type\":\"Organization\",\"@id\":\"https:\/\/www.wilms-tks.de\/en\/#organization\",\"name\":\"WILMS Tiefk\u00fchl-Service GmbH\",\"url\":\"https:\/\/www.wilms-tks.de\/en\/\",\"logo\":{\"@type\":\"ImageObject\",\"inLanguage\":\"en-US\",\"@id\":\"https:\/\/www.wilms-tks.de\/en\/#\/schema\/logo\/image\/\",\"url\":\"https:\/\/www.wilms-tks.de\/wp-content\/uploads\/2019\/12\/Logo-RGB-ohne-Schrift_weiss.jpg\",\"contentUrl\":\"https:\/\/www.wilms-tks.de\/wp-content\/uploads\/2019\/12\/Logo-RGB-ohne-Schrift_weiss.jpg\",\"width\":334,\"height\":476,\"caption\":\"WILMS Tiefk\u00fchl-Service GmbH\"},\"image\":{\"@id\":\"https:\/\/www.wilms-tks.de\/en\/#\/schema\/logo\/image\/\"}}]}<\/script>\n<!-- \/ Yoast SEO plugin. -->","yoast_head_json":{"title":"Trade WILMS TKS refrigerated temperature-controlled transport contract logistics warehousing fresh food organic products ice cream","description":"Trade WILMS TKS from simple warehousing to sophisticated contract logistics - refrigerated temperature-controlled transport warehousing fresh food organic products ice cream","robots":{"index":"index","follow":"follow","max-snippet":"max-snippet:-1","max-image-preview":"max-image-preview:large","max-video-preview":"max-video-preview:-1"},"canonical":"https:\/\/www.wilms-tks.de\/en\/trade\/","og_locale":"en_US","og_type":"article","og_title":"Trade WILMS TKS refrigerated temperature-controlled transport contract logistics warehousing fresh food organic products ice cream","og_description":"Trade WILMS TKS from simple warehousing to sophisticated contract logistics - refrigerated temperature-controlled transport warehousing fresh food organic products ice cream","og_url":"https:\/\/www.wilms-tks.de\/en\/trade\/","og_site_name":"WILMS Tiefk\u00fchl-Service","article_modified_time":"2020-01-17T17:56:03+00:00","og_image":[{"url":"https:\/\/www.wilms-tks.de\/wp-content\/uploads\/2020\/01\/WILMS_TKS_OEKO_AbCert-2020-724x1024.jpg","type":"","width":"","height":""}],"twitter_card":"summary_large_image","twitter_misc":{"Est. reading time":"1 minute"},"schema":{"@context":"https:\/\/schema.org","@graph":[{"@type":"WebPage","@id":"https:\/\/www.wilms-tks.de\/en\/trade\/","url":"https:\/\/www.wilms-tks.de\/en\/trade\/","name":"Trade WILMS TKS refrigerated temperature-controlled transport contract logistics warehousing fresh food organic products ice cream","isPartOf":{"@id":"https:\/\/www.wilms-tks.de\/en\/#website"},"primaryImageOfPage":{"@id":"https:\/\/www.wilms-tks.de\/en\/trade\/#primaryimage"},"image":{"@id":"https:\/\/www.wilms-tks.de\/en\/trade\/#primaryimage"},"thumbnailUrl":"https:\/\/www.wilms-tks.de\/wp-content\/uploads\/2020\/01\/WILMS_TKS_OEKO_AbCert-2020-724x1024.jpg","datePublished":"2019-12-18T13:34:15+00:00","dateModified":"2020-01-17T17:56:03+00:00","description":"Trade WILMS TKS from simple warehousing to sophisticated contract logistics - refrigerated temperature-controlled transport warehousing fresh food organic products ice cream","breadcrumb":{"@id":"https:\/\/www.wilms-tks.de\/en\/trade\/#breadcrumb"},"inLanguage":"en-US","potentialAction":[{"@type":"ReadAction","target":["https:\/\/www.wilms-tks.de\/en\/trade\/"]}]},{"@type":"ImageObject","inLanguage":"en-US","@id":"https:\/\/www.wilms-tks.de\/en\/trade\/#primaryimage","url":"https:\/\/www.wilms-tks.de\/wp-content\/uploads\/2020\/01\/WILMS_TKS_OEKO_AbCert-2020-724x1024.jpg","contentUrl":"https:\/\/www.wilms-tks.de\/wp-content\/uploads\/2020\/01\/WILMS_TKS_OEKO_AbCert-2020-724x1024.jpg"},{"@type":"BreadcrumbList","@id":"https:\/\/www.wilms-tks.de\/en\/trade\/#breadcrumb","itemListElement":[{"@type":"ListItem","position":1,"name":"Startseite","item":"https:\/\/www.wilms-tks.de\/en\/"},{"@type":"ListItem","position":2,"name":"Trade"}]},{"@type":"WebSite","@id":"https:\/\/www.wilms-tks.de\/en\/#website","url":"https:\/\/www.wilms-tks.de\/en\/","name":"WILMS Tiefk\u00fchl-Service","description":"Tiefk\u00fchl, Tiefkuehl, kuehl, temperaturgef\u00fchrt, temperaturgefuehrt, TK-Gefl\u00fcgel, TK-Gefluegel, TK-Gem\u00fcse, TK-Gemuese, Kommissionierung, temperaturgef\u00fchrte Lebensmittel, Bioprodukte, Gro\u00dfhandel, Niederkr\u00fcchten, Viersen, Willich, WILMS Tiefk\u00fchl-Service, WILMS TKS","publisher":{"@id":"https:\/\/www.wilms-tks.de\/en\/#organization"},"potentialAction":[{"@type":"SearchAction","target":{"@type":"EntryPoint","urlTemplate":"https:\/\/www.wilms-tks.de\/en\/?s={search_term_string}"},"query-input":{"@type":"PropertyValueSpecification","valueRequired":true,"valueName":"search_term_string"}}],"inLanguage":"en-US"},{"@type":"Organization","@id":"https:\/\/www.wilms-tks.de\/en\/#organization","name":"WILMS Tiefk\u00fchl-Service GmbH","url":"https:\/\/www.wilms-tks.de\/en\/","logo":{"@type":"ImageObject","inLanguage":"en-US","@id":"https:\/\/www.wilms-tks.de\/en\/#\/schema\/logo\/image\/","url":"https:\/\/www.wilms-tks.de\/wp-content\/uploads\/2019\/12\/Logo-RGB-ohne-Schrift_weiss.jpg","contentUrl":"https:\/\/www.wilms-tks.de\/wp-content\/uploads\/2019\/12\/Logo-RGB-ohne-Schrift_weiss.jpg","width":334,"height":476,"caption":"WILMS Tiefk\u00fchl-Service GmbH"},"image":{"@id":"https:\/\/www.wilms-tks.de\/en\/#\/schema\/logo\/image\/"}}]}},"_links":{"self":[{"href":"https:\/\/www.wilms-tks.de\/en\/wp-json\/wp\/v2\/pages\/22621","targetHints":{"allow":["GET"]}}],"collection":[{"href":"https:\/\/www.wilms-tks.de\/en\/wp-json\/wp\/v2\/pages"}],"about":[{"href":"https:\/\/www.wilms-tks.de\/en\/wp-json\/wp\/v2\/types\/page"}],"author":[{"embeddable":true,"href":"https:\/\/www.wilms-tks.de\/en\/wp-json\/wp\/v2\/users\/1"}],"replies":[{"embeddable":true,"href":"https:\/\/www.wilms-tks.de\/en\/wp-json\/wp\/v2\/comments?post=22621"}],"version-history":[{"count":0,"href":"https:\/\/www.wilms-tks.de\/en\/wp-json\/wp\/v2\/pages\/22621\/revisions"}],"wp:attachment":[{"href":"https:\/\/www.wilms-tks.de\/en\/wp-json\/wp\/v2\/media?parent=22621"}],"curies":[{"name":"wp","href":"https:\/\/api.w.org\/{rel}","templated":true}]}}