{"id":22619,"date":"2019-12-18T14:31:51","date_gmt":"2019-12-18T13:31:51","guid":{"rendered":"http:\/\/wordpress.wilms-tks.de\/company\/partner\/"},"modified":"2023-03-03T15:29:55","modified_gmt":"2023-03-03T14:29:55","slug":"partner","status":"publish","type":"page","link":"https:\/\/www.wilms-tks.de\/en\/company\/partner\/","title":{"rendered":"Partner"},"content":{"rendered":"<div class=\"wpb-content-wrapper\"><p>[vc_row row_type=&#8221;row&#8221; use_row_as_full_screen_section=&#8221;no&#8221; type=&#8221;full_width&#8221; text_align=&#8221;left&#8221; background_animation=&#8221;none&#8221; padding_bottom=&#8221;45&#8243; css_animation=&#8221;&#8221; css=&#8221;.vc_custom_1576591792483{padding-top: 10px !important;}&#8221;][vc_column][vc_column_text]<\/p>\n<h1>Partner<\/h1>\n<p>Clicking on one of the following logos will take you directly to the websites of some of our partners. Our partner is solely responsible for the correctness of the link as well as for the contents of the websites that can be accessed via this link.<\/p>\n<p>&nbsp;<\/p>\n<p><a href=\"https:\/\/www.wilms-tks.de\/wp-content\/uploads\/2019\/05\/logo_comarch.png\"><img loading=\"lazy\" decoding=\"async\" class=\"alignnone wp-image-22189 \" src=\"https:\/\/www.wilms-tks.de\/wp-content\/uploads\/2019\/05\/logo_comarch-300x50.png\" alt=\"Comarch\" width=\"198\" height=\"33\" srcset=\"https:\/\/www.wilms-tks.de\/wp-content\/uploads\/2019\/05\/logo_comarch-300x50.png 300w, https:\/\/www.wilms-tks.de\/wp-content\/uploads\/2019\/05\/logo_comarch-550x93.png 550w, https:\/\/www.wilms-tks.de\/wp-content\/uploads\/2019\/05\/logo_comarch.png 562w\" sizes=\"auto, (max-width: 198px) 100vw, 198px\" \/><\/a><\/p>\n<p>&nbsp;<\/p>\n<p><a href=\"https:\/\/www.wilms-tks.de\/wp-content\/uploads\/2019\/05\/dti_logo.jpg\"><img loading=\"lazy\" decoding=\"async\" class=\"alignnone wp-image-21927\" src=\"https:\/\/www.wilms-tks.de\/wp-content\/uploads\/2019\/05\/dti_logo-300x161.jpg\" alt=\"Verband Deutscher K\u00fchlh\u00e4user und K\u00fchllogistikunternehmen\" width=\"201\" height=\"108\" srcset=\"https:\/\/www.wilms-tks.de\/wp-content\/uploads\/2019\/05\/dti_logo-300x161.jpg 300w, https:\/\/www.wilms-tks.de\/wp-content\/uploads\/2019\/05\/dti_logo-550x296.jpg 550w, https:\/\/www.wilms-tks.de\/wp-content\/uploads\/2019\/05\/dti_logo-700x376.jpg 700w, https:\/\/www.wilms-tks.de\/wp-content\/uploads\/2019\/05\/dti_logo.jpg 727w\" sizes=\"auto, (max-width: 201px) 100vw, 201px\" \/><\/a><\/p>\n<p><a href=\"https:\/\/www.kek-it.de\/\"><img loading=\"lazy\" decoding=\"async\" class=\"alignnone size-full wp-image-21809\" src=\"https:\/\/www.wilms-tks.de\/wp-content\/uploads\/2019\/03\/KEK-Logo-RGB_mit-Titelzeile-3C-Klassisch.jpg\" alt=\"KEK\" width=\"126\" height=\"127\"><br \/>\n<\/a><a href=\"https:\/\/www.wilms-tks.de\/wp-content\/uploads\/2019\/05\/logo_mhroadstyling.jpg\"><img loading=\"lazy\" decoding=\"async\" class=\"alignnone wp-image-22187\" src=\"https:\/\/www.wilms-tks.de\/wp-content\/uploads\/2019\/05\/logo_mhroadstyling-300x109.jpg\" alt=\"MHroadstyling\" width=\"201\" height=\"73\" srcset=\"https:\/\/www.wilms-tks.de\/wp-content\/uploads\/2019\/05\/logo_mhroadstyling-300x109.jpg 300w, https:\/\/www.wilms-tks.de\/wp-content\/uploads\/2019\/05\/logo_mhroadstyling-768x280.jpg 768w, https:\/\/www.wilms-tks.de\/wp-content\/uploads\/2019\/05\/logo_mhroadstyling-1024x373.jpg 1024w, https:\/\/www.wilms-tks.de\/wp-content\/uploads\/2019\/05\/logo_mhroadstyling-550x200.jpg 550w, https:\/\/www.wilms-tks.de\/wp-content\/uploads\/2019\/05\/logo_mhroadstyling-700x255.jpg 700w, https:\/\/www.wilms-tks.de\/wp-content\/uploads\/2019\/05\/logo_mhroadstyling-1100x400.jpg 1100w, https:\/\/www.wilms-tks.de\/wp-content\/uploads\/2019\/05\/logo_mhroadstyling.jpg 1772w\" sizes=\"auto, (max-width: 201px) 100vw, 201px\" \/><\/a><\/p>\n<p><a href=\"https:\/\/www.wilms-tks.de\/wp-content\/uploads\/2019\/05\/Verband_Deutscher_Kuehlhaeuser_und_Kuehllogistikunternehmen_Logo.png\"><img loading=\"lazy\" decoding=\"async\" class=\"alignnone wp-image-21928\" src=\"https:\/\/www.wilms-tks.de\/wp-content\/uploads\/2019\/05\/Verband_Deutscher_Kuehlhaeuser_und_Kuehllogistikunternehmen_Logo-300x275.png\" alt=\"\" width=\"201\" height=\"184\" srcset=\"https:\/\/www.wilms-tks.de\/wp-content\/uploads\/2019\/05\/Verband_Deutscher_Kuehlhaeuser_und_Kuehllogistikunternehmen_Logo-300x275.png 300w, https:\/\/www.wilms-tks.de\/wp-content\/uploads\/2019\/05\/Verband_Deutscher_Kuehlhaeuser_und_Kuehllogistikunternehmen_Logo-768x705.png 768w, https:\/\/www.wilms-tks.de\/wp-content\/uploads\/2019\/05\/Verband_Deutscher_Kuehlhaeuser_und_Kuehllogistikunternehmen_Logo.png 1024w, https:\/\/www.wilms-tks.de\/wp-content\/uploads\/2019\/05\/Verband_Deutscher_Kuehlhaeuser_und_Kuehllogistikunternehmen_Logo-550x505.png 550w, https:\/\/www.wilms-tks.de\/wp-content\/uploads\/2019\/05\/Verband_Deutscher_Kuehlhaeuser_und_Kuehllogistikunternehmen_Logo-700x643.png 700w\" sizes=\"auto, (max-width: 201px) 100vw, 201px\" \/><\/a><\/p>\n<p>If you are one of our partners and would also like to be represented on this page, we would be pleased to hear from you. (<a href=\"mailto:presse@wilms-tks.de\">presse@wilms-tks.de<\/a>).[\/vc_column_text][\/vc_column][\/vc_row]<\/p>\n<\/div>","protected":false},"excerpt":{"rendered":"<p>[vc_row row_type=&#8221;row&#8221; use_row_as_full_screen_section=&#8221;no&#8221; type=&#8221;full_width&#8221; text_align=&#8221;left&#8221; background_animation=&#8221;none&#8221; padding_bottom=&#8221;45&#8243; css_animation=&#8221;&#8221; css=&#8221;.vc_custom_1576591792483{padding-top: 10px !important;}&#8221;][vc_column][vc_column_text] Partner Clicking on one of the following logos will take you directly to the websites of some of our partners. Our partner is solely responsible for the correctness of the link as well as&#8230;<\/p>\n","protected":false},"author":1,"featured_media":0,"parent":22613,"menu_order":150,"comment_status":"closed","ping_status":"closed","template":"","meta":{"footnotes":""},"class_list":["post-22619","page","type-page","status-publish","hentry"],"yoast_head":"<!-- This site is optimized with the Yoast SEO plugin v27.0 - https:\/\/yoast.com\/product\/yoast-seo-wordpress\/ -->\n<title>Partner WILMS temperature-controlled food - wholesale - own brands<\/title>\n<meta name=\"description\" content=\"Partner WILMS Tiefk\u00fchl-Service - jobs in a dynamic industry\" \/>\n<meta name=\"robots\" content=\"index, follow, max-snippet:-1, max-image-preview:large, max-video-preview:-1\" \/>\n<link rel=\"canonical\" href=\"https:\/\/www.wilms-tks.de\/en\/company\/partner\/\" \/>\n<meta property=\"og:locale\" content=\"en_US\" \/>\n<meta property=\"og:type\" content=\"article\" \/>\n<meta property=\"og:title\" content=\"Partner WILMS temperature-controlled food - wholesale - own brands\" \/>\n<meta property=\"og:description\" content=\"Partner WILMS Tiefk\u00fchl-Service - jobs in a dynamic industry\" \/>\n<meta property=\"og:url\" content=\"https:\/\/www.wilms-tks.de\/en\/company\/partner\/\" \/>\n<meta property=\"og:site_name\" content=\"WILMS Tiefk\u00fchl-Service\" \/>\n<meta property=\"article:modified_time\" content=\"2023-03-03T14:29:55+00:00\" \/>\n<meta property=\"og:image\" content=\"https:\/\/www.wilms-tks.de\/wp-content\/uploads\/2019\/05\/logo_comarch-300x50.png\" \/>\n<meta name=\"twitter:card\" content=\"summary_large_image\" \/>\n<meta name=\"twitter:label1\" content=\"Est. reading time\" \/>\n\t<meta name=\"twitter:data1\" content=\"1 minute\" \/>\n<script type=\"application\/ld+json\" class=\"yoast-schema-graph\">{\"@context\":\"https:\/\/schema.org\",\"@graph\":[{\"@type\":\"WebPage\",\"@id\":\"https:\/\/www.wilms-tks.de\/en\/company\/partner\/\",\"url\":\"https:\/\/www.wilms-tks.de\/en\/company\/partner\/\",\"name\":\"Partner WILMS temperature-controlled food - wholesale - own brands\",\"isPartOf\":{\"@id\":\"https:\/\/www.wilms-tks.de\/en\/#website\"},\"primaryImageOfPage\":{\"@id\":\"https:\/\/www.wilms-tks.de\/en\/company\/partner\/#primaryimage\"},\"image\":{\"@id\":\"https:\/\/www.wilms-tks.de\/en\/company\/partner\/#primaryimage\"},\"thumbnailUrl\":\"https:\/\/www.wilms-tks.de\/wp-content\/uploads\/2019\/05\/logo_comarch-300x50.png\",\"datePublished\":\"2019-12-18T13:31:51+00:00\",\"dateModified\":\"2023-03-03T14:29:55+00:00\",\"description\":\"Partner WILMS Tiefk\u00fchl-Service - jobs in a dynamic industry\",\"breadcrumb\":{\"@id\":\"https:\/\/www.wilms-tks.de\/en\/company\/partner\/#breadcrumb\"},\"inLanguage\":\"en-US\",\"potentialAction\":[{\"@type\":\"ReadAction\",\"target\":[\"https:\/\/www.wilms-tks.de\/en\/company\/partner\/\"]}]},{\"@type\":\"ImageObject\",\"inLanguage\":\"en-US\",\"@id\":\"https:\/\/www.wilms-tks.de\/en\/company\/partner\/#primaryimage\",\"url\":\"https:\/\/www.wilms-tks.de\/wp-content\/uploads\/2019\/05\/logo_comarch-300x50.png\",\"contentUrl\":\"https:\/\/www.wilms-tks.de\/wp-content\/uploads\/2019\/05\/logo_comarch-300x50.png\"},{\"@type\":\"BreadcrumbList\",\"@id\":\"https:\/\/www.wilms-tks.de\/en\/company\/partner\/#breadcrumb\",\"itemListElement\":[{\"@type\":\"ListItem\",\"position\":1,\"name\":\"Startseite\",\"item\":\"https:\/\/www.wilms-tks.de\/en\/\"},{\"@type\":\"ListItem\",\"position\":2,\"name\":\"Company\",\"item\":\"https:\/\/www.wilms-tks.de\/en\/company\/\"},{\"@type\":\"ListItem\",\"position\":3,\"name\":\"Partner\"}]},{\"@type\":\"WebSite\",\"@id\":\"https:\/\/www.wilms-tks.de\/en\/#website\",\"url\":\"https:\/\/www.wilms-tks.de\/en\/\",\"name\":\"WILMS Tiefk\u00fchl-Service\",\"description\":\"Tiefk\u00fchl, Tiefkuehl, kuehl, temperaturgef\u00fchrt, temperaturgefuehrt, TK-Gefl\u00fcgel, TK-Gefluegel, TK-Gem\u00fcse, TK-Gemuese, Kommissionierung, temperaturgef\u00fchrte Lebensmittel, Bioprodukte, Gro\u00dfhandel, Niederkr\u00fcchten, Viersen, Willich, WILMS Tiefk\u00fchl-Service, WILMS TKS\",\"publisher\":{\"@id\":\"https:\/\/www.wilms-tks.de\/en\/#organization\"},\"potentialAction\":[{\"@type\":\"SearchAction\",\"target\":{\"@type\":\"EntryPoint\",\"urlTemplate\":\"https:\/\/www.wilms-tks.de\/en\/?s={search_term_string}\"},\"query-input\":{\"@type\":\"PropertyValueSpecification\",\"valueRequired\":true,\"valueName\":\"search_term_string\"}}],\"inLanguage\":\"en-US\"},{\"@type\":\"Organization\",\"@id\":\"https:\/\/www.wilms-tks.de\/en\/#organization\",\"name\":\"WILMS Tiefk\u00fchl-Service GmbH\",\"url\":\"https:\/\/www.wilms-tks.de\/en\/\",\"logo\":{\"@type\":\"ImageObject\",\"inLanguage\":\"en-US\",\"@id\":\"https:\/\/www.wilms-tks.de\/en\/#\/schema\/logo\/image\/\",\"url\":\"https:\/\/www.wilms-tks.de\/wp-content\/uploads\/2019\/12\/Logo-RGB-ohne-Schrift_weiss.jpg\",\"contentUrl\":\"https:\/\/www.wilms-tks.de\/wp-content\/uploads\/2019\/12\/Logo-RGB-ohne-Schrift_weiss.jpg\",\"width\":334,\"height\":476,\"caption\":\"WILMS Tiefk\u00fchl-Service GmbH\"},\"image\":{\"@id\":\"https:\/\/www.wilms-tks.de\/en\/#\/schema\/logo\/image\/\"}}]}<\/script>\n<!-- \/ Yoast SEO plugin. -->","yoast_head_json":{"title":"Partner WILMS temperature-controlled food - wholesale - own brands","description":"Partner WILMS Tiefk\u00fchl-Service - jobs in a dynamic industry","robots":{"index":"index","follow":"follow","max-snippet":"max-snippet:-1","max-image-preview":"max-image-preview:large","max-video-preview":"max-video-preview:-1"},"canonical":"https:\/\/www.wilms-tks.de\/en\/company\/partner\/","og_locale":"en_US","og_type":"article","og_title":"Partner WILMS temperature-controlled food - wholesale - own brands","og_description":"Partner WILMS Tiefk\u00fchl-Service - jobs in a dynamic industry","og_url":"https:\/\/www.wilms-tks.de\/en\/company\/partner\/","og_site_name":"WILMS Tiefk\u00fchl-Service","article_modified_time":"2023-03-03T14:29:55+00:00","og_image":[{"url":"https:\/\/www.wilms-tks.de\/wp-content\/uploads\/2019\/05\/logo_comarch-300x50.png","type":"","width":"","height":""}],"twitter_card":"summary_large_image","twitter_misc":{"Est. reading time":"1 minute"},"schema":{"@context":"https:\/\/schema.org","@graph":[{"@type":"WebPage","@id":"https:\/\/www.wilms-tks.de\/en\/company\/partner\/","url":"https:\/\/www.wilms-tks.de\/en\/company\/partner\/","name":"Partner WILMS temperature-controlled food - wholesale - own brands","isPartOf":{"@id":"https:\/\/www.wilms-tks.de\/en\/#website"},"primaryImageOfPage":{"@id":"https:\/\/www.wilms-tks.de\/en\/company\/partner\/#primaryimage"},"image":{"@id":"https:\/\/www.wilms-tks.de\/en\/company\/partner\/#primaryimage"},"thumbnailUrl":"https:\/\/www.wilms-tks.de\/wp-content\/uploads\/2019\/05\/logo_comarch-300x50.png","datePublished":"2019-12-18T13:31:51+00:00","dateModified":"2023-03-03T14:29:55+00:00","description":"Partner WILMS Tiefk\u00fchl-Service - jobs in a dynamic industry","breadcrumb":{"@id":"https:\/\/www.wilms-tks.de\/en\/company\/partner\/#breadcrumb"},"inLanguage":"en-US","potentialAction":[{"@type":"ReadAction","target":["https:\/\/www.wilms-tks.de\/en\/company\/partner\/"]}]},{"@type":"ImageObject","inLanguage":"en-US","@id":"https:\/\/www.wilms-tks.de\/en\/company\/partner\/#primaryimage","url":"https:\/\/www.wilms-tks.de\/wp-content\/uploads\/2019\/05\/logo_comarch-300x50.png","contentUrl":"https:\/\/www.wilms-tks.de\/wp-content\/uploads\/2019\/05\/logo_comarch-300x50.png"},{"@type":"BreadcrumbList","@id":"https:\/\/www.wilms-tks.de\/en\/company\/partner\/#breadcrumb","itemListElement":[{"@type":"ListItem","position":1,"name":"Startseite","item":"https:\/\/www.wilms-tks.de\/en\/"},{"@type":"ListItem","position":2,"name":"Company","item":"https:\/\/www.wilms-tks.de\/en\/company\/"},{"@type":"ListItem","position":3,"name":"Partner"}]},{"@type":"WebSite","@id":"https:\/\/www.wilms-tks.de\/en\/#website","url":"https:\/\/www.wilms-tks.de\/en\/","name":"WILMS Tiefk\u00fchl-Service","description":"Tiefk\u00fchl, Tiefkuehl, kuehl, temperaturgef\u00fchrt, temperaturgefuehrt, TK-Gefl\u00fcgel, TK-Gefluegel, TK-Gem\u00fcse, TK-Gemuese, Kommissionierung, temperaturgef\u00fchrte Lebensmittel, Bioprodukte, Gro\u00dfhandel, Niederkr\u00fcchten, Viersen, Willich, WILMS Tiefk\u00fchl-Service, WILMS TKS","publisher":{"@id":"https:\/\/www.wilms-tks.de\/en\/#organization"},"potentialAction":[{"@type":"SearchAction","target":{"@type":"EntryPoint","urlTemplate":"https:\/\/www.wilms-tks.de\/en\/?s={search_term_string}"},"query-input":{"@type":"PropertyValueSpecification","valueRequired":true,"valueName":"search_term_string"}}],"inLanguage":"en-US"},{"@type":"Organization","@id":"https:\/\/www.wilms-tks.de\/en\/#organization","name":"WILMS Tiefk\u00fchl-Service GmbH","url":"https:\/\/www.wilms-tks.de\/en\/","logo":{"@type":"ImageObject","inLanguage":"en-US","@id":"https:\/\/www.wilms-tks.de\/en\/#\/schema\/logo\/image\/","url":"https:\/\/www.wilms-tks.de\/wp-content\/uploads\/2019\/12\/Logo-RGB-ohne-Schrift_weiss.jpg","contentUrl":"https:\/\/www.wilms-tks.de\/wp-content\/uploads\/2019\/12\/Logo-RGB-ohne-Schrift_weiss.jpg","width":334,"height":476,"caption":"WILMS Tiefk\u00fchl-Service GmbH"},"image":{"@id":"https:\/\/www.wilms-tks.de\/en\/#\/schema\/logo\/image\/"}}]}},"_links":{"self":[{"href":"https:\/\/www.wilms-tks.de\/en\/wp-json\/wp\/v2\/pages\/22619","targetHints":{"allow":["GET"]}}],"collection":[{"href":"https:\/\/www.wilms-tks.de\/en\/wp-json\/wp\/v2\/pages"}],"about":[{"href":"https:\/\/www.wilms-tks.de\/en\/wp-json\/wp\/v2\/types\/page"}],"author":[{"embeddable":true,"href":"https:\/\/www.wilms-tks.de\/en\/wp-json\/wp\/v2\/users\/1"}],"replies":[{"embeddable":true,"href":"https:\/\/www.wilms-tks.de\/en\/wp-json\/wp\/v2\/comments?post=22619"}],"version-history":[{"count":0,"href":"https:\/\/www.wilms-tks.de\/en\/wp-json\/wp\/v2\/pages\/22619\/revisions"}],"up":[{"embeddable":true,"href":"https:\/\/www.wilms-tks.de\/en\/wp-json\/wp\/v2\/pages\/22613"}],"wp:attachment":[{"href":"https:\/\/www.wilms-tks.de\/en\/wp-json\/wp\/v2\/media?parent=22619"}],"curies":[{"name":"wp","href":"https:\/\/api.w.org\/{rel}","templated":true}]}}