{"id":22617,"date":"2019-12-18T14:29:50","date_gmt":"2019-12-18T13:29:50","guid":{"rendered":"http:\/\/wordpress.wilms-tks.de\/company\/history\/"},"modified":"2021-01-19T11:05:48","modified_gmt":"2021-01-19T10:05:48","slug":"history","status":"publish","type":"page","link":"https:\/\/www.wilms-tks.de\/en\/company\/history\/","title":{"rendered":"History"},"content":{"rendered":"<div class=\"wpb-content-wrapper\"><p>[vc_row row_type=&#8221;row&#8221; use_row_as_full_screen_section=&#8221;no&#8221; type=&#8221;full_width&#8221; text_align=&#8221;left&#8221; background_animation=&#8221;none&#8221; padding_bottom=&#8221;45&#8243; css_animation=&#8221;&#8221; css=&#8221;.vc_custom_1576591739319{padding-top: 10px !important;}&#8221;][vc_column][vc_column_text]<\/p>\n<h1>History<\/h1>\n<p>In around\u00a0<strong>1916<\/strong>, the company was set up as a retailer for butter, eggs, cheese and brooms. Soon after, fresh poultry was added to the range.<\/p>\n<p>In\u00a0<strong>1931<\/strong>, the wholesaler was registered as &#8220;Heinrich Nolten sen.&#8221; In\u00a0<strong>1948<\/strong>, the company was entered into the commercial register as &#8220;Heinrich Nolten sen. OHG&#8221;.<\/p>\n<p>As one of the pioneers in the growing market for frozen products, the company added frozen and deep-frozen products to its range in\u00a0<strong>1965<\/strong>.<\/p>\n<p>In the\u00a0<strong>mid-1970s<\/strong>, the company established itself as a broker in the food sector and undertook the logistic bundling of frozen product ranges on behalf of the food retail trade. At that time, the company&#8217;s vehicle fleet was already used in long-distance traffic for the Germany-wide delivery of consignments.<\/p>\n<p>From the early\u00a0<strong>1990s<\/strong>, the company operated a central warehouse or respectively regional centre for the home delivery service provider &#8220;eismann&#8221;.<\/p>\n<p>The company continued to flourish: in\u00a0<strong>1990<\/strong>, it moved its main office to Niederkr\u00fcchten and from\u00a0<strong>1991<\/strong>\u00a0has been trading as &#8220;WILMS Tiefk\u00fchl-Service GmbH&#8221;.\u00a0<strong>1992<\/strong>\u00a0saw the doubling of the company&#8217;s warehousing capacity. In\u00a0<strong>1996<\/strong>\u00a0and\u00a0<strong>1997<\/strong>, two distribution centres hubs were set up in East Germany.<\/p>\n<p>The process of business succession began in\u00a0<strong>1998<\/strong>\u00a0with the appointment of Markus Wilms and Armin Feemers as partners. Concurrent with German discounters entering the frozen food market, WILMS Tiefk\u00fchl-Service further increased its frozen storage capacities. In the same year, the company acquired an EC licence for their transport division.<\/p>\n<p>In\u00a0<strong>1999<\/strong>, WILMS Tiefk\u00fchl-Service built a deep-freeze distribution centre in Niederkr\u00fcchten. In\u00a0<strong>2001<\/strong>, the company entered the ambient logistics market (plus 18 \u00b0C) as the third temperature range in addition to frozen and chilled. In the same year, the company set up a branch office for city logistics south of Berlin.<\/p>\n<p>In<strong>\u00a02003<\/strong>, WILMS Tiefk\u00fchl-Service introduced paperless order picking. Thanks to voice picking, a further reduction in the already low number of errors associated with the order picking of outer cartons and bulky good has been was made possible. In\u00a0<strong>2004\u00a0<\/strong>, the ERP System \u2018SoftM Suite\u2019 replaced the previous WMS and other software systems.<\/p>\n<p>In\u00a0<strong>2007<\/strong>, Markus Wilms and Armin Feemers are appointed Managing Directors alongside Mrs Gerdamarie Feemers, a Managing Director of many years and now Chairman of the Board of Management.<\/p>\n<p>In December\u00a0<strong>2009<\/strong>, the company further expanded its haulage business, transferring this business unit into the newly established WILMS Transport GmbH.<\/p>\n<p>From January\u00a0<strong>2010<\/strong>, WILMS Transport GmbH has taken over all haulage within the WILMS group of companies.<\/p>\n<p>In <strong>2017<\/strong> the group of companies celebrates its centenary with all employees and their families with a lavish party in the hangar of M\u00f6nchengladbach Airport.[\/vc_column_text][\/vc_column][\/vc_row]<\/p>\n<\/div>","protected":false},"excerpt":{"rendered":"<p>[vc_row row_type=&#8221;row&#8221; use_row_as_full_screen_section=&#8221;no&#8221; type=&#8221;full_width&#8221; text_align=&#8221;left&#8221; background_animation=&#8221;none&#8221; padding_bottom=&#8221;45&#8243; css_animation=&#8221;&#8221; css=&#8221;.vc_custom_1576591739319{padding-top: 10px !important;}&#8221;][vc_column][vc_column_text] History In around\u00a01916, the company was set up as a retailer for butter, eggs, cheese and brooms. Soon after, fresh poultry was added to the range. In\u00a01931, the wholesaler was registered as &#8220;Heinrich Nolten&#8230;<\/p>\n","protected":false},"author":1,"featured_media":0,"parent":22613,"menu_order":140,"comment_status":"closed","ping_status":"closed","template":"","meta":{"footnotes":""},"class_list":["post-22617","page","type-page","status-publish","hentry"],"yoast_head":"<!-- This site is optimized with the Yoast SEO plugin v27.0 - https:\/\/yoast.com\/product\/yoast-seo-wordpress\/ -->\n<title>History WILMS TKS refrigerated temperature-controlled transport contract logistics warehousing fresh food organic products ice cream<\/title>\n<meta name=\"description\" content=\"History WILMS TKS from simple warehousing to sophisticated contract logistics - refrigerated temperature-controlled transport warehousing food organic products ice cream\" \/>\n<meta name=\"robots\" content=\"index, follow, max-snippet:-1, max-image-preview:large, max-video-preview:-1\" \/>\n<link rel=\"canonical\" href=\"https:\/\/www.wilms-tks.de\/en\/company\/history\/\" \/>\n<meta property=\"og:locale\" content=\"en_US\" \/>\n<meta property=\"og:type\" content=\"article\" \/>\n<meta property=\"og:title\" content=\"History WILMS TKS refrigerated temperature-controlled transport contract logistics warehousing fresh food organic products ice cream\" \/>\n<meta property=\"og:description\" content=\"History WILMS TKS from simple warehousing to sophisticated contract logistics - refrigerated temperature-controlled transport warehousing food organic products ice cream\" \/>\n<meta property=\"og:url\" content=\"https:\/\/www.wilms-tks.de\/en\/company\/history\/\" \/>\n<meta property=\"og:site_name\" content=\"WILMS Tiefk\u00fchl-Service\" \/>\n<meta property=\"article:modified_time\" content=\"2021-01-19T10:05:48+00:00\" \/>\n<meta name=\"twitter:card\" content=\"summary_large_image\" \/>\n<meta name=\"twitter:label1\" content=\"Est. reading time\" \/>\n\t<meta name=\"twitter:data1\" content=\"2 minutes\" \/>\n<script type=\"application\/ld+json\" class=\"yoast-schema-graph\">{\"@context\":\"https:\/\/schema.org\",\"@graph\":[{\"@type\":\"WebPage\",\"@id\":\"https:\/\/www.wilms-tks.de\/en\/company\/history\/\",\"url\":\"https:\/\/www.wilms-tks.de\/en\/company\/history\/\",\"name\":\"History WILMS TKS refrigerated temperature-controlled transport contract logistics warehousing fresh food organic products ice cream\",\"isPartOf\":{\"@id\":\"https:\/\/www.wilms-tks.de\/en\/#website\"},\"datePublished\":\"2019-12-18T13:29:50+00:00\",\"dateModified\":\"2021-01-19T10:05:48+00:00\",\"description\":\"History WILMS TKS from simple warehousing to sophisticated contract logistics - refrigerated temperature-controlled transport warehousing food organic products ice cream\",\"breadcrumb\":{\"@id\":\"https:\/\/www.wilms-tks.de\/en\/company\/history\/#breadcrumb\"},\"inLanguage\":\"en-US\",\"potentialAction\":[{\"@type\":\"ReadAction\",\"target\":[\"https:\/\/www.wilms-tks.de\/en\/company\/history\/\"]}]},{\"@type\":\"BreadcrumbList\",\"@id\":\"https:\/\/www.wilms-tks.de\/en\/company\/history\/#breadcrumb\",\"itemListElement\":[{\"@type\":\"ListItem\",\"position\":1,\"name\":\"Startseite\",\"item\":\"https:\/\/www.wilms-tks.de\/en\/\"},{\"@type\":\"ListItem\",\"position\":2,\"name\":\"Company\",\"item\":\"https:\/\/www.wilms-tks.de\/en\/company\/\"},{\"@type\":\"ListItem\",\"position\":3,\"name\":\"History\"}]},{\"@type\":\"WebSite\",\"@id\":\"https:\/\/www.wilms-tks.de\/en\/#website\",\"url\":\"https:\/\/www.wilms-tks.de\/en\/\",\"name\":\"WILMS Tiefk\u00fchl-Service\",\"description\":\"Tiefk\u00fchl, Tiefkuehl, kuehl, temperaturgef\u00fchrt, temperaturgefuehrt, TK-Gefl\u00fcgel, TK-Gefluegel, TK-Gem\u00fcse, TK-Gemuese, Kommissionierung, temperaturgef\u00fchrte Lebensmittel, Bioprodukte, Gro\u00dfhandel, Niederkr\u00fcchten, Viersen, Willich, WILMS Tiefk\u00fchl-Service, WILMS TKS\",\"publisher\":{\"@id\":\"https:\/\/www.wilms-tks.de\/en\/#organization\"},\"potentialAction\":[{\"@type\":\"SearchAction\",\"target\":{\"@type\":\"EntryPoint\",\"urlTemplate\":\"https:\/\/www.wilms-tks.de\/en\/?s={search_term_string}\"},\"query-input\":{\"@type\":\"PropertyValueSpecification\",\"valueRequired\":true,\"valueName\":\"search_term_string\"}}],\"inLanguage\":\"en-US\"},{\"@type\":\"Organization\",\"@id\":\"https:\/\/www.wilms-tks.de\/en\/#organization\",\"name\":\"WILMS Tiefk\u00fchl-Service GmbH\",\"url\":\"https:\/\/www.wilms-tks.de\/en\/\",\"logo\":{\"@type\":\"ImageObject\",\"inLanguage\":\"en-US\",\"@id\":\"https:\/\/www.wilms-tks.de\/en\/#\/schema\/logo\/image\/\",\"url\":\"https:\/\/www.wilms-tks.de\/wp-content\/uploads\/2019\/12\/Logo-RGB-ohne-Schrift_weiss.jpg\",\"contentUrl\":\"https:\/\/www.wilms-tks.de\/wp-content\/uploads\/2019\/12\/Logo-RGB-ohne-Schrift_weiss.jpg\",\"width\":334,\"height\":476,\"caption\":\"WILMS Tiefk\u00fchl-Service GmbH\"},\"image\":{\"@id\":\"https:\/\/www.wilms-tks.de\/en\/#\/schema\/logo\/image\/\"}}]}<\/script>\n<!-- \/ Yoast SEO plugin. -->","yoast_head_json":{"title":"History WILMS TKS refrigerated temperature-controlled transport contract logistics warehousing fresh food organic products ice cream","description":"History WILMS TKS from simple warehousing to sophisticated contract logistics - refrigerated temperature-controlled transport warehousing food organic products ice cream","robots":{"index":"index","follow":"follow","max-snippet":"max-snippet:-1","max-image-preview":"max-image-preview:large","max-video-preview":"max-video-preview:-1"},"canonical":"https:\/\/www.wilms-tks.de\/en\/company\/history\/","og_locale":"en_US","og_type":"article","og_title":"History WILMS TKS refrigerated temperature-controlled transport contract logistics warehousing fresh food organic products ice cream","og_description":"History WILMS TKS from simple warehousing to sophisticated contract logistics - refrigerated temperature-controlled transport warehousing food organic products ice cream","og_url":"https:\/\/www.wilms-tks.de\/en\/company\/history\/","og_site_name":"WILMS Tiefk\u00fchl-Service","article_modified_time":"2021-01-19T10:05:48+00:00","twitter_card":"summary_large_image","twitter_misc":{"Est. reading time":"2 minutes"},"schema":{"@context":"https:\/\/schema.org","@graph":[{"@type":"WebPage","@id":"https:\/\/www.wilms-tks.de\/en\/company\/history\/","url":"https:\/\/www.wilms-tks.de\/en\/company\/history\/","name":"History WILMS TKS refrigerated temperature-controlled transport contract logistics warehousing fresh food organic products ice cream","isPartOf":{"@id":"https:\/\/www.wilms-tks.de\/en\/#website"},"datePublished":"2019-12-18T13:29:50+00:00","dateModified":"2021-01-19T10:05:48+00:00","description":"History WILMS TKS from simple warehousing to sophisticated contract logistics - refrigerated temperature-controlled transport warehousing food organic products ice cream","breadcrumb":{"@id":"https:\/\/www.wilms-tks.de\/en\/company\/history\/#breadcrumb"},"inLanguage":"en-US","potentialAction":[{"@type":"ReadAction","target":["https:\/\/www.wilms-tks.de\/en\/company\/history\/"]}]},{"@type":"BreadcrumbList","@id":"https:\/\/www.wilms-tks.de\/en\/company\/history\/#breadcrumb","itemListElement":[{"@type":"ListItem","position":1,"name":"Startseite","item":"https:\/\/www.wilms-tks.de\/en\/"},{"@type":"ListItem","position":2,"name":"Company","item":"https:\/\/www.wilms-tks.de\/en\/company\/"},{"@type":"ListItem","position":3,"name":"History"}]},{"@type":"WebSite","@id":"https:\/\/www.wilms-tks.de\/en\/#website","url":"https:\/\/www.wilms-tks.de\/en\/","name":"WILMS Tiefk\u00fchl-Service","description":"Tiefk\u00fchl, Tiefkuehl, kuehl, temperaturgef\u00fchrt, temperaturgefuehrt, TK-Gefl\u00fcgel, TK-Gefluegel, TK-Gem\u00fcse, TK-Gemuese, Kommissionierung, temperaturgef\u00fchrte Lebensmittel, Bioprodukte, Gro\u00dfhandel, Niederkr\u00fcchten, Viersen, Willich, WILMS Tiefk\u00fchl-Service, WILMS TKS","publisher":{"@id":"https:\/\/www.wilms-tks.de\/en\/#organization"},"potentialAction":[{"@type":"SearchAction","target":{"@type":"EntryPoint","urlTemplate":"https:\/\/www.wilms-tks.de\/en\/?s={search_term_string}"},"query-input":{"@type":"PropertyValueSpecification","valueRequired":true,"valueName":"search_term_string"}}],"inLanguage":"en-US"},{"@type":"Organization","@id":"https:\/\/www.wilms-tks.de\/en\/#organization","name":"WILMS Tiefk\u00fchl-Service GmbH","url":"https:\/\/www.wilms-tks.de\/en\/","logo":{"@type":"ImageObject","inLanguage":"en-US","@id":"https:\/\/www.wilms-tks.de\/en\/#\/schema\/logo\/image\/","url":"https:\/\/www.wilms-tks.de\/wp-content\/uploads\/2019\/12\/Logo-RGB-ohne-Schrift_weiss.jpg","contentUrl":"https:\/\/www.wilms-tks.de\/wp-content\/uploads\/2019\/12\/Logo-RGB-ohne-Schrift_weiss.jpg","width":334,"height":476,"caption":"WILMS Tiefk\u00fchl-Service GmbH"},"image":{"@id":"https:\/\/www.wilms-tks.de\/en\/#\/schema\/logo\/image\/"}}]}},"_links":{"self":[{"href":"https:\/\/www.wilms-tks.de\/en\/wp-json\/wp\/v2\/pages\/22617","targetHints":{"allow":["GET"]}}],"collection":[{"href":"https:\/\/www.wilms-tks.de\/en\/wp-json\/wp\/v2\/pages"}],"about":[{"href":"https:\/\/www.wilms-tks.de\/en\/wp-json\/wp\/v2\/types\/page"}],"author":[{"embeddable":true,"href":"https:\/\/www.wilms-tks.de\/en\/wp-json\/wp\/v2\/users\/1"}],"replies":[{"embeddable":true,"href":"https:\/\/www.wilms-tks.de\/en\/wp-json\/wp\/v2\/comments?post=22617"}],"version-history":[{"count":0,"href":"https:\/\/www.wilms-tks.de\/en\/wp-json\/wp\/v2\/pages\/22617\/revisions"}],"up":[{"embeddable":true,"href":"https:\/\/www.wilms-tks.de\/en\/wp-json\/wp\/v2\/pages\/22613"}],"wp:attachment":[{"href":"https:\/\/www.wilms-tks.de\/en\/wp-json\/wp\/v2\/media?parent=22617"}],"curies":[{"name":"wp","href":"https:\/\/api.w.org\/{rel}","templated":true}]}}