{"id":22615,"date":"2019-12-18T15:30:01","date_gmt":"2019-12-18T14:30:01","guid":{"rendered":"http:\/\/wordpress.wilms-tks.de\/?page_id=22615"},"modified":"2020-01-17T18:52:17","modified_gmt":"2020-01-17T17:52:17","slug":"profile","status":"publish","type":"page","link":"https:\/\/www.wilms-tks.de\/en\/company\/profile\/","title":{"rendered":"Profile"},"content":{"rendered":"<div class=\"wpb-content-wrapper\"><p>[vc_row row_type=&#8221;row&#8221; use_row_as_full_screen_section=&#8221;no&#8221; type=&#8221;full_width&#8221; text_align=&#8221;left&#8221; background_animation=&#8221;none&#8221; padding_bottom=&#8221;45&#8243; css_animation=&#8221;&#8221; css=&#8221;.vc_custom_1576591708093{padding-top: 10px !important;}&#8221;][vc_column][vc_column_text]<\/p>\n<h1>Profile<\/h1>\n<p>WILMS Tiefk\u00fchl-Service GmbH is a wholesale and logistics company for temperature-controlled foods and goods with its main office in Niederkr\u00fcchten in the German state of North Rhine-Westphalia.<\/p>\n<p>The owner-directed company provides its German and European customers with temperature-controlled logistics services and products in the temperature ranges from -25\u00b0C to +18\u00b0C.<\/p>\n<p>With all the advantages of a flexible medium-sized company with know-how acquired over many decades, WILMS Tiefk\u00fchl-Service develops sophisticated solutions and concepts. The business areas of the company are as follows:<\/p>\n<ul>\n<li>Trade<\/li>\n<li>Service<\/li>\n<li>Transport<\/li>\n<\/ul>\n<p>Particular strength of the company is its ability to provide reliable and highly professional management of the supply chain from purchase to delivery of the goods.<\/p>\n<p>In addition to its headquarters in Niederkr\u00fcchten, the company also has a branch office in Berlin. Further warehousing facilities are available in Willich and Viersen.<\/p>\n<p>The customers include all sizes of companies from the following sectors: restaurant trade, wholesale, cash &amp; carry, food retail, discount, food manufacturing, home delivery.<\/p>\n<p>WILMS Tiefk\u00fchl-Service is part of the WILMS group of companies.<\/p>\n<p><a href=\"https:\/\/www.wilms-gruppe.de\/en\/\"><img loading=\"lazy\" decoding=\"async\" class=\"size-medium wp-image-22254 alignnone\" src=\"https:\/\/www.wilms-tks.de\/wp-content\/uploads\/2019\/06\/wilms_holding_rgb_120110-300x34.jpg\" alt=\"WILMS Gruppe\" width=\"300\" height=\"34\" srcset=\"https:\/\/www.wilms-tks.de\/wp-content\/uploads\/2019\/06\/wilms_holding_rgb_120110-300x34.jpg 300w, https:\/\/www.wilms-tks.de\/wp-content\/uploads\/2019\/06\/wilms_holding_rgb_120110-768x87.jpg 768w, https:\/\/www.wilms-tks.de\/wp-content\/uploads\/2019\/06\/wilms_holding_rgb_120110-1024x116.jpg 1024w, https:\/\/www.wilms-tks.de\/wp-content\/uploads\/2019\/06\/wilms_holding_rgb_120110-550x62.jpg 550w, https:\/\/www.wilms-tks.de\/wp-content\/uploads\/2019\/06\/wilms_holding_rgb_120110-700x79.jpg 700w, https:\/\/www.wilms-tks.de\/wp-content\/uploads\/2019\/06\/wilms_holding_rgb_120110-1100x125.jpg 1100w\" sizes=\"auto, (max-width: 300px) 100vw, 300px\" \/><\/a>[\/vc_column_text][\/vc_column][\/vc_row]<\/p>\n<\/div>","protected":false},"excerpt":{"rendered":"<p>[vc_row row_type=&#8221;row&#8221; use_row_as_full_screen_section=&#8221;no&#8221; type=&#8221;full_width&#8221; text_align=&#8221;left&#8221; background_animation=&#8221;none&#8221; padding_bottom=&#8221;45&#8243; css_animation=&#8221;&#8221; css=&#8221;.vc_custom_1576591708093{padding-top: 10px !important;}&#8221;][vc_column][vc_column_text] Profile WILMS Tiefk\u00fchl-Service GmbH is a wholesale and logistics company for temperature-controlled foods and goods with its main office in Niederkr\u00fcchten in the German state of North Rhine-Westphalia. The owner-directed company provides its German&#8230;<\/p>\n","protected":false},"author":1,"featured_media":0,"parent":22613,"menu_order":110,"comment_status":"closed","ping_status":"closed","template":"","meta":{"footnotes":""},"class_list":["post-22615","page","type-page","status-publish","hentry"],"yoast_head":"<!-- This site is optimized with the Yoast SEO plugin v27.0 - https:\/\/yoast.com\/product\/yoast-seo-wordpress\/ -->\n<title>Profile WILMS TKS refrigerated temperature-controlled transport contract logistics warehousing fresh food organic products ice cream<\/title>\n<meta name=\"description\" content=\"Profile WILMS TKS from simple warehousing to sophisticated contract logistics - refrigerated temperature-controlled transport warehousing fresh food organic products ice cream\" \/>\n<meta name=\"robots\" content=\"index, follow, max-snippet:-1, max-image-preview:large, max-video-preview:-1\" \/>\n<link rel=\"canonical\" href=\"https:\/\/www.wilms-tks.de\/en\/company\/profile\/\" \/>\n<meta property=\"og:locale\" content=\"en_US\" \/>\n<meta property=\"og:type\" content=\"article\" \/>\n<meta property=\"og:title\" content=\"Profile WILMS TKS refrigerated temperature-controlled transport contract logistics warehousing fresh food organic products ice cream\" \/>\n<meta property=\"og:description\" content=\"Profile WILMS TKS from simple warehousing to sophisticated contract logistics - refrigerated temperature-controlled transport warehousing fresh food organic products ice cream\" \/>\n<meta property=\"og:url\" content=\"https:\/\/www.wilms-tks.de\/en\/company\/profile\/\" \/>\n<meta property=\"og:site_name\" content=\"WILMS Tiefk\u00fchl-Service\" \/>\n<meta property=\"article:modified_time\" content=\"2020-01-17T17:52:17+00:00\" \/>\n<meta property=\"og:image\" content=\"https:\/\/www.wilms-tks.de\/wp-content\/uploads\/2019\/06\/wilms_holding_rgb_120110-300x34.jpg\" \/>\n<meta name=\"twitter:card\" content=\"summary_large_image\" \/>\n<meta name=\"twitter:label1\" content=\"Est. reading time\" \/>\n\t<meta name=\"twitter:data1\" content=\"1 minute\" \/>\n<script type=\"application\/ld+json\" class=\"yoast-schema-graph\">{\"@context\":\"https:\/\/schema.org\",\"@graph\":[{\"@type\":\"WebPage\",\"@id\":\"https:\/\/www.wilms-tks.de\/en\/company\/profile\/\",\"url\":\"https:\/\/www.wilms-tks.de\/en\/company\/profile\/\",\"name\":\"Profile WILMS TKS refrigerated temperature-controlled transport contract logistics warehousing fresh food organic products ice cream\",\"isPartOf\":{\"@id\":\"https:\/\/www.wilms-tks.de\/en\/#website\"},\"primaryImageOfPage\":{\"@id\":\"https:\/\/www.wilms-tks.de\/en\/company\/profile\/#primaryimage\"},\"image\":{\"@id\":\"https:\/\/www.wilms-tks.de\/en\/company\/profile\/#primaryimage\"},\"thumbnailUrl\":\"https:\/\/www.wilms-tks.de\/wp-content\/uploads\/2019\/06\/wilms_holding_rgb_120110-300x34.jpg\",\"datePublished\":\"2019-12-18T14:30:01+00:00\",\"dateModified\":\"2020-01-17T17:52:17+00:00\",\"description\":\"Profile WILMS TKS from simple warehousing to sophisticated contract logistics - refrigerated temperature-controlled transport warehousing fresh food organic products ice cream\",\"breadcrumb\":{\"@id\":\"https:\/\/www.wilms-tks.de\/en\/company\/profile\/#breadcrumb\"},\"inLanguage\":\"en-US\",\"potentialAction\":[{\"@type\":\"ReadAction\",\"target\":[\"https:\/\/www.wilms-tks.de\/en\/company\/profile\/\"]}]},{\"@type\":\"ImageObject\",\"inLanguage\":\"en-US\",\"@id\":\"https:\/\/www.wilms-tks.de\/en\/company\/profile\/#primaryimage\",\"url\":\"https:\/\/www.wilms-tks.de\/wp-content\/uploads\/2019\/06\/wilms_holding_rgb_120110-300x34.jpg\",\"contentUrl\":\"https:\/\/www.wilms-tks.de\/wp-content\/uploads\/2019\/06\/wilms_holding_rgb_120110-300x34.jpg\"},{\"@type\":\"BreadcrumbList\",\"@id\":\"https:\/\/www.wilms-tks.de\/en\/company\/profile\/#breadcrumb\",\"itemListElement\":[{\"@type\":\"ListItem\",\"position\":1,\"name\":\"Startseite\",\"item\":\"https:\/\/www.wilms-tks.de\/en\/\"},{\"@type\":\"ListItem\",\"position\":2,\"name\":\"Company\",\"item\":\"https:\/\/www.wilms-tks.de\/en\/company\/\"},{\"@type\":\"ListItem\",\"position\":3,\"name\":\"Profile\"}]},{\"@type\":\"WebSite\",\"@id\":\"https:\/\/www.wilms-tks.de\/en\/#website\",\"url\":\"https:\/\/www.wilms-tks.de\/en\/\",\"name\":\"WILMS Tiefk\u00fchl-Service\",\"description\":\"Tiefk\u00fchl, Tiefkuehl, kuehl, temperaturgef\u00fchrt, temperaturgefuehrt, TK-Gefl\u00fcgel, TK-Gefluegel, TK-Gem\u00fcse, TK-Gemuese, Kommissionierung, temperaturgef\u00fchrte Lebensmittel, Bioprodukte, Gro\u00dfhandel, Niederkr\u00fcchten, Viersen, Willich, WILMS Tiefk\u00fchl-Service, WILMS TKS\",\"publisher\":{\"@id\":\"https:\/\/www.wilms-tks.de\/en\/#organization\"},\"potentialAction\":[{\"@type\":\"SearchAction\",\"target\":{\"@type\":\"EntryPoint\",\"urlTemplate\":\"https:\/\/www.wilms-tks.de\/en\/?s={search_term_string}\"},\"query-input\":{\"@type\":\"PropertyValueSpecification\",\"valueRequired\":true,\"valueName\":\"search_term_string\"}}],\"inLanguage\":\"en-US\"},{\"@type\":\"Organization\",\"@id\":\"https:\/\/www.wilms-tks.de\/en\/#organization\",\"name\":\"WILMS Tiefk\u00fchl-Service GmbH\",\"url\":\"https:\/\/www.wilms-tks.de\/en\/\",\"logo\":{\"@type\":\"ImageObject\",\"inLanguage\":\"en-US\",\"@id\":\"https:\/\/www.wilms-tks.de\/en\/#\/schema\/logo\/image\/\",\"url\":\"https:\/\/www.wilms-tks.de\/wp-content\/uploads\/2019\/12\/Logo-RGB-ohne-Schrift_weiss.jpg\",\"contentUrl\":\"https:\/\/www.wilms-tks.de\/wp-content\/uploads\/2019\/12\/Logo-RGB-ohne-Schrift_weiss.jpg\",\"width\":334,\"height\":476,\"caption\":\"WILMS Tiefk\u00fchl-Service GmbH\"},\"image\":{\"@id\":\"https:\/\/www.wilms-tks.de\/en\/#\/schema\/logo\/image\/\"}}]}<\/script>\n<!-- \/ Yoast SEO plugin. -->","yoast_head_json":{"title":"Profile WILMS TKS refrigerated temperature-controlled transport contract logistics warehousing fresh food organic products ice cream","description":"Profile WILMS TKS from simple warehousing to sophisticated contract logistics - refrigerated temperature-controlled transport warehousing fresh food organic products ice cream","robots":{"index":"index","follow":"follow","max-snippet":"max-snippet:-1","max-image-preview":"max-image-preview:large","max-video-preview":"max-video-preview:-1"},"canonical":"https:\/\/www.wilms-tks.de\/en\/company\/profile\/","og_locale":"en_US","og_type":"article","og_title":"Profile WILMS TKS refrigerated temperature-controlled transport contract logistics warehousing fresh food organic products ice cream","og_description":"Profile WILMS TKS from simple warehousing to sophisticated contract logistics - refrigerated temperature-controlled transport warehousing fresh food organic products ice cream","og_url":"https:\/\/www.wilms-tks.de\/en\/company\/profile\/","og_site_name":"WILMS Tiefk\u00fchl-Service","article_modified_time":"2020-01-17T17:52:17+00:00","og_image":[{"url":"https:\/\/www.wilms-tks.de\/wp-content\/uploads\/2019\/06\/wilms_holding_rgb_120110-300x34.jpg","type":"","width":"","height":""}],"twitter_card":"summary_large_image","twitter_misc":{"Est. reading time":"1 minute"},"schema":{"@context":"https:\/\/schema.org","@graph":[{"@type":"WebPage","@id":"https:\/\/www.wilms-tks.de\/en\/company\/profile\/","url":"https:\/\/www.wilms-tks.de\/en\/company\/profile\/","name":"Profile WILMS TKS refrigerated temperature-controlled transport contract logistics warehousing fresh food organic products ice cream","isPartOf":{"@id":"https:\/\/www.wilms-tks.de\/en\/#website"},"primaryImageOfPage":{"@id":"https:\/\/www.wilms-tks.de\/en\/company\/profile\/#primaryimage"},"image":{"@id":"https:\/\/www.wilms-tks.de\/en\/company\/profile\/#primaryimage"},"thumbnailUrl":"https:\/\/www.wilms-tks.de\/wp-content\/uploads\/2019\/06\/wilms_holding_rgb_120110-300x34.jpg","datePublished":"2019-12-18T14:30:01+00:00","dateModified":"2020-01-17T17:52:17+00:00","description":"Profile WILMS TKS from simple warehousing to sophisticated contract logistics - refrigerated temperature-controlled transport warehousing fresh food organic products ice cream","breadcrumb":{"@id":"https:\/\/www.wilms-tks.de\/en\/company\/profile\/#breadcrumb"},"inLanguage":"en-US","potentialAction":[{"@type":"ReadAction","target":["https:\/\/www.wilms-tks.de\/en\/company\/profile\/"]}]},{"@type":"ImageObject","inLanguage":"en-US","@id":"https:\/\/www.wilms-tks.de\/en\/company\/profile\/#primaryimage","url":"https:\/\/www.wilms-tks.de\/wp-content\/uploads\/2019\/06\/wilms_holding_rgb_120110-300x34.jpg","contentUrl":"https:\/\/www.wilms-tks.de\/wp-content\/uploads\/2019\/06\/wilms_holding_rgb_120110-300x34.jpg"},{"@type":"BreadcrumbList","@id":"https:\/\/www.wilms-tks.de\/en\/company\/profile\/#breadcrumb","itemListElement":[{"@type":"ListItem","position":1,"name":"Startseite","item":"https:\/\/www.wilms-tks.de\/en\/"},{"@type":"ListItem","position":2,"name":"Company","item":"https:\/\/www.wilms-tks.de\/en\/company\/"},{"@type":"ListItem","position":3,"name":"Profile"}]},{"@type":"WebSite","@id":"https:\/\/www.wilms-tks.de\/en\/#website","url":"https:\/\/www.wilms-tks.de\/en\/","name":"WILMS Tiefk\u00fchl-Service","description":"Tiefk\u00fchl, Tiefkuehl, kuehl, temperaturgef\u00fchrt, temperaturgefuehrt, TK-Gefl\u00fcgel, TK-Gefluegel, TK-Gem\u00fcse, TK-Gemuese, Kommissionierung, temperaturgef\u00fchrte Lebensmittel, Bioprodukte, Gro\u00dfhandel, Niederkr\u00fcchten, Viersen, Willich, WILMS Tiefk\u00fchl-Service, WILMS TKS","publisher":{"@id":"https:\/\/www.wilms-tks.de\/en\/#organization"},"potentialAction":[{"@type":"SearchAction","target":{"@type":"EntryPoint","urlTemplate":"https:\/\/www.wilms-tks.de\/en\/?s={search_term_string}"},"query-input":{"@type":"PropertyValueSpecification","valueRequired":true,"valueName":"search_term_string"}}],"inLanguage":"en-US"},{"@type":"Organization","@id":"https:\/\/www.wilms-tks.de\/en\/#organization","name":"WILMS Tiefk\u00fchl-Service GmbH","url":"https:\/\/www.wilms-tks.de\/en\/","logo":{"@type":"ImageObject","inLanguage":"en-US","@id":"https:\/\/www.wilms-tks.de\/en\/#\/schema\/logo\/image\/","url":"https:\/\/www.wilms-tks.de\/wp-content\/uploads\/2019\/12\/Logo-RGB-ohne-Schrift_weiss.jpg","contentUrl":"https:\/\/www.wilms-tks.de\/wp-content\/uploads\/2019\/12\/Logo-RGB-ohne-Schrift_weiss.jpg","width":334,"height":476,"caption":"WILMS Tiefk\u00fchl-Service GmbH"},"image":{"@id":"https:\/\/www.wilms-tks.de\/en\/#\/schema\/logo\/image\/"}}]}},"_links":{"self":[{"href":"https:\/\/www.wilms-tks.de\/en\/wp-json\/wp\/v2\/pages\/22615","targetHints":{"allow":["GET"]}}],"collection":[{"href":"https:\/\/www.wilms-tks.de\/en\/wp-json\/wp\/v2\/pages"}],"about":[{"href":"https:\/\/www.wilms-tks.de\/en\/wp-json\/wp\/v2\/types\/page"}],"author":[{"embeddable":true,"href":"https:\/\/www.wilms-tks.de\/en\/wp-json\/wp\/v2\/users\/1"}],"replies":[{"embeddable":true,"href":"https:\/\/www.wilms-tks.de\/en\/wp-json\/wp\/v2\/comments?post=22615"}],"version-history":[{"count":0,"href":"https:\/\/www.wilms-tks.de\/en\/wp-json\/wp\/v2\/pages\/22615\/revisions"}],"up":[{"embeddable":true,"href":"https:\/\/www.wilms-tks.de\/en\/wp-json\/wp\/v2\/pages\/22613"}],"wp:attachment":[{"href":"https:\/\/www.wilms-tks.de\/en\/wp-json\/wp\/v2\/media?parent=22615"}],"curies":[{"name":"wp","href":"https:\/\/api.w.org\/{rel}","templated":true}]}}