{"id":22613,"date":"2019-12-18T14:26:31","date_gmt":"2019-12-18T13:26:31","guid":{"rendered":"http:\/\/wordpress.wilms-tks.de\/company\/"},"modified":"2020-01-17T18:49:11","modified_gmt":"2020-01-17T17:49:11","slug":"company","status":"publish","type":"page","link":"https:\/\/www.wilms-tks.de\/en\/company\/","title":{"rendered":"Company"},"content":{"rendered":"<div class=\"wpb-content-wrapper\"><p>[vc_row row_type=&#8221;row&#8221; use_row_as_full_screen_section=&#8221;no&#8221; type=&#8221;full_width&#8221; text_align=&#8221;left&#8221; background_animation=&#8221;none&#8221; padding_bottom=&#8221;45&#8243; css_animation=&#8221;&#8221; css=&#8221;.vc_custom_1576591655075{padding-top: 10px !important;}&#8221;][vc_column][vc_column_text css=&#8221;.vc_custom_1578008264444{padding-bottom: 30px !important;}&#8221;]<\/p>\n<h1>Company<\/h1>\n<p>WILMS Tiefk\u00fchl-Service GmbH is an owner-directed wholesale and logistics company for temperature-controlled foods and goods. The company provides its German and European customers with temperature-controlled logistics services and products in the frozen, chilled and ambient temperature ranges.<\/p>\n<p>WILMS Tiefk\u00fchl-Service customers &#8211; from individual retailers, discounters and home-delivery services to industrial customers &#8211; benefit from the advantages of a flexible medium-sized company with expertise and experience acquired in more than 100 years in food trade and food logistics. Using state-of-the-art technology, the company develops sophisticated solutions and concepts.<br \/>\n[\/vc_column_text][vc_column_text]<\/p>\n<h2>Facts and Figures<\/h2>\n<p>\n<table id=\"tablepress-2\" class=\"tablepress tablepress-id-2\">\n<tbody class=\"row-striping row-hover\">\n<tr class=\"row-1\">\n\t<td class=\"column-1\">Main office:<\/td><td class=\"column-2\">WILMS Tiefk\u00fchl-Service GmbH<br \/>\nSohlweg 2<br \/>\nD-41372 Niederkr\u00fcchten<\/td>\n<\/tr>\n<tr class=\"row-2\">\n\t<td class=\"column-1\">Founded:<\/td><td class=\"column-2\">c. 1916<\/td>\n<\/tr>\n<tr class=\"row-3\">\n\t<td class=\"column-1\">Service spectrum:<\/td><td class=\"column-2\">Wholesale and logistics company for temperature-controlled foods and goods in the temperature range from -25\u00b0C to +18\u00b0C<\/td>\n<\/tr>\n<tr class=\"row-4\">\n\t<td class=\"column-1\">Customer groups:<\/td><td class=\"column-2\">Airlines \/ Airport Catering<br \/>\nCash &amp; Carry<br \/>\nDiscounters<br \/>\nWholesalers<br \/>\nBulk consumers<br \/>\nHome delivery services<br \/>\nIndustry \/ Manufacturers<br \/>\nFood retailers<br \/>\nRestaurant trade<\/td>\n<\/tr>\n<tr class=\"row-5\">\n\t<td class=\"column-1\">Business areas:<\/td><td class=\"column-2\">Trade<br \/>\nService<br \/>\nTransport<\/td>\n<\/tr>\n<tr class=\"row-6\">\n\t<td class=\"column-1\">Employees:<\/td><td class=\"column-2\">90<\/td>\n<\/tr>\n<tr class=\"row-7\">\n\t<td class=\"column-1\">Affiliation:<\/td><td class=\"column-2\">\t<br \/>\nPart of the WILMS group of companies<br \/>\n<a href=\"https:\/\/www.wilms-tks.de\/wp-content\/uploads\/2019\/06\/wilms_holding_rgb_120110.jpg\"><img loading=\"lazy\" decoding=\"async\" src=\"https:\/\/www.wilms-tks.de\/wp-content\/uploads\/2019\/06\/wilms_holding_rgb_120110-300x34.jpg\" alt=\"WILMS Gruppe\" width=\"300\" height=\"34\" class=\"size-medium wp-image-22254\" srcset=\"https:\/\/www.wilms-tks.de\/wp-content\/uploads\/2019\/06\/wilms_holding_rgb_120110-300x34.jpg 300w, https:\/\/www.wilms-tks.de\/wp-content\/uploads\/2019\/06\/wilms_holding_rgb_120110-768x87.jpg 768w, https:\/\/www.wilms-tks.de\/wp-content\/uploads\/2019\/06\/wilms_holding_rgb_120110-1024x116.jpg 1024w, https:\/\/www.wilms-tks.de\/wp-content\/uploads\/2019\/06\/wilms_holding_rgb_120110-550x62.jpg 550w, https:\/\/www.wilms-tks.de\/wp-content\/uploads\/2019\/06\/wilms_holding_rgb_120110-700x79.jpg 700w, https:\/\/www.wilms-tks.de\/wp-content\/uploads\/2019\/06\/wilms_holding_rgb_120110-1100x125.jpg 1100w\" sizes=\"auto, (max-width: 300px) 100vw, 300px\" \/><\/a><\/td>\n<\/tr>\n<\/tbody>\n<\/table>\n<!-- #tablepress-2 from cache -->[\/vc_column_text][\/vc_column][\/vc_row]<\/p>\n<\/div>","protected":false},"excerpt":{"rendered":"<p>[vc_row row_type=&#8221;row&#8221; use_row_as_full_screen_section=&#8221;no&#8221; type=&#8221;full_width&#8221; text_align=&#8221;left&#8221; background_animation=&#8221;none&#8221; padding_bottom=&#8221;45&#8243; css_animation=&#8221;&#8221; css=&#8221;.vc_custom_1576591655075{padding-top: 10px !important;}&#8221;][vc_column][vc_column_text css=&#8221;.vc_custom_1578008264444{padding-bottom: 30px !important;}&#8221;] Company WILMS Tiefk\u00fchl-Service GmbH is an owner-directed wholesale and logistics company for temperature-controlled foods and goods. The company provides its German and European customers with temperature-controlled logistics services and products in&#8230;<\/p>\n","protected":false},"author":1,"featured_media":0,"parent":0,"menu_order":100,"comment_status":"closed","ping_status":"closed","template":"","meta":{"footnotes":""},"class_list":["post-22613","page","type-page","status-publish","hentry"],"yoast_head":"<!-- This site is optimized with the Yoast SEO plugin v27.0 - https:\/\/yoast.com\/product\/yoast-seo-wordpress\/ -->\n<title>Company WILMS TKS refrigerated temperature-controlled transport contract logistics warehousing fresh food organic products ice cream<\/title>\n<meta name=\"description\" content=\"Company WILMS TKS from simple warehousing to sophisticated contract logistics - refrigerated temperature-controlled transport warehousing food organic products ice cream\" \/>\n<meta name=\"robots\" content=\"index, follow, max-snippet:-1, max-image-preview:large, max-video-preview:-1\" \/>\n<link rel=\"canonical\" href=\"https:\/\/www.wilms-tks.de\/en\/company\/\" \/>\n<meta property=\"og:locale\" content=\"en_US\" \/>\n<meta property=\"og:type\" content=\"article\" \/>\n<meta property=\"og:title\" content=\"Company WILMS TKS refrigerated temperature-controlled transport contract logistics warehousing fresh food organic products ice cream\" \/>\n<meta property=\"og:description\" content=\"Company WILMS TKS from simple warehousing to sophisticated contract logistics - refrigerated temperature-controlled transport warehousing food organic products ice cream\" \/>\n<meta property=\"og:url\" content=\"https:\/\/www.wilms-tks.de\/en\/company\/\" \/>\n<meta property=\"og:site_name\" content=\"WILMS Tiefk\u00fchl-Service\" \/>\n<meta property=\"article:modified_time\" content=\"2020-01-17T17:49:11+00:00\" \/>\n<meta name=\"twitter:card\" content=\"summary_large_image\" \/>\n<meta name=\"twitter:label1\" content=\"Est. reading time\" \/>\n\t<meta name=\"twitter:data1\" content=\"1 minute\" \/>\n<script type=\"application\/ld+json\" class=\"yoast-schema-graph\">{\"@context\":\"https:\/\/schema.org\",\"@graph\":[{\"@type\":\"WebPage\",\"@id\":\"https:\/\/www.wilms-tks.de\/en\/company\/\",\"url\":\"https:\/\/www.wilms-tks.de\/en\/company\/\",\"name\":\"Company WILMS TKS refrigerated temperature-controlled transport contract logistics warehousing fresh food organic products ice cream\",\"isPartOf\":{\"@id\":\"https:\/\/www.wilms-tks.de\/en\/#website\"},\"datePublished\":\"2019-12-18T13:26:31+00:00\",\"dateModified\":\"2020-01-17T17:49:11+00:00\",\"description\":\"Company WILMS TKS from simple warehousing to sophisticated contract logistics - refrigerated temperature-controlled transport warehousing food organic products ice cream\",\"breadcrumb\":{\"@id\":\"https:\/\/www.wilms-tks.de\/en\/company\/#breadcrumb\"},\"inLanguage\":\"en-US\",\"potentialAction\":[{\"@type\":\"ReadAction\",\"target\":[\"https:\/\/www.wilms-tks.de\/en\/company\/\"]}]},{\"@type\":\"BreadcrumbList\",\"@id\":\"https:\/\/www.wilms-tks.de\/en\/company\/#breadcrumb\",\"itemListElement\":[{\"@type\":\"ListItem\",\"position\":1,\"name\":\"Startseite\",\"item\":\"https:\/\/www.wilms-tks.de\/en\/\"},{\"@type\":\"ListItem\",\"position\":2,\"name\":\"Company\"}]},{\"@type\":\"WebSite\",\"@id\":\"https:\/\/www.wilms-tks.de\/en\/#website\",\"url\":\"https:\/\/www.wilms-tks.de\/en\/\",\"name\":\"WILMS Tiefk\u00fchl-Service\",\"description\":\"Tiefk\u00fchl, Tiefkuehl, kuehl, temperaturgef\u00fchrt, temperaturgefuehrt, TK-Gefl\u00fcgel, TK-Gefluegel, TK-Gem\u00fcse, TK-Gemuese, Kommissionierung, temperaturgef\u00fchrte Lebensmittel, Bioprodukte, Gro\u00dfhandel, Niederkr\u00fcchten, Viersen, Willich, WILMS Tiefk\u00fchl-Service, WILMS TKS\",\"publisher\":{\"@id\":\"https:\/\/www.wilms-tks.de\/en\/#organization\"},\"potentialAction\":[{\"@type\":\"SearchAction\",\"target\":{\"@type\":\"EntryPoint\",\"urlTemplate\":\"https:\/\/www.wilms-tks.de\/en\/?s={search_term_string}\"},\"query-input\":{\"@type\":\"PropertyValueSpecification\",\"valueRequired\":true,\"valueName\":\"search_term_string\"}}],\"inLanguage\":\"en-US\"},{\"@type\":\"Organization\",\"@id\":\"https:\/\/www.wilms-tks.de\/en\/#organization\",\"name\":\"WILMS Tiefk\u00fchl-Service GmbH\",\"url\":\"https:\/\/www.wilms-tks.de\/en\/\",\"logo\":{\"@type\":\"ImageObject\",\"inLanguage\":\"en-US\",\"@id\":\"https:\/\/www.wilms-tks.de\/en\/#\/schema\/logo\/image\/\",\"url\":\"https:\/\/www.wilms-tks.de\/wp-content\/uploads\/2019\/12\/Logo-RGB-ohne-Schrift_weiss.jpg\",\"contentUrl\":\"https:\/\/www.wilms-tks.de\/wp-content\/uploads\/2019\/12\/Logo-RGB-ohne-Schrift_weiss.jpg\",\"width\":334,\"height\":476,\"caption\":\"WILMS Tiefk\u00fchl-Service GmbH\"},\"image\":{\"@id\":\"https:\/\/www.wilms-tks.de\/en\/#\/schema\/logo\/image\/\"}}]}<\/script>\n<!-- \/ Yoast SEO plugin. -->","yoast_head_json":{"title":"Company WILMS TKS refrigerated temperature-controlled transport contract logistics warehousing fresh food organic products ice cream","description":"Company WILMS TKS from simple warehousing to sophisticated contract logistics - refrigerated temperature-controlled transport warehousing food organic products ice cream","robots":{"index":"index","follow":"follow","max-snippet":"max-snippet:-1","max-image-preview":"max-image-preview:large","max-video-preview":"max-video-preview:-1"},"canonical":"https:\/\/www.wilms-tks.de\/en\/company\/","og_locale":"en_US","og_type":"article","og_title":"Company WILMS TKS refrigerated temperature-controlled transport contract logistics warehousing fresh food organic products ice cream","og_description":"Company WILMS TKS from simple warehousing to sophisticated contract logistics - refrigerated temperature-controlled transport warehousing food organic products ice cream","og_url":"https:\/\/www.wilms-tks.de\/en\/company\/","og_site_name":"WILMS Tiefk\u00fchl-Service","article_modified_time":"2020-01-17T17:49:11+00:00","twitter_card":"summary_large_image","twitter_misc":{"Est. reading time":"1 minute"},"schema":{"@context":"https:\/\/schema.org","@graph":[{"@type":"WebPage","@id":"https:\/\/www.wilms-tks.de\/en\/company\/","url":"https:\/\/www.wilms-tks.de\/en\/company\/","name":"Company WILMS TKS refrigerated temperature-controlled transport contract logistics warehousing fresh food organic products ice cream","isPartOf":{"@id":"https:\/\/www.wilms-tks.de\/en\/#website"},"datePublished":"2019-12-18T13:26:31+00:00","dateModified":"2020-01-17T17:49:11+00:00","description":"Company WILMS TKS from simple warehousing to sophisticated contract logistics - refrigerated temperature-controlled transport warehousing food organic products ice cream","breadcrumb":{"@id":"https:\/\/www.wilms-tks.de\/en\/company\/#breadcrumb"},"inLanguage":"en-US","potentialAction":[{"@type":"ReadAction","target":["https:\/\/www.wilms-tks.de\/en\/company\/"]}]},{"@type":"BreadcrumbList","@id":"https:\/\/www.wilms-tks.de\/en\/company\/#breadcrumb","itemListElement":[{"@type":"ListItem","position":1,"name":"Startseite","item":"https:\/\/www.wilms-tks.de\/en\/"},{"@type":"ListItem","position":2,"name":"Company"}]},{"@type":"WebSite","@id":"https:\/\/www.wilms-tks.de\/en\/#website","url":"https:\/\/www.wilms-tks.de\/en\/","name":"WILMS Tiefk\u00fchl-Service","description":"Tiefk\u00fchl, Tiefkuehl, kuehl, temperaturgef\u00fchrt, temperaturgefuehrt, TK-Gefl\u00fcgel, TK-Gefluegel, TK-Gem\u00fcse, TK-Gemuese, Kommissionierung, temperaturgef\u00fchrte Lebensmittel, Bioprodukte, Gro\u00dfhandel, Niederkr\u00fcchten, Viersen, Willich, WILMS Tiefk\u00fchl-Service, WILMS TKS","publisher":{"@id":"https:\/\/www.wilms-tks.de\/en\/#organization"},"potentialAction":[{"@type":"SearchAction","target":{"@type":"EntryPoint","urlTemplate":"https:\/\/www.wilms-tks.de\/en\/?s={search_term_string}"},"query-input":{"@type":"PropertyValueSpecification","valueRequired":true,"valueName":"search_term_string"}}],"inLanguage":"en-US"},{"@type":"Organization","@id":"https:\/\/www.wilms-tks.de\/en\/#organization","name":"WILMS Tiefk\u00fchl-Service GmbH","url":"https:\/\/www.wilms-tks.de\/en\/","logo":{"@type":"ImageObject","inLanguage":"en-US","@id":"https:\/\/www.wilms-tks.de\/en\/#\/schema\/logo\/image\/","url":"https:\/\/www.wilms-tks.de\/wp-content\/uploads\/2019\/12\/Logo-RGB-ohne-Schrift_weiss.jpg","contentUrl":"https:\/\/www.wilms-tks.de\/wp-content\/uploads\/2019\/12\/Logo-RGB-ohne-Schrift_weiss.jpg","width":334,"height":476,"caption":"WILMS Tiefk\u00fchl-Service GmbH"},"image":{"@id":"https:\/\/www.wilms-tks.de\/en\/#\/schema\/logo\/image\/"}}]}},"_links":{"self":[{"href":"https:\/\/www.wilms-tks.de\/en\/wp-json\/wp\/v2\/pages\/22613","targetHints":{"allow":["GET"]}}],"collection":[{"href":"https:\/\/www.wilms-tks.de\/en\/wp-json\/wp\/v2\/pages"}],"about":[{"href":"https:\/\/www.wilms-tks.de\/en\/wp-json\/wp\/v2\/types\/page"}],"author":[{"embeddable":true,"href":"https:\/\/www.wilms-tks.de\/en\/wp-json\/wp\/v2\/users\/1"}],"replies":[{"embeddable":true,"href":"https:\/\/www.wilms-tks.de\/en\/wp-json\/wp\/v2\/comments?post=22613"}],"version-history":[{"count":0,"href":"https:\/\/www.wilms-tks.de\/en\/wp-json\/wp\/v2\/pages\/22613\/revisions"}],"wp:attachment":[{"href":"https:\/\/www.wilms-tks.de\/en\/wp-json\/wp\/v2\/media?parent=22613"}],"curies":[{"name":"wp","href":"https:\/\/api.w.org\/{rel}","templated":true}]}}