{"id":22611,"date":"2019-12-18T14:23:56","date_gmt":"2019-12-18T13:23:56","guid":{"rendered":"http:\/\/wordpress.wilms-tks.de\/home\/"},"modified":"2020-02-13T15:27:41","modified_gmt":"2020-02-13T14:27:41","slug":"home","status":"publish","type":"page","link":"https:\/\/www.wilms-tks.de\/en\/","title":{"rendered":"Home"},"content":{"rendered":"<div class=\"wpb-content-wrapper\"><p>[vc_row row_type=&#8221;row&#8221; use_row_as_full_screen_section=&#8221;no&#8221; type=&#8221;full_width&#8221; text_align=&#8221;left&#8221; background_animation=&#8221;none&#8221; css_animation=&#8221;&#8221; css=&#8221;.vc_custom_1576591410029{padding-top: 10px !important;padding-bottom: 60px !important;}&#8221;][vc_column][vc_column_text css=&#8221;.vc_custom_1581604053301{padding-top: 10px !important;}&#8221;]<\/p>\n<h1>Welcome to WILMS Tiefk\u00fchl-Service<\/h1>\n<p>As an experienced and innovative wholesale and logistics company, we offer our customers a variety of solutions for their daily logistics challenges. National and international logistics &#8211; but short distances and simple coordination processes with maximum reliability &#8211; digitally or personally.<\/p>\n<p>Whether high-quality branded articles or commercial articles from our retail division or logistical services from simple warehousing to sophisticated contract logistics. We adapt to your needs in all areas and are a reliable partner at your side &#8211; day after day, around the clock.<\/p>\n<p>Thanks for your interest. We look forward to developing suitable solutions for you. We are certain that with this range of services we can complement your business processes individually or tailor-made or take them over completely.<\/p>\n<p>Please do not hesitate to contact us. Our potential can be combined, varied and adjusted very flexibly to your company.<\/p>\n<p>Give us a short description of your ideas &#8211; by phone or e-mail, we will design your individual solution together with you.<\/p>\n<p>Every new path begins with a first step.<\/p>\n<p>Armin Feemers and Markus Wilms<\/p>\n<p>Managing partners[\/vc_column_text][vc_row_inner row_type=&#8221;row&#8221; type=&#8221;full_width&#8221; use_row_as_full_screen_section_slide=&#8221;no&#8221; text_align=&#8221;left&#8221; css_animation=&#8221;&#8221; css=&#8221;.vc_custom_1578310859823{padding-top: 60px !important;padding-bottom: 60px !important;}&#8221; el_class=&#8221;homeicons&#8221;][vc_column_inner width=&#8221;1\/3&#8243;]<div class='q_icon_with_title medium circle center'><div class=\"icon_holder q_icon_animation\" style=\" \"><div class=\"icon_holder_inner\"><span class=\"fa-stack fa-3x  custom-font\" style=\"color: #ffffff;\"><i class=\"icon_text_icon fa fa-sitemap fa-stack-1x\"><\/i><\/span><\/div><\/div><div class=\"icon_text_holder\" style=\"\"><div class=\"icon_text_inner\" style=\"\"><h2 class=\"icon_title\" style=\"color: #175188\">Trade &amp; wholesale<\/h2><p style=''>As a trading company founded in 1916, the trading division is a strong pillar of our portfolio. We have decades of experience in the food import and wholesale trade - especially in the specialized areas of frozen poultry. When building and expanding their segments, customers can count on our know-how in product development and benefit from long-term contacts with manufacturers. We are certified for the trade in organic food according to the EU organic regulation...<\/p><a class='icon_with_title_link' href='https:\/\/www.wilms-tks.de\/en\/trade\/' target='_self' style=''>more<\/a><\/div><\/div><\/div>[\/vc_column_inner][vc_column_inner width=&#8221;1\/3&#8243;]<div class='q_icon_with_title medium circle center'><div class=\"icon_holder q_icon_animation\" style=\" \"><div class=\"icon_holder_inner\"><span class=\"fa-stack fa-3x  custom-font\" style=\"color: #ffffff;background-color: #175188;\"><i class=\"icon_text_icon fa fa-tasks fa-stack-1x\"><\/i><\/span><\/div><\/div><div class=\"icon_text_holder\" style=\"\"><div class=\"icon_text_inner\" style=\"\"><h2 class=\"icon_title\" style=\"color: #175188\">IT &amp; Data<\/h2><p style=''>When our company was founded - a good 100 years ago - we would have dreamed of today's possibilities of the most modern IT. It goes without saying that today we pick voice-controlled with voice picking (since 2004) and send shipping notifications or invoices digitally with EDIFACT...<\/p><a class='icon_with_title_link' href='https:\/\/www.wilms-tks.de\/en\/logistics\/warehousing-logistics\/' target='_self' style=''>more<\/a><\/div><\/div><\/div>[\/vc_column_inner][vc_column_inner width=&#8221;1\/3&#8243;]<div class='q_icon_with_title medium circle center'><div class=\"icon_holder q_icon_animation\" style=\" \"><div class=\"icon_holder_inner\"><span class=\"fa-stack fa-3x  custom-font\" style=\"color: #ffffff;background-color: #175188;\"><i class=\"icon_text_icon fa fa-truck fa-stack-1x\"><\/i><\/span><\/div><\/div><div class=\"icon_text_holder\" style=\"\"><div class=\"icon_text_inner\" style=\"\"><h2 class=\"icon_title\" style=\"color: #175188\">Transportation<\/h2><p style=''>Nationwide you can see the trucks of our sister company WILMS Transport GmbH. Many of them have our distinctive polar bear logo. After constantly optimized delivery schedules, we reliably deliver frozen goods in particular to our goods recipients and customers...<\/p><a class='icon_with_title_link' href='https:\/\/www.wilms-tks.de\/en\/logistics\/transportation\/' target='_self' style=''>more<\/a><\/div><\/div><\/div>[\/vc_column_inner][\/vc_row_inner][vc_row_inner row_type=&#8221;row&#8221; type=&#8221;full_width&#8221; use_row_as_full_screen_section_slide=&#8221;no&#8221; text_align=&#8221;left&#8221; css_animation=&#8221;&#8221; el_class=&#8221;homeicons&#8221;][vc_column_inner width=&#8221;1\/3&#8243;]<div class='q_icon_with_title medium circle center'><div class=\"icon_holder q_icon_animation\" style=\" \"><div class=\"icon_holder_inner\"><span class=\"fa-stack fa-3x  custom-font\" style=\"color: #ffffff;background-color: #175188;\"><i class=\"icon_text_icon fa fa-file-o fa-stack-1x\"><\/i><\/span><\/div><\/div><div class=\"icon_text_holder\" style=\"\"><div class=\"icon_text_inner\" style=\"\"><h2 class=\"icon_title\" style=\"color: #175188\">Contract logistics<\/h2><p style=''>Our major customers - often group-run trading companies - are happy to entrust us with the logistical support of their food ranges. The most popular services in the field of contract logistics include procurement logistics, warehouse logistics and distribution logistics. As a logistics service provider, WILMS Tiefk\u00fchl-Service offers an integrated and innovative service package from storage and paperless picking to fine distribution throughout Germany ...<\/p><a class='icon_with_title_link' href='https:\/\/www.wilms-tks.de\/en\/logistics\/' target='_self' style=''>more<\/a><\/div><\/div><\/div>[\/vc_column_inner][vc_column_inner width=&#8221;1\/3&#8243;]<div class='q_icon_with_title medium circle center'><div class=\"icon_holder q_icon_animation\" style=\" \"><div class=\"icon_holder_inner\"><span class=\"fa-stack fa-3x  custom-font\" style=\"color: #ffffff;background-color: #175188;\"><i class=\"icon_text_icon fa fa-arrows fa-stack-1x\"><\/i><\/span><\/div><\/div><div class=\"icon_text_holder\" style=\"\"><div class=\"icon_text_inner\" style=\"\"><h2 class=\"icon_title\" style=\"color: #175188\">Warehousing logistics<\/h2><p style=''>Classic storage of your goods in the temperature ranges -24 \u00b0 C to + 18 \u00b0 C. On request with batches, lots, best before dates and quantity bookings. Shelf storage, block storage for large and small load carriers are available...<\/p><a class='icon_with_title_link' href='https:\/\/www.wilms-tks.de\/en\/logistics\/warehousing-logistics\/' target='_self' style=''>more<\/a><\/div><\/div><\/div>[\/vc_column_inner][vc_column_inner width=&#8221;1\/3&#8243;]<div class='q_icon_with_title medium circle center'><div class=\"icon_holder q_icon_animation\" style=\" \"><div class=\"icon_holder_inner\"><span class=\"fa-stack fa-3x  custom-font\" style=\"color: #ffffff;background-color: #175188;\"><i class=\"icon_text_icon fa fa-leaf fa-stack-1x\"><\/i><\/span><\/div><\/div><div class=\"icon_text_holder\" style=\"\"><div class=\"icon_text_inner\" style=\"\"><h2 class=\"icon_title\" style=\"color: #175188\">CO2 footprint<\/h2><p style=''>Long before the current climate discussion, we started by logistically bundling the assortments of numerous manufacturers and retailers. Mostly coordinated by the retail groups, but also increasingly interesting for manufacturers, we bundle this CO2 emissions to a considerable extent and protect the environment and the climate - also on behalf of our customers...<\/p><a class='icon_with_title_link' href='https:\/\/www.wilms-tks.de\/en\/logistics\/' target='_self' style=''>more<\/a><\/div><\/div><\/div>[\/vc_column_inner][\/vc_row_inner][\/vc_column][\/vc_row]<\/p>\n<\/div>","protected":false},"excerpt":{"rendered":"<p>[vc_row row_type=&#8221;row&#8221; use_row_as_full_screen_section=&#8221;no&#8221; type=&#8221;full_width&#8221; text_align=&#8221;left&#8221; background_animation=&#8221;none&#8221; css_animation=&#8221;&#8221; css=&#8221;.vc_custom_1576591410029{padding-top: 10px !important;padding-bottom: 60px !important;}&#8221;][vc_column][vc_column_text css=&#8221;.vc_custom_1581604053301{padding-top: 10px !important;}&#8221;] Welcome to WILMS Tiefk\u00fchl-Service As an experienced and innovative wholesale and logistics company, we offer our customers a variety of solutions for their daily logistics challenges. National and international logistics&#8230;<\/p>\n","protected":false},"author":1,"featured_media":0,"parent":0,"menu_order":0,"comment_status":"closed","ping_status":"closed","template":"","meta":{"footnotes":""},"class_list":["post-22611","page","type-page","status-publish","hentry"],"yoast_head":"<!-- This site is optimized with the Yoast SEO plugin v27.0 - https:\/\/yoast.com\/product\/yoast-seo-wordpress\/ -->\n<title>Home WILMS TKS refrigerated temperature-controlled transport contract logistics warehousing fresh food organic products ice cream<\/title>\n<meta name=\"description\" content=\"WILMS Tiefk\u00fchl-Service TKS from simple warehousing to sophisticated contract logistics - refrigerated transport warehousing food organic products ice cream\" \/>\n<meta name=\"robots\" content=\"index, follow, max-snippet:-1, max-image-preview:large, max-video-preview:-1\" \/>\n<link rel=\"canonical\" href=\"https:\/\/www.wilms-tks.de\/en\/\" \/>\n<meta property=\"og:locale\" content=\"en_US\" \/>\n<meta property=\"og:type\" content=\"article\" \/>\n<meta property=\"og:title\" content=\"Home WILMS TKS refrigerated temperature-controlled transport contract logistics warehousing fresh food organic products ice cream\" \/>\n<meta property=\"og:description\" content=\"WILMS Tiefk\u00fchl-Service TKS from simple warehousing to sophisticated contract logistics - refrigerated transport warehousing food organic products ice cream\" \/>\n<meta property=\"og:url\" content=\"https:\/\/www.wilms-tks.de\/en\/\" \/>\n<meta property=\"og:site_name\" content=\"WILMS Tiefk\u00fchl-Service\" \/>\n<meta property=\"article:modified_time\" content=\"2020-02-13T14:27:41+00:00\" \/>\n<meta name=\"twitter:card\" content=\"summary_large_image\" \/>\n<meta name=\"twitter:label1\" content=\"Est. reading time\" \/>\n\t<meta name=\"twitter:data1\" content=\"5 minutes\" \/>\n<script type=\"application\/ld+json\" class=\"yoast-schema-graph\">{\"@context\":\"https:\/\/schema.org\",\"@graph\":[{\"@type\":\"WebPage\",\"@id\":\"https:\/\/www.wilms-tks.de\/en\/\",\"url\":\"https:\/\/www.wilms-tks.de\/en\/\",\"name\":\"Home WILMS TKS refrigerated temperature-controlled transport contract logistics warehousing fresh food organic products ice cream\",\"isPartOf\":{\"@id\":\"https:\/\/www.wilms-tks.de\/en\/#website\"},\"datePublished\":\"2019-12-18T13:23:56+00:00\",\"dateModified\":\"2020-02-13T14:27:41+00:00\",\"description\":\"WILMS Tiefk\u00fchl-Service TKS from simple warehousing to sophisticated contract logistics - refrigerated transport warehousing food organic products ice cream\",\"breadcrumb\":{\"@id\":\"https:\/\/www.wilms-tks.de\/en\/#breadcrumb\"},\"inLanguage\":\"en-US\",\"potentialAction\":[{\"@type\":\"ReadAction\",\"target\":[\"https:\/\/www.wilms-tks.de\/en\/\"]}]},{\"@type\":\"BreadcrumbList\",\"@id\":\"https:\/\/www.wilms-tks.de\/en\/#breadcrumb\",\"itemListElement\":[{\"@type\":\"ListItem\",\"position\":1,\"name\":\"Startseite\",\"item\":\"https:\/\/www.wilms-tks.de\/en\/\"},{\"@type\":\"ListItem\",\"position\":2,\"name\":\"Home\"}]},{\"@type\":\"WebSite\",\"@id\":\"https:\/\/www.wilms-tks.de\/en\/#website\",\"url\":\"https:\/\/www.wilms-tks.de\/en\/\",\"name\":\"WILMS Tiefk\u00fchl-Service\",\"description\":\"Tiefk\u00fchl, Tiefkuehl, kuehl, temperaturgef\u00fchrt, temperaturgefuehrt, TK-Gefl\u00fcgel, TK-Gefluegel, TK-Gem\u00fcse, TK-Gemuese, Kommissionierung, temperaturgef\u00fchrte Lebensmittel, Bioprodukte, Gro\u00dfhandel, Niederkr\u00fcchten, Viersen, Willich, WILMS Tiefk\u00fchl-Service, WILMS TKS\",\"publisher\":{\"@id\":\"https:\/\/www.wilms-tks.de\/en\/#organization\"},\"potentialAction\":[{\"@type\":\"SearchAction\",\"target\":{\"@type\":\"EntryPoint\",\"urlTemplate\":\"https:\/\/www.wilms-tks.de\/en\/?s={search_term_string}\"},\"query-input\":{\"@type\":\"PropertyValueSpecification\",\"valueRequired\":true,\"valueName\":\"search_term_string\"}}],\"inLanguage\":\"en-US\"},{\"@type\":\"Organization\",\"@id\":\"https:\/\/www.wilms-tks.de\/en\/#organization\",\"name\":\"WILMS Tiefk\u00fchl-Service GmbH\",\"url\":\"https:\/\/www.wilms-tks.de\/en\/\",\"logo\":{\"@type\":\"ImageObject\",\"inLanguage\":\"en-US\",\"@id\":\"https:\/\/www.wilms-tks.de\/en\/#\/schema\/logo\/image\/\",\"url\":\"https:\/\/www.wilms-tks.de\/wp-content\/uploads\/2019\/12\/Logo-RGB-ohne-Schrift_weiss.jpg\",\"contentUrl\":\"https:\/\/www.wilms-tks.de\/wp-content\/uploads\/2019\/12\/Logo-RGB-ohne-Schrift_weiss.jpg\",\"width\":334,\"height\":476,\"caption\":\"WILMS Tiefk\u00fchl-Service GmbH\"},\"image\":{\"@id\":\"https:\/\/www.wilms-tks.de\/en\/#\/schema\/logo\/image\/\"}}]}<\/script>\n<!-- \/ Yoast SEO plugin. -->","yoast_head_json":{"title":"Home WILMS TKS refrigerated temperature-controlled transport contract logistics warehousing fresh food organic products ice cream","description":"WILMS Tiefk\u00fchl-Service TKS from simple warehousing to sophisticated contract logistics - refrigerated transport warehousing food organic products ice cream","robots":{"index":"index","follow":"follow","max-snippet":"max-snippet:-1","max-image-preview":"max-image-preview:large","max-video-preview":"max-video-preview:-1"},"canonical":"https:\/\/www.wilms-tks.de\/en\/","og_locale":"en_US","og_type":"article","og_title":"Home WILMS TKS refrigerated temperature-controlled transport contract logistics warehousing fresh food organic products ice cream","og_description":"WILMS Tiefk\u00fchl-Service TKS from simple warehousing to sophisticated contract logistics - refrigerated transport warehousing food organic products ice cream","og_url":"https:\/\/www.wilms-tks.de\/en\/","og_site_name":"WILMS Tiefk\u00fchl-Service","article_modified_time":"2020-02-13T14:27:41+00:00","twitter_card":"summary_large_image","twitter_misc":{"Est. reading time":"5 minutes"},"schema":{"@context":"https:\/\/schema.org","@graph":[{"@type":"WebPage","@id":"https:\/\/www.wilms-tks.de\/en\/","url":"https:\/\/www.wilms-tks.de\/en\/","name":"Home WILMS TKS refrigerated temperature-controlled transport contract logistics warehousing fresh food organic products ice cream","isPartOf":{"@id":"https:\/\/www.wilms-tks.de\/en\/#website"},"datePublished":"2019-12-18T13:23:56+00:00","dateModified":"2020-02-13T14:27:41+00:00","description":"WILMS Tiefk\u00fchl-Service TKS from simple warehousing to sophisticated contract logistics - refrigerated transport warehousing food organic products ice cream","breadcrumb":{"@id":"https:\/\/www.wilms-tks.de\/en\/#breadcrumb"},"inLanguage":"en-US","potentialAction":[{"@type":"ReadAction","target":["https:\/\/www.wilms-tks.de\/en\/"]}]},{"@type":"BreadcrumbList","@id":"https:\/\/www.wilms-tks.de\/en\/#breadcrumb","itemListElement":[{"@type":"ListItem","position":1,"name":"Startseite","item":"https:\/\/www.wilms-tks.de\/en\/"},{"@type":"ListItem","position":2,"name":"Home"}]},{"@type":"WebSite","@id":"https:\/\/www.wilms-tks.de\/en\/#website","url":"https:\/\/www.wilms-tks.de\/en\/","name":"WILMS Tiefk\u00fchl-Service","description":"Tiefk\u00fchl, Tiefkuehl, kuehl, temperaturgef\u00fchrt, temperaturgefuehrt, TK-Gefl\u00fcgel, TK-Gefluegel, TK-Gem\u00fcse, TK-Gemuese, Kommissionierung, temperaturgef\u00fchrte Lebensmittel, Bioprodukte, Gro\u00dfhandel, Niederkr\u00fcchten, Viersen, Willich, WILMS Tiefk\u00fchl-Service, WILMS TKS","publisher":{"@id":"https:\/\/www.wilms-tks.de\/en\/#organization"},"potentialAction":[{"@type":"SearchAction","target":{"@type":"EntryPoint","urlTemplate":"https:\/\/www.wilms-tks.de\/en\/?s={search_term_string}"},"query-input":{"@type":"PropertyValueSpecification","valueRequired":true,"valueName":"search_term_string"}}],"inLanguage":"en-US"},{"@type":"Organization","@id":"https:\/\/www.wilms-tks.de\/en\/#organization","name":"WILMS Tiefk\u00fchl-Service GmbH","url":"https:\/\/www.wilms-tks.de\/en\/","logo":{"@type":"ImageObject","inLanguage":"en-US","@id":"https:\/\/www.wilms-tks.de\/en\/#\/schema\/logo\/image\/","url":"https:\/\/www.wilms-tks.de\/wp-content\/uploads\/2019\/12\/Logo-RGB-ohne-Schrift_weiss.jpg","contentUrl":"https:\/\/www.wilms-tks.de\/wp-content\/uploads\/2019\/12\/Logo-RGB-ohne-Schrift_weiss.jpg","width":334,"height":476,"caption":"WILMS Tiefk\u00fchl-Service GmbH"},"image":{"@id":"https:\/\/www.wilms-tks.de\/en\/#\/schema\/logo\/image\/"}}]}},"_links":{"self":[{"href":"https:\/\/www.wilms-tks.de\/en\/wp-json\/wp\/v2\/pages\/22611","targetHints":{"allow":["GET"]}}],"collection":[{"href":"https:\/\/www.wilms-tks.de\/en\/wp-json\/wp\/v2\/pages"}],"about":[{"href":"https:\/\/www.wilms-tks.de\/en\/wp-json\/wp\/v2\/types\/page"}],"author":[{"embeddable":true,"href":"https:\/\/www.wilms-tks.de\/en\/wp-json\/wp\/v2\/users\/1"}],"replies":[{"embeddable":true,"href":"https:\/\/www.wilms-tks.de\/en\/wp-json\/wp\/v2\/comments?post=22611"}],"version-history":[{"count":0,"href":"https:\/\/www.wilms-tks.de\/en\/wp-json\/wp\/v2\/pages\/22611\/revisions"}],"wp:attachment":[{"href":"https:\/\/www.wilms-tks.de\/en\/wp-json\/wp\/v2\/media?parent=22611"}],"curies":[{"name":"wp","href":"https:\/\/api.w.org\/{rel}","templated":true}]}}